{"id":3764,"date":"2015-03-18T01:59:54","date_gmt":"2015-03-18T00:59:54","guid":{"rendered":"http:\/\/klubmamgdynia.pl\/index.php\/produkt\/cybex-mios-3-0-petticoat-by-jeremy-scott-spacerowy\/"},"modified":"2026-04-24T23:34:57","modified_gmt":"2026-04-24T21:34:57","slug":"cybex-mios-3-0-petticoat-by-jeremy-scott-spacerowy","status":"publish","type":"product","link":"http:\/\/klubmamgdynia.pl\/index.php\/produkt\/cybex-mios-3-0-petticoat-by-jeremy-scott-spacerowy\/","title":{"rendered":"Cybex Mios 3.0 Petticoat By Jeremy Scott Spacerowy"},"content":{"rendered":"<p>Odkryj now\u0105 ods\u0142on\u0119 w\u00f3zka Cybex MIOS 3.0, kt\u00f3ry spe\u0142nia najwy\u017csze standardy designu, bezpiecze\u0144stwa i funkcjonalno\u015bci.<\/p>\n<h2>Cybex Mios 3.0 Petticoat By Jeremy Scott Spacerowy Cybex<\/h2>\n<p>kalendarz adwentowy diy z rolek, opis rodzina, zagadki matematyczne, oliwier, kolorowanka spiderman, felix net i nika oraz gang niewidzialnych ludzi pytania i odpowiedzi, klockownia wroc\u0142aw, zagadki dla 7 latka<\/p>\n<p>yyyyy<\/p>\n<p>&nbsp;<\/p>\n","protected":false},"excerpt":{"rendered":"<p>Odkryj now\u0105 ods\u0142on\u0119 w\u00f3zka Cybex MIOS 3.0, kt\u00f3ry spe\u0142nia najwy\u017csze standardy designu, bezpiecze\u0144stwa i funkcjonalno\u015bci. Cybex Mios 3.0 Petticoat By Jeremy Scott Spacerowy Cybex kalendarz adwentowy diy z rolek, opis rodzina, zagadki matematyczne, oliwier, kolorowanka spiderman, felix net i nika oraz gang niewidzialnych ludzi pytania i odpowiedzi, klockownia wroc\u0142aw, zagadki dla 7 latka yyyyy &nbsp;<\/p>\n","protected":false},"featured_media":3765,"comment_status":"closed","ping_status":"open","template":"","meta":[],"product_cat":[34,71],"product_tag":[765,829,831,722,854],"class_list":["post-3764","product","type-product","status-publish","has-post-thumbnail","hentry","product_cat-cybex","product_cat-wozki-spacerowe","product_tag-atrakcje-dla-dzieci-warszawa","product_tag-bajki-do-czytania-na-dobranoc","product_tag-bruno","product_tag-cytaty-o-przyjazni","product_tag-cytaty-rodzina"],"_links":{"self":[{"href":"http:\/\/klubmamgdynia.pl\/index.php\/wp-json\/wp\/v2\/product\/3764","targetHints":{"allow":["GET"]}}],"collection":[{"href":"http:\/\/klubmamgdynia.pl\/index.php\/wp-json\/wp\/v2\/product"}],"about":[{"href":"http:\/\/klubmamgdynia.pl\/index.php\/wp-json\/wp\/v2\/types\/product"}],"replies":[{"embeddable":true,"href":"http:\/\/klubmamgdynia.pl\/index.php\/wp-json\/wp\/v2\/comments?post=3764"}],"wp:featuredmedia":[{"embeddable":true,"href":"http:\/\/klubmamgdynia.pl\/index.php\/wp-json\/wp\/v2\/media\/3765"}],"wp:attachment":[{"href":"http:\/\/klubmamgdynia.pl\/index.php\/wp-json\/wp\/v2\/media?parent=3764"}],"wp:term":[{"taxonomy":"product_cat","embeddable":true,"href":"http:\/\/klubmamgdynia.pl\/index.php\/wp-json\/wp\/v2\/product_cat?post=3764"},{"taxonomy":"product_tag","embeddable":true,"href":"http:\/\/klubmamgdynia.pl\/index.php\/wp-json\/wp\/v2\/product_tag?post=3764"}],"curies":[{"name":"wp","href":"https:\/\/api.w.org\/{rel}","templated":true}]}}