{"id":3768,"date":"2022-05-20T16:43:44","date_gmt":"2022-05-20T14:43:44","guid":{"rendered":"http:\/\/klubmamgdynia.pl\/index.php\/produkt\/madej-obciazniki-na-nadgarstki-i-kostki-2x1kg-neopren\/"},"modified":"2026-04-17T09:19:03","modified_gmt":"2026-04-17T07:19:03","slug":"madej-obciazniki-na-nadgarstki-i-kostki-2x1kg-neopren","status":"publish","type":"product","link":"http:\/\/klubmamgdynia.pl\/index.php\/produkt\/madej-obciazniki-na-nadgarstki-i-kostki-2x1kg-neopren\/","title":{"rendered":"Madej Obci\u0105\u017cniki Na Nadgarstki I Kostki 2X1kg Neopren"},"content":{"rendered":"<p>Obci\u0105\u017cniki na nadgarstki i kostki kierujemy zar\u00f3wno do amator\u00f3w pr\u00f3buj\u0105cych swych si\u0142 w fitnessie czy crossficie, jak i do profesjonalist\u00f3w oczekuj\u0105cych od trening\u00f3w jeszcze wi\u0119kszego wycisku.<\/p>\n<h2>Madej Obci\u0105\u017cniki Na Nadgarstki I Kostki 2X1kg Neopren Madej<\/h2>\n<p>bajki dla niemowl\u0105t do czytania, zagadki dla rodziny, zagadki dla dzieci do druku, pytania logiczne, atrakcje wroc\u0142aw i okolice, film rodzinny o \u015bwi\u0119tach, wiktor, ignacy znaczenie imienia, list do gwiazdora, kanapki halloween, kolorowanki do druku pokemon, esmeralda, wydarzenia dla dzieci warszawa, quiz o flagach europy, kuku\u0142eczka kuka tekst<\/p>\n<p>yyyyy<\/p>\n<p>&nbsp;<\/p>\n","protected":false},"excerpt":{"rendered":"<p>Obci\u0105\u017cniki na nadgarstki i kostki kierujemy zar\u00f3wno do amator\u00f3w pr\u00f3buj\u0105cych swych si\u0142 w fitnessie czy crossficie, jak i do profesjonalist\u00f3w oczekuj\u0105cych od trening\u00f3w jeszcze wi\u0119kszego wycisku. Madej Obci\u0105\u017cniki Na Nadgarstki I Kostki 2X1kg Neopren Madej bajki dla niemowl\u0105t do czytania, zagadki dla rodziny, zagadki dla dzieci do druku, pytania logiczne, atrakcje wroc\u0142aw i okolice, film [&hellip;]<\/p>\n","protected":false},"featured_media":3769,"comment_status":"closed","ping_status":"open","template":"","meta":[],"product_cat":[70,1118],"product_tag":[676,584,785,735,811],"class_list":["post-3768","product","type-product","status-publish","has-post-thumbnail","hentry","product_cat-madej","product_cat-pozostaly-sprzet-silowy-i-fitness","product_tag-bursztynek","product_tag-liwia","product_tag-prezent-dla-nastolatkow","product_tag-prezent-na-roczek-dziewczynka","product_tag-zagadki-logiczne-dla-dzieci"],"_links":{"self":[{"href":"http:\/\/klubmamgdynia.pl\/index.php\/wp-json\/wp\/v2\/product\/3768","targetHints":{"allow":["GET"]}}],"collection":[{"href":"http:\/\/klubmamgdynia.pl\/index.php\/wp-json\/wp\/v2\/product"}],"about":[{"href":"http:\/\/klubmamgdynia.pl\/index.php\/wp-json\/wp\/v2\/types\/product"}],"replies":[{"embeddable":true,"href":"http:\/\/klubmamgdynia.pl\/index.php\/wp-json\/wp\/v2\/comments?post=3768"}],"wp:featuredmedia":[{"embeddable":true,"href":"http:\/\/klubmamgdynia.pl\/index.php\/wp-json\/wp\/v2\/media\/3769"}],"wp:attachment":[{"href":"http:\/\/klubmamgdynia.pl\/index.php\/wp-json\/wp\/v2\/media?parent=3768"}],"wp:term":[{"taxonomy":"product_cat","embeddable":true,"href":"http:\/\/klubmamgdynia.pl\/index.php\/wp-json\/wp\/v2\/product_cat?post=3768"},{"taxonomy":"product_tag","embeddable":true,"href":"http:\/\/klubmamgdynia.pl\/index.php\/wp-json\/wp\/v2\/product_tag?post=3768"}],"curies":[{"name":"wp","href":"https:\/\/api.w.org\/{rel}","templated":true}]}}