{"id":377,"date":"2024-03-27T15:19:44","date_gmt":"2024-03-27T14:19:44","guid":{"rendered":"http:\/\/klubmamgdynia.pl\/index.php\/produkt\/jellystone-design-balonowy-sorter-pastelowy\/"},"modified":"2026-04-20T11:59:37","modified_gmt":"2026-04-20T09:59:37","slug":"jellystone-design-balonowy-sorter-pastelowy","status":"publish","type":"product","link":"http:\/\/klubmamgdynia.pl\/index.php\/produkt\/jellystone-design-balonowy-sorter-pastelowy\/","title":{"rendered":"JELLYSTONE DESIGN BALONOWY SORTER PASTELOWY"},"content":{"rendered":"<p>Balonowy sorter &#8211; Pastelowy &#8211; Jellystone Design Ten sympatyczny s\u0142onik chyba zgubi\u0142 swoje baloniki!? Trzeba mu pom\u00f3c. Zach\u0119\u0107 swojego Maluszka do wsp\u00f3lnej zabawy. Niech dopasuje baloniki kolorami. Przy okazji mo\u017cesz je nazywa\u0107 by dziecko stopniowo nauczy\u0142o si\u0119 je rozpoznawa\u0107. Ale zaraz, zaraz! Co te\u017c tam wida\u0107 na tych balonikach? Jakie\u015b tajemnicze tropy! Odkryjcie z dzieckiem do jakich zwierz\u0105t nale\u017c\u0105. Dla u\u0142atwienia malec mo\u017ce odciska\u0107 je w ciastolinie. Dla wygody podczas manipulowania do\u015b\u0107 ma\u0142ymi jak dla dziecka elementami ka\u017cdy wyposa\u017cony zosta\u0142 w por\u0119czny chwyt. Pozwoli on bardzo dok\u0142adnie i z bliska przyjrze\u0107 si\u0119 balonikom a p\u00f3\u017aniej umie\u015bci\u0107 je we w\u0142a\u015bciwym miejscu. Po sko\u0144czonej zabawie, kolorowe silikonowe elementy mo\u017cesz umy\u0107 w ciep\u0142ej wodzie i nie martwi\u0107 si\u0119 zarazkami czy resztkami masy plastycznej. W\u0142a\u015bciwo\u015bci produktu: sorter; zabawka edukacyjna dla najm\u0142odszych; dziecko dopasowuje kolorowe silikonowe elementy\/baloniki do w\u0142a\u015bciwych kolor\u00f3w na planszy; nietuzinkowy wz\u00f3r; \u201ebaloniki\u201d s\u0105 r\u00f3wnie\u017c \u201estemplami\u201d; na ka\u017cdym znajduj\u0105 si\u0119 tropy r\u00f3\u017cnych zwierz\u0105tek; mo\u017cna je dotyka\u0107, ogl\u0105da\u0107 lub odciska\u0107 np. w ciastolinie; ka\u017cdy silikonowy \u201ebaloniki\u201d posiada wygodny uchwyt u\u0142atwiaj\u0105cy dziecku zabaw\u0119; silikonowymi elementami mo\u017cna bawi\u0107 si\u0119 w wodzie; dziecko mo\u017ce u\u017cywa\u0107 ich jak gryzaka; urozmaicona faktura stymuluje zmys\u0142 dotyku i wzroku; zabawka pozwala dziecku \u0107wiczy\u0107 koordynacj\u0119 oko-r\u0119ka, precyzj\u0119 ruchu, spostrzegawczo\u015b\u0107, cierpliwo\u015b\u0107; zabawka pomaga w nauce kolor\u00f3w; elementy mo\u017cna wykorzysta\u0107 do nauki liczenia; produkt jest bezpieczny; trwa\u0142y; przyjemny w dotyku; idealny pomys\u0142 na prezent dla ma\u0142ego dziecka; Silikonowe baloniki mo\u017cna czy\u015bci\u0107 w sterylizatorze, w zmywarce lub umy\u0107 w ciep\u0142ej wodzie z dodatkiem detergentu. Drewnian\u0105 podstawk\u0119 mo\u017cna przetrze\u0107 wilgotn\u0105 \u015bciereczk\u0105. Parametry techniczne: wiek: 9 miesi\u0119cy + w opakowaniu: 1 podstawka z wg\u0142\u0119bieniami, 7 silikonowych element\u00f3w; materia\u0142: 100% nietoksyczny silikon; bez BPA, bez ftalan\u00f3w, bez PVC, bez kadmu i o\u0142owiu; wymiary: sorter 21&#215;26 cm, pojedynczy element: \u015br. 5cm.<\/p>\n<h2>JELLYSTONE DESIGN BALONOWY SORTER PASTELOWY Jellystone Designs<\/h2>\n<p>gad\u017cety dla nastolatek, zagadki o bajkach, kolorowanka dla dziewczynki, niespotykane imiona \u017ce\u0144skie, prezenty dla nastolatkow, cytat o przyja\u017ani, mitologia test, quiz o polsce dla dzieci<\/p>\n<p>yyyyy<\/p>\n<p>&nbsp;<\/p>\n","protected":false},"excerpt":{"rendered":"<p>Balonowy sorter &#8211; Pastelowy &#8211; Jellystone Design Ten sympatyczny s\u0142onik chyba zgubi\u0142 swoje baloniki!? Trzeba mu pom\u00f3c. Zach\u0119\u0107 swojego Maluszka do wsp\u00f3lnej zabawy. Niech dopasuje baloniki kolorami. Przy okazji mo\u017cesz je nazywa\u0107 by dziecko stopniowo nauczy\u0142o si\u0119 je rozpoznawa\u0107. Ale zaraz, zaraz! Co te\u017c tam wida\u0107 na tych balonikach? Jakie\u015b tajemnicze tropy! Odkryjcie z dzieckiem [&hellip;]<\/p>\n","protected":false},"featured_media":378,"comment_status":"closed","ping_status":"open","template":"","meta":[],"product_cat":[159,61],"product_tag":[777,832,769,698,724],"class_list":["post-377","product","type-product","status-publish","has-post-thumbnail","hentry","product_cat-jellystone-designs","product_cat-zabawki-edukacyjne-dla-niemowlat","product_tag-co-na-roczek","product_tag-desery-dla-dzieci","product_tag-psi-patrol-do-czytania","product_tag-zagadki-dla-przedszkolakow","product_tag-zagadki-podchwytliwe"],"_links":{"self":[{"href":"http:\/\/klubmamgdynia.pl\/index.php\/wp-json\/wp\/v2\/product\/377","targetHints":{"allow":["GET"]}}],"collection":[{"href":"http:\/\/klubmamgdynia.pl\/index.php\/wp-json\/wp\/v2\/product"}],"about":[{"href":"http:\/\/klubmamgdynia.pl\/index.php\/wp-json\/wp\/v2\/types\/product"}],"replies":[{"embeddable":true,"href":"http:\/\/klubmamgdynia.pl\/index.php\/wp-json\/wp\/v2\/comments?post=377"}],"wp:featuredmedia":[{"embeddable":true,"href":"http:\/\/klubmamgdynia.pl\/index.php\/wp-json\/wp\/v2\/media\/378"}],"wp:attachment":[{"href":"http:\/\/klubmamgdynia.pl\/index.php\/wp-json\/wp\/v2\/media?parent=377"}],"wp:term":[{"taxonomy":"product_cat","embeddable":true,"href":"http:\/\/klubmamgdynia.pl\/index.php\/wp-json\/wp\/v2\/product_cat?post=377"},{"taxonomy":"product_tag","embeddable":true,"href":"http:\/\/klubmamgdynia.pl\/index.php\/wp-json\/wp\/v2\/product_tag?post=377"}],"curies":[{"name":"wp","href":"https:\/\/api.w.org\/{rel}","templated":true}]}}