{"id":3770,"date":"2018-03-08T19:45:41","date_gmt":"2018-03-08T18:45:41","guid":{"rendered":"http:\/\/klubmamgdynia.pl\/index.php\/produkt\/cybex-e-priam-4-0-ekeltryczny-plus-stardust-black-spacerowy\/"},"modified":"2026-04-23T07:45:33","modified_gmt":"2026-04-23T05:45:33","slug":"cybex-e-priam-4-0-ekeltryczny-plus-stardust-black-spacerowy","status":"publish","type":"product","link":"http:\/\/klubmamgdynia.pl\/index.php\/produkt\/cybex-e-priam-4-0-ekeltryczny-plus-stardust-black-spacerowy\/","title":{"rendered":"Cybex e-Priam 4.0 Ekeltryczny PLUS Stardust Black spacerowy"},"content":{"rendered":"<p>Cybex e-Priam 4.0 &#8211; elektryczny w\u00f3zek spacerowyKolor\/wz\u00f3r: PLUS Stardust BlackCybex e-Priam 4.0 to najnowocze\u015bniejsza technologia konstruowania w\u00f3zk\u00f3w dla dzieci. e-Priam inteligentnie pomaga w opiece nad niemowlakiem. Do w\u00f3zka przeznaczona jest specjalna aplikacja, kt\u00f3ra pozwala kontrolowa\u0107 stan na\u0142adowania baterii oraz posiada funkcj\u0119 bujania dziecka. W\u00f3zek sam b\u0119dzie ko\u0142ysa\u0142 Twoje dziecko, a Ty mo\u017cesz si\u0119 zrelaksowa\u0107.e-Priam to klasa sama w sobie. Ponadczasowa stylistyka, zaskakuj\u0105ca funkcjonalno\u015b\u0107 i poczucie bezpiecze\u0144stwa to tylko niekt\u00f3re z cech, jakie wyr\u00f3\u017cniaj\u0105 w\u00f3zek e-Priam z t\u0142a konkurencji. Wraz z now\u0105 generacj\u0105 e-Priam dostosowuje si\u0119 do wsp\u00f3\u0142czesnych wyzwa\u0144. Nowa wersja w\u00f3zka posiada automatyczne doci\u0105ganie pas\u00f3w bezpiecze\u0144stwa, podobnie jak w fotelikach samochodowych. To niezwykle szybka opcja zapinania dziecka.Cybex wzi\u0105\u0142 sobie do serca motto Pa\u0144stwa Eames &#8222;Detal to nie detal. Detale tworz\u0105 projekt.&#8221;W zestawie:rama (stala\u017c z ko\u0142ami oraz baza siedziska),Seat Pack (tapicerka)adaptery do fotelik\u00f3w samochodowych,folia przeciwdeszczowa.bateria\u0142adowarkaCechy charakterystyczneNowoczesna technologiaDo w\u00f3zka e-Priam 4.0 dedykowana jest bezp\u0142atna aplikacja, kt\u00f3ra pozwala utrzyma\u0107 pod kontrol\u0105 stan na\u0142adowania baterii. Poza tym mo\u017cesz aktywowa\u0107 funkcj\u0119 ko\u0142ysania, kontrolowa\u0107 poziom wsparcia silnik\u00f3w elektrycznych oraz sprawdza\u0107 oprogramowanie.Elektroniczne wsparcie w ka\u017cdym terenieTrudny teren, nier\u00f3wno\u015bci, mi\u0119kkie pod\u0142o\u017ce czy zwyczajna g\u00f3rka zwykle stanowi\u0142y wyzwanie dla rodzic\u00f3w a zw\u0142aszcza dla delikatnych kobiet. e-Priam to w\u00f3zek, kt\u00f3ry wsp\u00f3\u0142pracuje z Tob\u0105 w ka\u017cdej chwili kiedy tylko go prowadzisz. Czujniki sensoryczne umieszczone w r\u0105czce w\u00f3zka sprawiaj\u0105, \u017ce gdy tylko w\u0142\u0105czysz zasilanie, po dotkni\u0119ciu r\u0105czki w\u00f3zek rusza, wyr\u0119czaj\u0105c Ci\u0119 z u\u017cywania nadmiaru si\u0142y.Aluminiowa konstrukcja sk\u0142adana jedn\u0105 r\u0119k\u0105Innowacyjny system \u0142atwego sk\u0142adania jedn\u0105 r\u0119k\u0105 wraz z siedziskiem spacerowym. W modelu Priam 4.0 tren system zosta\u0142 jeszcze bardziej dopracowany i udoskonalony. Z\u0142o\u017cenie konstrukcji jest bajecznie proste i szybkie. \u0141atwy w obs\u0142udze system dwuetapowego sk\u0142adania: do samodzielnie stoj\u0105cego w\u00f3zka lub ca\u0142kowicie na p\u0142asko.Du\u017ca budka XXLWyj\u0105tkowo du\u017ca, dodatkowo powi\u0119kszana budka przeciws\u0142oneczna e-Priam 4.0 to pe\u0142ne zabezpieczenie przeciws\u0142oneczne na poziomie UPF 50+, oraz doskona\u0142a ochrona przed wiatrem i deszczem.Siedzisko montowane przodem lub ty\u0142em do kierunku jazdyPrzemy\u015blana, doskonale zaprojektowana konstrukcja umo\u017cliwia monta\u017c siedziska przodem lub ty\u0142em do kierunku jazdy. Sami decydujecie czy wsp\u00f3lnie podziwiacie widoki, czy macie ze sob\u0105 lepszy kontakt.Regulacja pochylenia oparciaRozk\u0142adane na p\u0142asko &#8211; jedn\u0105 r\u0119k\u0105 &#8211; siedzisko, zmienia si\u0119 podczas spaceru w przytulne i wygodne miejsce na drzemk\u0119. Przy u\u017cyciu jednej r\u0119ki szybko i \u0142atwo dostosujesz w\u00f3zek do Waszych potrzeb i upodoba\u0144. Regulowany podn\u00f3\u017cek daje doskona\u0142e podparcie dla n\u00f3\u017cek mniejszego dziecka.Regulowany podn\u00f3\u017cekPodn\u00f3\u017cek w wersji 4.0 posiada inny kszta\u0142t ale te\u017c nie ma konieczno\u015bci nak\u0142adania na niego tkaniny, jak w poprzedniej wersji w\u00f3zka e-Priam 2.0.Regulowana wysoko\u015b\u0107 r\u0105czkiW\u00f3zek e-Priam 4.0 posiada teleskopow\u0105 regulacj\u0119 wysoko\u015bci r\u0105czki. Bez wzgl\u0119du na sw\u00f3j wzrost doskonale dopasujesz go do siebie.Innowacyjny system zapinania pas\u00f3w bezpiecze\u0144stwae-Priam 4.0 pragnie jak najbardziej u\u0142atwi\u0107 i uprzyjemni\u0107 rodzinom korzystanie z codziennych spacer\u00f3w. Nowy e-Priam zosta\u0142 wyposa\u017cony w system regulacji 5 punktowych pas\u00f3w za pomoc\u0105 jednego poci\u0105gni\u0119cia. System ten bardzo mocno przypomina zaci\u0105ganie pas\u00f3w w fotelikach samochodowych. Jest \u0142atwo, bezpiecznie i nowocze\u015bnie.Uchwyt na kubekW e-Priamie 4.0 inaczej umieszczono uchwyt na kubek. Znajduje si\u0119 nieco wy\u017cej, dzi\u0119ki czemu dost\u0119p do niego jest \u0142atwiejszy.Siedzisko na wysoko\u015bci sto\u0142uWysoko\u015b\u0107 siedziska e-Priam 4.0 dopasowana jest do standardowej wysoko\u015bci sto\u0142u (80 cm) &#8211; doskonale sprawdzi si\u0119 w roli krzese\u0142ka do karmienia podczas ka\u017cdego spaceru czy podr\u00f3\u017cy.Pojemny kosz zakupowyObszerny i \u0142atwo dost\u0119pny, zmie\u015bci wszystko czego potrzebujecie podczas spaceru, lub wszystkie skarby kt\u00f3re ze spaceru b\u0119dziecie chcieli przywie\u017a\u0107.Kosz mo\u017cna \u0142atwo z\u0142o\u017cy\u0107 kiedy go nie potrzebujemy. \u0141adowno\u015b\u0107 do 5 kg.Tryb dwuko\u0142owy na ka\u017cdy terenTryb dwuko\u0142owy w\u00f3zka e-Priam 4.0 umo\u017cliwia jazd\u0119 po nier\u00f3wnej, wyboistej nawierzchni.Pla\u017ca, schody czy brukowana alejka to dla e-Priam 4.0 \u017caden problem!Doskona\u0142a amortyzacja na wszystkie ko\u0142aDoskona\u0142a amortyzacja sprawia, \u017ce w\u00f3zek prowadzi si\u0119 lekko i przyjemnie nawet w trudnych warunkach. Du\u017ce, bezobs\u0142ugowe ko\u0142a nadaj\u0105 si\u0119 na ka\u017cd\u0105 powierzchni\u0119. Przednie ko\u0142a posiadaj\u0105 funkcj\u0119 obrotu 360 stopni z mo\u017cliwo\u015bci\u0105 zablokowania do jazdy na wprost.SpecyfikacjaWaga i wymiary spacer\u00f3wki:W\u00f3zek roz\u0142o\u017conyd\u0142ugo\u015b\u0107:93,5 cmszeroko\u015b\u0107:60 cm,wysoko\u015b\u0107:100-109 cmw\u00f3zek po z\u0142o\u017ceniud\u0142ugo\u015b\u0107:84 cmszeroko\u015b\u0107:60 cm,wysoko\u015b\u0107:31,5 cmWaga w\u00f3zka z siedziskiem spacerowym:15,5 kgFilm<\/p>\n<h2>Cybex e-Priam 4.0 Ekeltryczny PLUS Stardust Black spacerowy Cybex<\/h2>\n<p>cytaty motywacyjne dla dzieci, prezent dla m\u0142odzie\u017cy, bajka o dinozaurach do czytania, klockownia wroc\u0142aw, kornelia, kolorowanki zwierz\u0119ta, maska karnawa\u0142owa pdf, pokemon kolorowanka, tekst ko\u0142ysanki<\/p>\n<p>yyyyy<\/p>\n<p>&nbsp;<\/p>\n","protected":false},"excerpt":{"rendered":"<p>Cybex e-Priam 4.0 &#8211; elektryczny w\u00f3zek spacerowyKolor\/wz\u00f3r: PLUS Stardust BlackCybex e-Priam 4.0 to najnowocze\u015bniejsza technologia konstruowania w\u00f3zk\u00f3w dla dzieci. e-Priam inteligentnie pomaga w opiece nad niemowlakiem. Do w\u00f3zka przeznaczona jest specjalna aplikacja, kt\u00f3ra pozwala kontrolowa\u0107 stan na\u0142adowania baterii oraz posiada funkcj\u0119 bujania dziecka. W\u00f3zek sam b\u0119dzie ko\u0142ysa\u0142 Twoje dziecko, a Ty mo\u017cesz si\u0119 zrelaksowa\u0107.e-Priam to [&hellip;]<\/p>\n","protected":false},"featured_media":3771,"comment_status":"closed","ping_status":"open","template":"","meta":[],"product_cat":[34,71],"product_tag":[603,867,821,855],"class_list":["post-3770","product","type-product","status-publish","has-post-thumbnail","hentry","product_cat-cybex","product_cat-wozki-spacerowe","product_tag-bajki-do-czytania","product_tag-kolorowanki-dla-dziewczynek","product_tag-marianna","product_tag-nietypowe-imiona-zenskie"],"_links":{"self":[{"href":"http:\/\/klubmamgdynia.pl\/index.php\/wp-json\/wp\/v2\/product\/3770","targetHints":{"allow":["GET"]}}],"collection":[{"href":"http:\/\/klubmamgdynia.pl\/index.php\/wp-json\/wp\/v2\/product"}],"about":[{"href":"http:\/\/klubmamgdynia.pl\/index.php\/wp-json\/wp\/v2\/types\/product"}],"replies":[{"embeddable":true,"href":"http:\/\/klubmamgdynia.pl\/index.php\/wp-json\/wp\/v2\/comments?post=3770"}],"wp:featuredmedia":[{"embeddable":true,"href":"http:\/\/klubmamgdynia.pl\/index.php\/wp-json\/wp\/v2\/media\/3771"}],"wp:attachment":[{"href":"http:\/\/klubmamgdynia.pl\/index.php\/wp-json\/wp\/v2\/media?parent=3770"}],"wp:term":[{"taxonomy":"product_cat","embeddable":true,"href":"http:\/\/klubmamgdynia.pl\/index.php\/wp-json\/wp\/v2\/product_cat?post=3770"},{"taxonomy":"product_tag","embeddable":true,"href":"http:\/\/klubmamgdynia.pl\/index.php\/wp-json\/wp\/v2\/product_tag?post=3770"}],"curies":[{"name":"wp","href":"https:\/\/api.w.org\/{rel}","templated":true}]}}