{"id":3772,"date":"2018-05-09T21:49:12","date_gmt":"2018-05-09T19:49:12","guid":{"rendered":"http:\/\/klubmamgdynia.pl\/index.php\/produkt\/summer-baby-wozek-spacerowy-virage-ocieplacz\/"},"modified":"2026-04-04T01:29:18","modified_gmt":"2026-04-03T23:29:18","slug":"summer-baby-wozek-spacerowy-virage-ocieplacz","status":"publish","type":"product","link":"http:\/\/klubmamgdynia.pl\/index.php\/produkt\/summer-baby-wozek-spacerowy-virage-ocieplacz\/","title":{"rendered":"Summer Baby W\u00f3zek Spacerowy Virage Ocieplacz"},"content":{"rendered":"<p>W\u00f3zek spacerowy Summer Baby model &#8211; Virage.W\u00f3zek przeznaczony jest dla dzieci o maksymalnej wadze 15 kg.Pokrowiec mo\u017cna pra\u0107 w pralce, maksymalna temperatura 40 stopni.Przy r\u0105czce dla rodzica znajduje si\u0119 tacka z miejscem na butelk\u0119 oraz zamykany schowek.Tacka dla dziecka z miejscem na butelk\u0119.Regulowany podn\u00f3\u017cek.Tylne ko\u0142a z hamulcem linkowym.\u0141atwy monta\u017c i demonta\u017c k\u00f3\u0142.Pi\u0119ciopunktowe pasy bezpiecze\u0144stwa.Pe\u0142ny \/ g\u0142\u0119boki daszek chroni dziecko przed wiatrem i s\u0142o\u0144cem.Pokrowiec wykonany z materia\u0142u typu len.Ko\u0142a prz\u00f3d 18 cm.Ko\u0142a ty\u0142 25 cm.Bezd\u0119tkowe opony, ko\u0142a poliuretanowe.Przednie ko\u0142a z mo\u017cliwo\u015bci\u0105 blokady do jazdy na wprost.Blokada przed niezamierzonym z\u0142o\u017ceniem w\u00f3zka.\u0141atwy system sk\u0142adania i rozk\u0142adania w\u00f3zka ( atutem w\u00f3zka po z\u0142o\u017ceniu jest niewielka ilo\u015b\u0107 zajmowanego miejsca w baga\u017cniku ).Regulowane oparcie za pomoc\u0105 mechanizmu (r\u0105czki ) , mo\u017cliwo\u015b\u0107 po\u0142o\u017cenia a\u017c do pozycji le\u017c\u0105cej.Du\u017cy obszerny kosz pod w\u00f3zkiem.DOST\u0118PNE KOLORY W\u00d3ZKA VIRAGE:BE\u017bOWYCZARNYPO DOKONANIU ZAKUPU PROSZ\u0118 WYBRA\u0106 KOLOR W\u00d3ZKA W CELU REALIZACJI ZAM\u00d3WIENIA.Regulowane oparcie.Bardzo du\u017ca regulacja daszku.Pokrowiec na n\u00f3\u017cki.Przy r\u0105czce znajduj\u0105 si\u0119 dwa miejsca na kubek i schowek na drobiazgi.Tacka z miejscem na kubki oraz pojemny kosz pod w\u00f3zkiem.Przednie ko\u0142a z blokad\u0105 do jazdy na wprost.Tylny hamulec linkowy.Otwierane okienko do obserwacji dziecka, pi\u0119ciopunktowe pasy bezpiecze\u0144stwa.<\/p>\n<h2>Summer Baby W\u00f3zek Spacerowy Virage Ocieplacz Summer Baby<\/h2>\n<p>bajki do czytania online, list do sw mikolaja, kotki do druku, kolorowanka harry potter, linda<\/p>\n<p>yyyyy<\/p>\n<p>&nbsp;<\/p>\n","protected":false},"excerpt":{"rendered":"<p>W\u00f3zek spacerowy Summer Baby model &#8211; Virage.W\u00f3zek przeznaczony jest dla dzieci o maksymalnej wadze 15 kg.Pokrowiec mo\u017cna pra\u0107 w pralce, maksymalna temperatura 40 stopni.Przy r\u0105czce dla rodzica znajduje si\u0119 tacka z miejscem na butelk\u0119 oraz zamykany schowek.Tacka dla dziecka z miejscem na butelk\u0119.Regulowany podn\u00f3\u017cek.Tylne ko\u0142a z hamulcem linkowym.\u0141atwy monta\u017c i demonta\u017c k\u00f3\u0142.Pi\u0119ciopunktowe pasy bezpiecze\u0144stwa.Pe\u0142ny \/ [&hellip;]<\/p>\n","protected":false},"featured_media":3773,"comment_status":"closed","ping_status":"open","template":"","meta":[],"product_cat":[486,71],"product_tag":[702,782,724],"class_list":["post-3772","product","type-product","status-publish","has-post-thumbnail","hentry","product_cat-summer-baby","product_cat-wozki-spacerowe","product_tag-co-kupic-na-roczek-dla-dziewczynki","product_tag-zagadki-dla-dzieci-z-odpowiedziami","product_tag-zagadki-podchwytliwe"],"_links":{"self":[{"href":"http:\/\/klubmamgdynia.pl\/index.php\/wp-json\/wp\/v2\/product\/3772","targetHints":{"allow":["GET"]}}],"collection":[{"href":"http:\/\/klubmamgdynia.pl\/index.php\/wp-json\/wp\/v2\/product"}],"about":[{"href":"http:\/\/klubmamgdynia.pl\/index.php\/wp-json\/wp\/v2\/types\/product"}],"replies":[{"embeddable":true,"href":"http:\/\/klubmamgdynia.pl\/index.php\/wp-json\/wp\/v2\/comments?post=3772"}],"wp:featuredmedia":[{"embeddable":true,"href":"http:\/\/klubmamgdynia.pl\/index.php\/wp-json\/wp\/v2\/media\/3773"}],"wp:attachment":[{"href":"http:\/\/klubmamgdynia.pl\/index.php\/wp-json\/wp\/v2\/media?parent=3772"}],"wp:term":[{"taxonomy":"product_cat","embeddable":true,"href":"http:\/\/klubmamgdynia.pl\/index.php\/wp-json\/wp\/v2\/product_cat?post=3772"},{"taxonomy":"product_tag","embeddable":true,"href":"http:\/\/klubmamgdynia.pl\/index.php\/wp-json\/wp\/v2\/product_tag?post=3772"}],"curies":[{"name":"wp","href":"https:\/\/api.w.org\/{rel}","templated":true}]}}