{"id":3774,"date":"2015-11-09T23:23:25","date_gmt":"2015-11-09T22:23:25","guid":{"rendered":"http:\/\/klubmamgdynia.pl\/index.php\/produkt\/uppababy-cruz-2-stella-spacerowy\/"},"modified":"2026-04-05T19:04:44","modified_gmt":"2026-04-05T17:04:44","slug":"uppababy-cruz-2-stella-spacerowy","status":"publish","type":"product","link":"http:\/\/klubmamgdynia.pl\/index.php\/produkt\/uppababy-cruz-2-stella-spacerowy\/","title":{"rendered":"Uppababy Cruz 2 Stella Spacerowy"},"content":{"rendered":"<p>UPPAbaby Cruz 2 W\u00f3zek spacerowy Stella<\/p>\n<h2>Uppababy Cruz 2 Stella Spacerowy Uppababy<\/h2>\n<p>miasto dzieci krak\u00f3w, iwo imie, jak narysowa\u0107 \u017cab\u0119, mia, obrazki do druku, zagadka nie do rozwi\u0105zania, imi\u0119 leon, ciekawe zagadki, co kupi\u0107 na roczek dla dziewczynki, kolorowanki my little pony, zagadki logiczne i odpowiedzi, quizy o koniach, pomysl na prezent na roczek, bezwarunkowa mi\u0142o\u015b\u0107 do dziecka cytaty, traktory do druku<\/p>\n<p>yyyyy<\/p>\n<p>&nbsp;<\/p>\n","protected":false},"excerpt":{"rendered":"<p>UPPAbaby Cruz 2 W\u00f3zek spacerowy Stella Uppababy Cruz 2 Stella Spacerowy Uppababy miasto dzieci krak\u00f3w, iwo imie, jak narysowa\u0107 \u017cab\u0119, mia, obrazki do druku, zagadka nie do rozwi\u0105zania, imi\u0119 leon, ciekawe zagadki, co kupi\u0107 na roczek dla dziewczynki, kolorowanki my little pony, zagadki logiczne i odpowiedzi, quizy o koniach, pomysl na prezent na roczek, bezwarunkowa [&hellip;]<\/p>\n","protected":false},"featured_media":3775,"comment_status":"closed","ping_status":"open","template":"","meta":[],"product_cat":[1119,71],"product_tag":[825,660,758,697,711],"class_list":["post-3774","product","type-product","status-publish","has-post-thumbnail","hentry","product_cat-uppababy","product_cat-wozki-spacerowe","product_tag-bajka-na-dobranoc-do-czytania","product_tag-bianka","product_tag-julian","product_tag-krotkie-bajki-do-czytania","product_tag-prezenty-dla-nastolatkow"],"_links":{"self":[{"href":"http:\/\/klubmamgdynia.pl\/index.php\/wp-json\/wp\/v2\/product\/3774","targetHints":{"allow":["GET"]}}],"collection":[{"href":"http:\/\/klubmamgdynia.pl\/index.php\/wp-json\/wp\/v2\/product"}],"about":[{"href":"http:\/\/klubmamgdynia.pl\/index.php\/wp-json\/wp\/v2\/types\/product"}],"replies":[{"embeddable":true,"href":"http:\/\/klubmamgdynia.pl\/index.php\/wp-json\/wp\/v2\/comments?post=3774"}],"wp:featuredmedia":[{"embeddable":true,"href":"http:\/\/klubmamgdynia.pl\/index.php\/wp-json\/wp\/v2\/media\/3775"}],"wp:attachment":[{"href":"http:\/\/klubmamgdynia.pl\/index.php\/wp-json\/wp\/v2\/media?parent=3774"}],"wp:term":[{"taxonomy":"product_cat","embeddable":true,"href":"http:\/\/klubmamgdynia.pl\/index.php\/wp-json\/wp\/v2\/product_cat?post=3774"},{"taxonomy":"product_tag","embeddable":true,"href":"http:\/\/klubmamgdynia.pl\/index.php\/wp-json\/wp\/v2\/product_tag?post=3774"}],"curies":[{"name":"wp","href":"https:\/\/api.w.org\/{rel}","templated":true}]}}