{"id":3776,"date":"2013-10-27T03:24:28","date_gmt":"2013-10-27T02:24:28","guid":{"rendered":"http:\/\/klubmamgdynia.pl\/index.php\/produkt\/petitemars-lozeczko-turystyczne-koot-lion-yellow\/"},"modified":"2026-04-12T16:37:00","modified_gmt":"2026-04-12T14:37:00","slug":"petitemars-lozeczko-turystyczne-koot-lion-yellow","status":"publish","type":"product","link":"http:\/\/klubmamgdynia.pl\/index.php\/produkt\/petitemars-lozeczko-turystyczne-koot-lion-yellow\/","title":{"rendered":"Petite&amp;Mars \u0141\u00f3\u017ceczko Turystyczne Koot Lion Yellow"},"content":{"rendered":"<p>\u0141\u00f3\u017cko turystyczne Petite &amp; Mars Koot o wymiarach 120\u00d760 cm, nadaje si\u0119 do podr\u00f3\u017cowania z dzie\u0107mi. Stabilna konstrukcja jest skomponowana w prosty spos\u00f3b, \u0142\u00f3\u017cko wyposa\u017cono w mi\u0119kki materac, 2 k\u00f3\u0142ka u\u0142atwiaj\u0105ce obs\u0142ug\u0119 oraz boczny zamek b\u0142yskawiczny dla wygodniejszego u\u017cytkowania.<\/p>\n<h2>Petite&amp;Mars \u0141\u00f3\u017ceczko Turystyczne Koot Lion Yellow Petite&amp;Mars<\/h2>\n<p>sara, atrakcje dla dzieci tr\u00f3jmiasto, bajki do czytania psi patrol, zaproszenie na urodziny dziecka tekst do druku<\/p>\n<p>yyyyy<\/p>\n<p>&nbsp;<\/p>\n","protected":false},"excerpt":{"rendered":"<p>\u0141\u00f3\u017cko turystyczne Petite &amp; Mars Koot o wymiarach 120\u00d760 cm, nadaje si\u0119 do podr\u00f3\u017cowania z dzie\u0107mi. Stabilna konstrukcja jest skomponowana w prosty spos\u00f3b, \u0142\u00f3\u017cko wyposa\u017cono w mi\u0119kki materac, 2 k\u00f3\u0142ka u\u0142atwiaj\u0105ce obs\u0142ug\u0119 oraz boczny zamek b\u0142yskawiczny dla wygodniejszego u\u017cytkowania. Petite&amp;Mars \u0141\u00f3\u017ceczko Turystyczne Koot Lion Yellow Petite&amp;Mars sara, atrakcje dla dzieci tr\u00f3jmiasto, bajki do czytania psi [&hellip;]<\/p>\n","protected":false},"featured_media":3777,"comment_status":"closed","ping_status":"open","template":"","meta":[],"product_cat":[935,1111],"product_tag":[658,851,850,588],"class_list":["post-3776","product","type-product","status-publish","has-post-thumbnail","hentry","product_cat-lozeczka-dzieciece","product_cat-petitemars","product_tag-alan-znaczenie-imienia","product_tag-jak-narysowac-kota","product_tag-wroclaw-atrakcje-dla-dzieci","product_tag-wzruszajace-slowa-dla-przyjaciela"],"_links":{"self":[{"href":"http:\/\/klubmamgdynia.pl\/index.php\/wp-json\/wp\/v2\/product\/3776","targetHints":{"allow":["GET"]}}],"collection":[{"href":"http:\/\/klubmamgdynia.pl\/index.php\/wp-json\/wp\/v2\/product"}],"about":[{"href":"http:\/\/klubmamgdynia.pl\/index.php\/wp-json\/wp\/v2\/types\/product"}],"replies":[{"embeddable":true,"href":"http:\/\/klubmamgdynia.pl\/index.php\/wp-json\/wp\/v2\/comments?post=3776"}],"wp:featuredmedia":[{"embeddable":true,"href":"http:\/\/klubmamgdynia.pl\/index.php\/wp-json\/wp\/v2\/media\/3777"}],"wp:attachment":[{"href":"http:\/\/klubmamgdynia.pl\/index.php\/wp-json\/wp\/v2\/media?parent=3776"}],"wp:term":[{"taxonomy":"product_cat","embeddable":true,"href":"http:\/\/klubmamgdynia.pl\/index.php\/wp-json\/wp\/v2\/product_cat?post=3776"},{"taxonomy":"product_tag","embeddable":true,"href":"http:\/\/klubmamgdynia.pl\/index.php\/wp-json\/wp\/v2\/product_tag?post=3776"}],"curies":[{"name":"wp","href":"https:\/\/api.w.org\/{rel}","templated":true}]}}