{"id":3782,"date":"2013-02-09T14:07:42","date_gmt":"2013-02-09T13:07:42","guid":{"rendered":"http:\/\/klubmamgdynia.pl\/index.php\/produkt\/bo-jungle-sterylizator-do-butelek-do-mikrofalowki-b500400\/"},"modified":"2026-04-05T15:26:49","modified_gmt":"2026-04-05T13:26:49","slug":"bo-jungle-sterylizator-do-butelek-do-mikrofalowki-b500400","status":"publish","type":"product","link":"http:\/\/klubmamgdynia.pl\/index.php\/produkt\/bo-jungle-sterylizator-do-butelek-do-mikrofalowki-b500400\/","title":{"rendered":"Bo Jungle Sterylizator Do Butelek (Do Mikrofal\u00f3wki) (b500400)"},"content":{"rendered":"<p>Dzi\u0119ki temu parowemu sterylizatorowi wystarczy teraz tylko raz dziennie podda\u0107 wygodnej sterylizacji wszystkie butelki Twojego dziecka. Sterylizator Bo Jungle posiada miejsce dla 4-6 butelek, a dzi\u0119ki specjalnemu ruchomemu adapterowi butelki i smoczki b\u0119d\u0105 zawsze w pionowej pozycji. Nale\u017cy umie\u015bci\u0107 czyste butelki, smoczki, pier\u015bcienie itp. na adapterze\/stela\u017cu do butelek wewn\u0105trz sterylizatora, nala\u0107 200 ml wody do podstawy, nast\u0119pnie umie\u015bci\u0107 sterylizator w kuchence mikrofalowej przez 5 minut mi\u0119dzy 850-1000 W lub 8 min pomi\u0119dzy 500-800 W.Aby unikn\u0105\u0107 poparzenia, nale\u017cy odczeka\u0107 do ostygni\u0119cia sterylizatora przed otwarciem i u\u017cy\u0107 szczypc\u00f3w do usuwania butelek i akcesori\u00f3w.Wielofunkcyjny stojak gimnastyczny 6w1, centrum zabaw z muzyk\u0105, edukacyjnystolik \u2013 gwarancja \u015bwietnej zabawy! BO JUNGLEEAN:  1703735004006<\/p>\n<h2>Bo Jungle Sterylizator Do Butelek (Do Mikrofal\u00f3wki) (b500400) Bo Jungle<\/h2>\n<p>kolorowanki antystresowe, zabawka na roczek dla dziewczynki, wycinanki dla dzieci do druku, piosenki dla dzieci tekst, eneduerabe, kolorowanki pieski, basen warszawa, aurora imi\u0119, gad\u017cety dla nastolatk\u00f3w 2021, prezent dla 7 latka na urodziny, quiz o samochodach, ma\u0142y ksi\u0105\u017c\u0119 sprawdzian, izabela imie, tupu tup po \u015bniegu tekst, by\u0142 sobie kr\u00f3l, platformy edukacyjne, kawa\u0142y na prima aprilis dla rodzic\u00f3w, mia imie<\/p>\n<p>yyyyy<\/p>\n<p>&nbsp;<\/p>\n","protected":false},"excerpt":{"rendered":"<p>Dzi\u0119ki temu parowemu sterylizatorowi wystarczy teraz tylko raz dziennie podda\u0107 wygodnej sterylizacji wszystkie butelki Twojego dziecka. Sterylizator Bo Jungle posiada miejsce dla 4-6 butelek, a dzi\u0119ki specjalnemu ruchomemu adapterowi butelki i smoczki b\u0119d\u0105 zawsze w pionowej pozycji. Nale\u017cy umie\u015bci\u0107 czyste butelki, smoczki, pier\u015bcienie itp. na adapterze\/stela\u017cu do butelek wewn\u0105trz sterylizatora, nala\u0107 200 ml wody do [&hellip;]<\/p>\n","protected":false},"featured_media":3783,"comment_status":"closed","ping_status":"open","template":"","meta":[],"product_cat":[1120,1017],"product_tag":[817,593,731,735],"class_list":["post-3782","product","type-product","status-publish","has-post-thumbnail","hentry","product_cat-bo-jungle","product_cat-pozostale-akcesoria-do-karmienia-dzieci","product_tag-bajka-terapeutyczna-o-emocjach","product_tag-jak-narysowac-konia","product_tag-maly-ksiaze-cytaty","product_tag-prezent-na-roczek-dziewczynka"],"_links":{"self":[{"href":"http:\/\/klubmamgdynia.pl\/index.php\/wp-json\/wp\/v2\/product\/3782","targetHints":{"allow":["GET"]}}],"collection":[{"href":"http:\/\/klubmamgdynia.pl\/index.php\/wp-json\/wp\/v2\/product"}],"about":[{"href":"http:\/\/klubmamgdynia.pl\/index.php\/wp-json\/wp\/v2\/types\/product"}],"replies":[{"embeddable":true,"href":"http:\/\/klubmamgdynia.pl\/index.php\/wp-json\/wp\/v2\/comments?post=3782"}],"wp:featuredmedia":[{"embeddable":true,"href":"http:\/\/klubmamgdynia.pl\/index.php\/wp-json\/wp\/v2\/media\/3783"}],"wp:attachment":[{"href":"http:\/\/klubmamgdynia.pl\/index.php\/wp-json\/wp\/v2\/media?parent=3782"}],"wp:term":[{"taxonomy":"product_cat","embeddable":true,"href":"http:\/\/klubmamgdynia.pl\/index.php\/wp-json\/wp\/v2\/product_cat?post=3782"},{"taxonomy":"product_tag","embeddable":true,"href":"http:\/\/klubmamgdynia.pl\/index.php\/wp-json\/wp\/v2\/product_tag?post=3782"}],"curies":[{"name":"wp","href":"https:\/\/api.w.org\/{rel}","templated":true}]}}