{"id":3784,"date":"2014-11-02T20:45:39","date_gmt":"2014-11-02T19:45:39","guid":{"rendered":"http:\/\/klubmamgdynia.pl\/index.php\/produkt\/petitemars-memory-piankowa-wkladka-do-wozka-rose\/"},"modified":"2026-04-30T03:10:35","modified_gmt":"2026-04-30T01:10:35","slug":"petitemars-memory-piankowa-wkladka-do-wozka-rose","status":"publish","type":"product","link":"http:\/\/klubmamgdynia.pl\/index.php\/produkt\/petitemars-memory-piankowa-wkladka-do-wozka-rose\/","title":{"rendered":"Petite&amp;Mars Memory Piankowa Wk\u0142adka Do W\u00f3zka Rose"},"content":{"rendered":"<p>Petite&amp;Mars Memory &#8211; wk\u0142adka piankowa do w\u00f3zkaKolor\/wz\u00f3r: RosePetite&amp;Mars Memory to wk\u0142adka piankowa, kt\u00f3ra dzi\u0119ki swej g\u0119stej strukturze pozwoli zminimalizowa\u0107 wstrz\u0105sy podczas jazdy po nier\u00f3wno\u015bciach. Pianka jest wyj\u0105tkowo komfortowa, dopasuje si\u0119 do kszta\u0142tu cia\u0142a dziecka i stworzy mu idealne warunki do ka\u017cdej w\u0119dr\u00f3wki. Wk\u0142adka mo\u017ce by\u0107 u\u017cywana zawsze, bez wzgl\u0119du na panuj\u0105c\u0105 pogod\u0119. Komfort i idealne dopasowanie to g\u0142\u00f3wny atuty produktu, kolejnym z nich mo\u017ce by\u0107 fakt, \u017ce wk\u0142adka wyst\u0119puje w wielu wersjach &#8211; dzi\u0119ki temu mo\u017cemy nada\u0107 troch\u0119 koloru naszej spacer\u00f3wce i sprawi\u0107, \u017ce b\u0119dzie odznacza\u0107 si\u0119 na tle reszty.<\/p>\n<h2>Petite&amp;Mars Memory Piankowa Wk\u0142adka Do W\u00f3zka Rose Petite&amp;Mars<\/h2>\n<p>test z lektury opowie\u015bci z narnii lew czarownica i stara szafa, roza imie, jesienne piosenki dla dzieci, cytaty o nauczycielach, w zieleni \u0142\u0105ka majowa tekst, myszka miki kolorowanka, wierszyki na \u015bmigus dyngus, prezent dla 15 latki 2021, filmy disneya, dzieci cytaty, maski dla dzieci do druku<\/p>\n<p>yyyyy<\/p>\n<p>&nbsp;<\/p>\n","protected":false},"excerpt":{"rendered":"<p>Petite&amp;Mars Memory &#8211; wk\u0142adka piankowa do w\u00f3zkaKolor\/wz\u00f3r: RosePetite&amp;Mars Memory to wk\u0142adka piankowa, kt\u00f3ra dzi\u0119ki swej g\u0119stej strukturze pozwoli zminimalizowa\u0107 wstrz\u0105sy podczas jazdy po nier\u00f3wno\u015bciach. Pianka jest wyj\u0105tkowo komfortowa, dopasuje si\u0119 do kszta\u0142tu cia\u0142a dziecka i stworzy mu idealne warunki do ka\u017cdej w\u0119dr\u00f3wki. Wk\u0142adka mo\u017ce by\u0107 u\u017cywana zawsze, bez wzgl\u0119du na panuj\u0105c\u0105 pogod\u0119. Komfort i idealne [&hellip;]<\/p>\n","protected":false},"featured_media":3785,"comment_status":"closed","ping_status":"open","template":"","meta":[],"product_cat":[127,1111],"product_tag":[711,587,782,849],"class_list":["post-3784","product","type-product","status-publish","has-post-thumbnail","hentry","product_cat-akcesoria-do-wozkow","product_cat-petitemars","product_tag-prezenty-dla-nastolatkow","product_tag-skalne-miasto","product_tag-zagadki-dla-dzieci-z-odpowiedziami","product_tag-zagadki-matematyczne-dla-dzieci"],"_links":{"self":[{"href":"http:\/\/klubmamgdynia.pl\/index.php\/wp-json\/wp\/v2\/product\/3784","targetHints":{"allow":["GET"]}}],"collection":[{"href":"http:\/\/klubmamgdynia.pl\/index.php\/wp-json\/wp\/v2\/product"}],"about":[{"href":"http:\/\/klubmamgdynia.pl\/index.php\/wp-json\/wp\/v2\/types\/product"}],"replies":[{"embeddable":true,"href":"http:\/\/klubmamgdynia.pl\/index.php\/wp-json\/wp\/v2\/comments?post=3784"}],"wp:featuredmedia":[{"embeddable":true,"href":"http:\/\/klubmamgdynia.pl\/index.php\/wp-json\/wp\/v2\/media\/3785"}],"wp:attachment":[{"href":"http:\/\/klubmamgdynia.pl\/index.php\/wp-json\/wp\/v2\/media?parent=3784"}],"wp:term":[{"taxonomy":"product_cat","embeddable":true,"href":"http:\/\/klubmamgdynia.pl\/index.php\/wp-json\/wp\/v2\/product_cat?post=3784"},{"taxonomy":"product_tag","embeddable":true,"href":"http:\/\/klubmamgdynia.pl\/index.php\/wp-json\/wp\/v2\/product_tag?post=3784"}],"curies":[{"name":"wp","href":"https:\/\/api.w.org\/{rel}","templated":true}]}}