{"id":3790,"date":"2024-03-29T16:38:21","date_gmt":"2024-03-29T15:38:21","guid":{"rendered":"http:\/\/klubmamgdynia.pl\/?post_type=product&#038;p=3790"},"modified":"2026-04-26T14:00:36","modified_gmt":"2026-04-26T12:00:36","slug":"coto-baby-loca-turquoise-spacerowy","status":"publish","type":"product","link":"http:\/\/klubmamgdynia.pl\/index.php\/produkt\/coto-baby-loca-turquoise-spacerowy\/","title":{"rendered":"Coto Baby Loca Turquoise Spacerowy"},"content":{"rendered":"<p>Coto Baby W\u00f3zek Spacerowy Loca Turquoise<\/p>\n<h2>Coto Baby Loca Turquoise Spacerowy CoTo Baby<\/h2>\n<p>rysunki do druku, jak narysowa\u0107 konia, najlepsze \u017carty na prima aprilis, janusz, trudne zagadki dla doros\u0142ych, kolorowanka star wars, kot rysunek dla dzieci, prezent na pierwsze urodziny, atrakcje dla dzieci warszawa i okolice, okolice wroc\u0142awia, dzie\u0144 dziecka dla nastolatk\u00f3w, zagadki dla dziewczyny, wobies, malowanie past\u0105 do z\u0119b\u00f3w, \u017carty na prima aprilis dla rodzic\u00f3w, ci\u0119\u017ckie zagadki, ry\u017c z owocami, trudne zagadki na inteligencj\u0119, rzadkie imiona japo\u0144skie, nastolatka<\/p>\n<p>yyyyy<\/p>\n<p>&nbsp;<\/p>\n","protected":false},"excerpt":{"rendered":"<p>Coto Baby W\u00f3zek Spacerowy Loca Turquoise Coto Baby Loca Turquoise Spacerowy CoTo Baby rysunki do druku, jak narysowa\u0107 konia, najlepsze \u017carty na prima aprilis, janusz, trudne zagadki dla doros\u0142ych, kolorowanka star wars, kot rysunek dla dzieci, prezent na pierwsze urodziny, atrakcje dla dzieci warszawa i okolice, okolice wroc\u0142awia, dzie\u0144 dziecka dla nastolatk\u00f3w, zagadki dla dziewczyny, [&hellip;]<\/p>\n","protected":false},"featured_media":3791,"comment_status":"closed","ping_status":"open","template":"","meta":[],"product_cat":[1121,71],"product_tag":[728,792,789,684,704,682,661],"class_list":["post-3790","product","type-product","status-publish","has-post-thumbnail","hentry","product_cat-coto-baby","product_cat-wozki-spacerowe","product_tag-bezwarunkowa-milosc-do-dziecka-cytaty","product_tag-cytaty-o-mamie","product_tag-kaczuszka","product_tag-prezent-dla-dziewczynki-na-roczek","product_tag-prezent-dla-nastolatka","product_tag-przyjazn-cytaty","product_tag-swinka-peppa-kolorowanka"],"_links":{"self":[{"href":"http:\/\/klubmamgdynia.pl\/index.php\/wp-json\/wp\/v2\/product\/3790","targetHints":{"allow":["GET"]}}],"collection":[{"href":"http:\/\/klubmamgdynia.pl\/index.php\/wp-json\/wp\/v2\/product"}],"about":[{"href":"http:\/\/klubmamgdynia.pl\/index.php\/wp-json\/wp\/v2\/types\/product"}],"replies":[{"embeddable":true,"href":"http:\/\/klubmamgdynia.pl\/index.php\/wp-json\/wp\/v2\/comments?post=3790"}],"wp:featuredmedia":[{"embeddable":true,"href":"http:\/\/klubmamgdynia.pl\/index.php\/wp-json\/wp\/v2\/media\/3791"}],"wp:attachment":[{"href":"http:\/\/klubmamgdynia.pl\/index.php\/wp-json\/wp\/v2\/media?parent=3790"}],"wp:term":[{"taxonomy":"product_cat","embeddable":true,"href":"http:\/\/klubmamgdynia.pl\/index.php\/wp-json\/wp\/v2\/product_cat?post=3790"},{"taxonomy":"product_tag","embeddable":true,"href":"http:\/\/klubmamgdynia.pl\/index.php\/wp-json\/wp\/v2\/product_tag?post=3790"}],"curies":[{"name":"wp","href":"https:\/\/api.w.org\/{rel}","templated":true}]}}