{"id":3792,"date":"2019-01-14T00:17:50","date_gmt":"2019-01-13T23:17:50","guid":{"rendered":"http:\/\/klubmamgdynia.pl\/index.php\/produkt\/madej-projektor-do-nauki-rysowania-rzutnik-led-mazaki-czerwony\/"},"modified":"2026-04-06T00:43:51","modified_gmt":"2026-04-05T22:43:51","slug":"madej-projektor-do-nauki-rysowania-rzutnik-led-mazaki-czerwony","status":"publish","type":"product","link":"http:\/\/klubmamgdynia.pl\/index.php\/produkt\/madej-projektor-do-nauki-rysowania-rzutnik-led-mazaki-czerwony\/","title":{"rendered":"Madej Projektor Do Nauki Rysowania Rzutnik Led Mazaki Czerwony"},"content":{"rendered":"<p>PROJEKTOR DO NAUKI RYSOWANIA Projektor do nauki rysowania to rewelacyjny zestaw dla ka\u017cdego ma\u0142ego artysty uwielbiaj\u0105cego malowanie. Zestaw pozwoli rozwin\u0105\u0107 wyobra\u017ani\u0119 i zdolno\u015bci manualne Twojego maluszka. Zabawa zestawem jest bardzo prosta. Do projektora nale\u017cy wsun\u0105\u0107 jeden ze slajd\u00f3w, a nast\u0119pnie w\u0142\u0105czy\u0107 go przesuwaj\u0105c guzik umieszczony w g\u00f3rnej cz\u0119\u015bci. Projektor wy\u015bwietli obrazek znajduj\u0105cy si\u0119 na slajdzie. Rysunek mo\u017cna wykona\u0107 w do\u0142\u0105czonej do zestawu ksi\u0105\u017ceczki za pomoc\u0105 mazak\u00f3w. ZAWARTO\u015a\u0106 ZESTAWU: &#8211; Projektor &#8211; 3 kr\u0105\u017cki ze slajdami &#8211; Ksi\u0105\u017ceczka do rysowania &#8211; 6 flamastr\u00f3w Wymiary opakowania ok.: 25 x 5 x 31 cm Wymiary projektora ok.: 20 x 10 x 25 cm \u015arednica kr\u0105\u017cka ok.: 5,5 cm Zasilanie: 3 baterie AG13 (do\u0142\u0105czono testowe) Sugerowany wiek: 3 lata+ OSTRZE\u017bENIE! Nieodpowiednie dla dzieci w wieku poni\u017cej 3 lat. Ryzyko po\u0142kni\u0119cia lub przedostania si\u0119 do g\u00f3rnych dr\u00f3g oddechowych ma\u0142ych element\u00f3w. Unika\u0107 kontaktu zabawki lub jej element\u00f3w z g\u00f3rnych drogami oddechowymi.<\/p>\n<h2>Madej Projektor Do Nauki Rysowania Rzutnik Led Mazaki Czerwony Madej<\/h2>\n<p>lol kolorowanki do druku, ju\u017c blisko kol\u0119da tekst, halloween dla dzieci 2021, zagadki o zimie, urodziny dziecka pomys\u0142y, myszka minnie kolorowanka, znaczenie imienia julian, kiekrz, a \u015bpij kochanie, opisy o dziecku, peppa kolorowanka, bajki dla dzieci na dobranoc, uk\u0142ad s\u0142oneczny kolorowanka, nadia imi\u0119, wroc\u0142aw i okolice atrakcje<\/p>\n<p>yyyyy<\/p>\n<p>&nbsp;<\/p>\n","protected":false},"excerpt":{"rendered":"<p>PROJEKTOR DO NAUKI RYSOWANIA Projektor do nauki rysowania to rewelacyjny zestaw dla ka\u017cdego ma\u0142ego artysty uwielbiaj\u0105cego malowanie. Zestaw pozwoli rozwin\u0105\u0107 wyobra\u017ani\u0119 i zdolno\u015bci manualne Twojego maluszka. Zabawa zestawem jest bardzo prosta. Do projektora nale\u017cy wsun\u0105\u0107 jeden ze slajd\u00f3w, a nast\u0119pnie w\u0142\u0105czy\u0107 go przesuwaj\u0105c guzik umieszczony w g\u00f3rnej cz\u0119\u015bci. Projektor wy\u015bwietli obrazek znajduj\u0105cy si\u0119 na slajdzie. [&hellip;]<\/p>\n","protected":false},"featured_media":3793,"comment_status":"closed","ping_status":"open","template":"","meta":[],"product_cat":[70,21],"product_tag":[772,648,630,782],"class_list":["post-3792","product","type-product","status-publish","has-post-thumbnail","hentry","product_cat-madej","product_cat-zabawki-plastyczne","product_tag-45-panstw-europy-i-ich-stolice-quiz","product_tag-dobrej-nocy-i-sza","product_tag-podchwytliwe-zagadki-z-odpowiedziami","product_tag-zagadki-dla-dzieci-z-odpowiedziami"],"_links":{"self":[{"href":"http:\/\/klubmamgdynia.pl\/index.php\/wp-json\/wp\/v2\/product\/3792","targetHints":{"allow":["GET"]}}],"collection":[{"href":"http:\/\/klubmamgdynia.pl\/index.php\/wp-json\/wp\/v2\/product"}],"about":[{"href":"http:\/\/klubmamgdynia.pl\/index.php\/wp-json\/wp\/v2\/types\/product"}],"replies":[{"embeddable":true,"href":"http:\/\/klubmamgdynia.pl\/index.php\/wp-json\/wp\/v2\/comments?post=3792"}],"wp:featuredmedia":[{"embeddable":true,"href":"http:\/\/klubmamgdynia.pl\/index.php\/wp-json\/wp\/v2\/media\/3793"}],"wp:attachment":[{"href":"http:\/\/klubmamgdynia.pl\/index.php\/wp-json\/wp\/v2\/media?parent=3792"}],"wp:term":[{"taxonomy":"product_cat","embeddable":true,"href":"http:\/\/klubmamgdynia.pl\/index.php\/wp-json\/wp\/v2\/product_cat?post=3792"},{"taxonomy":"product_tag","embeddable":true,"href":"http:\/\/klubmamgdynia.pl\/index.php\/wp-json\/wp\/v2\/product_tag?post=3792"}],"curies":[{"name":"wp","href":"https:\/\/api.w.org\/{rel}","templated":true}]}}