{"id":3794,"date":"2016-03-14T18:55:33","date_gmt":"2016-03-14T17:55:33","guid":{"rendered":"http:\/\/klubmamgdynia.pl\/index.php\/produkt\/diono-sun-insect-net-40311\/"},"modified":"2026-05-17T22:46:04","modified_gmt":"2026-05-17T20:46:04","slug":"diono-sun-insect-net-40311","status":"publish","type":"product","link":"http:\/\/klubmamgdynia.pl\/index.php\/produkt\/diono-sun-insect-net-40311\/","title":{"rendered":"DIONO SUN &amp; INSECT NET 40311"},"content":{"rendered":"<p>DIONO Moskitiera&amp;ochrona przeciws\u0142oneczna 2w1 Sun &amp; Insect Netzapewniaj\u0105 ma\u0142ym pasa\u017cerom ochron\u0119 przed promieniowaniem UVA i UVB, UPF 50+srebrna konstrukcja wygl\u0105da stylowo na ka\u017cdym w\u00f3zkulekka konstrukcja umo\u017cliwia \u0142atwe z\u0142o\u017cenie<\/p>\n<h2>DIONO SUN &amp; INSECT NET 40311 Diono<\/h2>\n<p>wierszyki o marzannie, film rodzinny o \u015bwi\u0119tach, pawe\u0142, pomys\u0142 na prezent na roczek, dymitr, emanuel, labirynt psi patrol, \u0142atwe zagadki, prima aprilis zarty, gotowe zaproszenia na urodziny do wydrukowania, prezent dla rocznego ch\u0142opca, mia, logiczne zagadki dla dzieci, jaki prezent na roczek dla dziewczynki, rysunek kota, miriam imie, \u017carty \u017carty na prima aprilis, zabawka na roczek dla dziewczynki, malowanki, zagadki logiczne dla doros\u0142ych<\/p>\n<p>yyyyy<\/p>\n<p>&nbsp;<\/p>\n","protected":false},"excerpt":{"rendered":"<p>DIONO Moskitiera&amp;ochrona przeciws\u0142oneczna 2w1 Sun &amp; Insect Netzapewniaj\u0105 ma\u0142ym pasa\u017cerom ochron\u0119 przed promieniowaniem UVA i UVB, UPF 50+srebrna konstrukcja wygl\u0105da stylowo na ka\u017cdym w\u00f3zkulekka konstrukcja umo\u017cliwia \u0142atwe z\u0142o\u017cenie DIONO SUN &amp; INSECT NET 40311 Diono wierszyki o marzannie, film rodzinny o \u015bwi\u0119tach, pawe\u0142, pomys\u0142 na prezent na roczek, dymitr, emanuel, labirynt psi patrol, \u0142atwe zagadki, [&hellip;]<\/p>\n","protected":false},"featured_media":3795,"comment_status":"closed","ping_status":"open","template":"","meta":[],"product_cat":[127,1122],"product_tag":[761,683,795,646,647],"class_list":["post-3794","product","type-product","status-publish","has-post-thumbnail","hentry","product_cat-akcesoria-do-wozkow","product_cat-diono","product_tag-choinko-piekna-jak-las-tekst","product_tag-karaluchy-pod-poduchy","product_tag-mini-zoo-warszawa","product_tag-prezent-na-pierwsze-urodziny","product_tag-warszawa-z-dzieckiem"],"_links":{"self":[{"href":"http:\/\/klubmamgdynia.pl\/index.php\/wp-json\/wp\/v2\/product\/3794","targetHints":{"allow":["GET"]}}],"collection":[{"href":"http:\/\/klubmamgdynia.pl\/index.php\/wp-json\/wp\/v2\/product"}],"about":[{"href":"http:\/\/klubmamgdynia.pl\/index.php\/wp-json\/wp\/v2\/types\/product"}],"replies":[{"embeddable":true,"href":"http:\/\/klubmamgdynia.pl\/index.php\/wp-json\/wp\/v2\/comments?post=3794"}],"wp:featuredmedia":[{"embeddable":true,"href":"http:\/\/klubmamgdynia.pl\/index.php\/wp-json\/wp\/v2\/media\/3795"}],"wp:attachment":[{"href":"http:\/\/klubmamgdynia.pl\/index.php\/wp-json\/wp\/v2\/media?parent=3794"}],"wp:term":[{"taxonomy":"product_cat","embeddable":true,"href":"http:\/\/klubmamgdynia.pl\/index.php\/wp-json\/wp\/v2\/product_cat?post=3794"},{"taxonomy":"product_tag","embeddable":true,"href":"http:\/\/klubmamgdynia.pl\/index.php\/wp-json\/wp\/v2\/product_tag?post=3794"}],"curies":[{"name":"wp","href":"https:\/\/api.w.org\/{rel}","templated":true}]}}