{"id":3796,"date":"2020-10-07T22:03:58","date_gmt":"2020-10-07T20:03:58","guid":{"rendered":"http:\/\/klubmamgdynia.pl\/index.php\/produkt\/interaktywny-robot-tanczacy-swiatlo-dzwiek\/"},"modified":"2026-04-23T14:28:37","modified_gmt":"2026-04-23T12:28:37","slug":"interaktywny-robot-tanczacy-swiatlo-dzwiek","status":"publish","type":"product","link":"http:\/\/klubmamgdynia.pl\/index.php\/produkt\/interaktywny-robot-tanczacy-swiatlo-dzwiek\/","title":{"rendered":"Interaktywny Robot Ta\u0144cz\u0105cy \u015awiat\u0142o D\u017awi\u0119k"},"content":{"rendered":"<p>Ta\u0144cz\u0105cy interaktywny robot, to \u015bwietna zabawka dla ka\u017cdego dziecka. Dzi\u0119ki licznym funkcjom zapewni zabaw\u0119 na d\u0142ugi czas. \u015awiat\u0142a, melodie, d\u017awi\u0119ki, spos\u00f3b poruszania si\u0119 i wiruj\u0105ce elementy zaciekawi\u0105 na pewno ka\u017cde dziecko.Charaterystyka:- Robot posiada z ty\u0142u w\u0142\u0105cznik ON\/OFF. Po jego w\u0142\u0105czeniu robocik zaczyna je\u017adzi\u0107 i ta\u0144czy\u0107 w rytm dobrze znanej melodii Holly Dolly!- Na spodzie znajduje si\u0119 obrotowa platforma, na kt\u00f3rej robot obraca si\u0119 360 stopni wok\u00f3\u0142 w\u0142asnej osi.- Na n\u00f3\u017ckach znajduj\u0105 si\u0119 k\u00f3\u0142eczka, na kt\u00f3rych robot je\u017adzi w r\u00f3\u017cne strony. Robot raz ma nogi wyprostowane i je\u017adzi prosto, a po chwili unosi nogi do g\u00f3ry i obraca si\u0119 360 stopni wok\u00f3\u0142 w\u0142asnej osi na platformie.- W czasie kiedy robot unosi nogi jego r\u0119ce r\u00f3wnie\u017c si\u0119 podnosz\u0105.- Na czubku g\u0142owy robot posiada obrotowe \u015bmig\u0142o, kt\u00f3ry ca\u0142y czas obraca si\u0119 i \u015bwieci r\u00f3\u017cnokolorowo.- Wszystkim ta\u0144com i ruchom towarzysz\u0105 kolorowe \u015bwiat\u0142a wydobywaj\u0105ce si\u0119 ze \u015bmig\u0142a, g\u0142owy, brzuszka i d\u0142oni robota. Wszystkie te \u015bwiate\u0142ka rzucaj\u0105 \u015bwiat\u0142o na pod\u0142og\u0119, tworz\u0105c okr\u0119gi podczas gry robot obraca si\u0119 wok\u00f3\u0142 w\u0142asnej osi.Odpowiedni wiek: 3 lata+Zasilanie: 3 baterie AA (brak w zestawie)Wymiary robota: 15 (szer.) x 22 (wys.) cmWymiary produktu: 14,5 (szer.) x 9 (g\u0142.) x 22 (wys.) cmInformacja od producenta: Nie nadaje si\u0119 dla dzieci w wieku poni\u017cej 36 miesi\u0119cy. Zawiera ma\u0142e cz\u0119\u015bci, kt\u00f3re \u0142atwo po\u0142kn\u0105\u0107 lub kt\u00f3re mog\u0105 si\u0119 dosta\u0107 do dr\u00f3g oddechowych. Niebezpiecze\u0144stwo uduszenia.<\/p>\n<h2>Interaktywny Robot Ta\u0144cz\u0105cy \u015awiat\u0142o D\u017awi\u0119k Urwiskowo<\/h2>\n<p>ma\u0142y ksi\u0105\u017c\u0119 cytaty o mi\u0142o\u015bci, cytaty dla dzieci, zagadki dla 4 latka, prezent dla nastolatk\u00f3w ch\u0142opc\u00f3w, bycie mam\u0105 cytaty, test z lektury dynastia mizio\u0142k\u00f3w, gad\u017cety dla nastolatka, miko\u0142ajek sprawdzian z lektury z odpowiedziami, bajki do czytania na dobranoc, marcelina imi\u0119, jagna imi\u0119, zaproszenia na urodziny do wydruku czarno bia\u0142e, pomys\u0142 na prezent dla 15 latki, lato lato lato czeka, wierszyk o wakacjach, poczytaj mi wiersz, znaczenie imienia alan, co kupi\u0107 nastolatkowi<\/p>\n<p>yyyyy<\/p>\n<p>&nbsp;<\/p>\n","protected":false},"excerpt":{"rendered":"<p>Ta\u0144cz\u0105cy interaktywny robot, to \u015bwietna zabawka dla ka\u017cdego dziecka. Dzi\u0119ki licznym funkcjom zapewni zabaw\u0119 na d\u0142ugi czas. \u015awiat\u0142a, melodie, d\u017awi\u0119ki, spos\u00f3b poruszania si\u0119 i wiruj\u0105ce elementy zaciekawi\u0105 na pewno ka\u017cde dziecko.Charaterystyka:- Robot posiada z ty\u0142u w\u0142\u0105cznik ON\/OFF. Po jego w\u0142\u0105czeniu robocik zaczyna je\u017adzi\u0107 i ta\u0144czy\u0107 w rytm dobrze znanej melodii Holly Dolly!- Na spodzie znajduje [&hellip;]<\/p>\n","protected":false},"featured_media":3797,"comment_status":"closed","ping_status":"open","template":"","meta":[],"product_cat":[1123,39],"product_tag":[859,766,624,771],"class_list":["post-3796","product","type-product","status-publish","has-post-thumbnail","hentry","product_cat-urwiskowo","product_cat-zabawki-interaktywne","product_tag-dobranoc-pchly-na-noc","product_tag-kira","product_tag-krotkie-zagadki","product_tag-stolice-europy-quiz"],"_links":{"self":[{"href":"http:\/\/klubmamgdynia.pl\/index.php\/wp-json\/wp\/v2\/product\/3796","targetHints":{"allow":["GET"]}}],"collection":[{"href":"http:\/\/klubmamgdynia.pl\/index.php\/wp-json\/wp\/v2\/product"}],"about":[{"href":"http:\/\/klubmamgdynia.pl\/index.php\/wp-json\/wp\/v2\/types\/product"}],"replies":[{"embeddable":true,"href":"http:\/\/klubmamgdynia.pl\/index.php\/wp-json\/wp\/v2\/comments?post=3796"}],"wp:featuredmedia":[{"embeddable":true,"href":"http:\/\/klubmamgdynia.pl\/index.php\/wp-json\/wp\/v2\/media\/3797"}],"wp:attachment":[{"href":"http:\/\/klubmamgdynia.pl\/index.php\/wp-json\/wp\/v2\/media?parent=3796"}],"wp:term":[{"taxonomy":"product_cat","embeddable":true,"href":"http:\/\/klubmamgdynia.pl\/index.php\/wp-json\/wp\/v2\/product_cat?post=3796"},{"taxonomy":"product_tag","embeddable":true,"href":"http:\/\/klubmamgdynia.pl\/index.php\/wp-json\/wp\/v2\/product_tag?post=3796"}],"curies":[{"name":"wp","href":"https:\/\/api.w.org\/{rel}","templated":true}]}}