{"id":3798,"date":"2011-06-13T14:21:47","date_gmt":"2011-06-13T12:21:47","guid":{"rendered":"http:\/\/klubmamgdynia.pl\/index.php\/produkt\/malplay-gra-zrecznosciowa-ali-baba-296528\/"},"modified":"2026-04-08T14:02:03","modified_gmt":"2026-04-08T12:02:03","slug":"malplay-gra-zrecznosciowa-ali-baba-296528","status":"publish","type":"product","link":"http:\/\/klubmamgdynia.pl\/index.php\/produkt\/malplay-gra-zrecznosciowa-ali-baba-296528\/","title":{"rendered":"Malplay Gra Zr\u0119czno\u015bciowa Ali Baba 296528"},"content":{"rendered":"<p>Ali Baba, potrzebuje Twojej pomocy w za\u0142adowaniu rozmaitych sprz\u0119t\u00f3w na swojego wielb\u0142\u0105da.Zanim jednak rozpocznie podr\u00f3\u017c przez pustyni\u0119 musi posadzi\u0107 niech\u0119tnego do wsp\u00f3\u0142pracy wielb\u0142\u0105da.B\u0105d\u017a jednak uwa\u017cny, poniewa\u017c wielb\u0142\u0105d Alego jest dzi\u015b w psotnym nastroju i w ka\u017cdej chwili mo\u017ce si\u0119 podnie\u015b\u0107!Ta fantastyczna gra towarzyska dla dzieci, polega na umieszczeniu przedmiot\u00f3w na siodle wielb\u0142\u0105da.Do\u0142\u0105czone do zestawu karty z punktami urozmaicaj\u0105 przebieg rozgrywki.Celem gry jest zdobycie jak najwi\u0119kszej ilo\u015bci punkt\u00f3w przyznawanych za ka\u017cdy powieszony przedmiot.Przegrywa ten, kto przestraszy wielb\u0142\u0105da, a on podniesie si\u0119 i zrzuci Alego wraz z ca\u0142ym ekwipunkiem.Gra kszta\u0142tuje zr\u0119czno\u015b\u0107, spostrzegawczo\u015b\u0107 i refleks.Posiada \u015bci\u015ble okre\u015blone regu\u0142y, kt\u00f3re dostarcz\u0105 rozrywki sporej grupie dzieci.Gr\u0119 rozpoczyna najm\u0142odszy zawodnik poprzez odwr\u00f3cenie karty znajduj\u0105cej si\u0119 na grzbiecie talii.Gracz nak\u0142ada na siod\u0142o rzecz, kt\u00f3ra wylosuje na karcie, s\u0105 3 rodzaje kart.I rodzaj kart to karty z przedmiotami kt\u00f3re nale\u017cy zawiesi\u0107 na wielb\u0142\u0105dzie,II rodzaj kart to bonusowe karty z punktami, pozwalaj\u0105 na gromadzenie punkt\u00f3w, a dodatkowo nie trzeba umieszcza\u0107 \u017cadnych przedmiot\u00f3w na wielb\u0142\u0105dzie.III rodzaj kart to karty ko\u0144cz\u0105ce tur\u0119 (nie doliczasz \u017cadnych punkt\u00f3w i twoja tura si\u0119 ko\u0144czy).Je\u015bli wyznaczony przez kart\u0119 przedmiot spadnie z wielb\u0142\u0105da w trakcie trwania Twojej tury, musisz umie\u015bci\u0107 go z powrotem z innymi przedmiotami.Je\u015bli w trakcie tury str\u0105cisz inny przedmiot lub samego Ali Bab\u0119, musi zast\u0105pi\u0107 je niezale\u017cnie od tego, czy Ci si\u0119 uda\u0142o umie\u015bci\u0107 w\u0142asny przedmiot.Je\u015bli w trakcie trwania gry \u201ezez\u0142o\u015bcisz\u201d wielb\u0142\u0105da i Ali z ca\u0142ym dobytkiem zostanie wystrzelony w powietrze, gra si\u0119 zako\u0144czy, a gracz traci wszystkie punkty.Pozostali gracze musz\u0105 zliczy\u0107 punkty.Wygrywa ten, kto posiada najwi\u0119ksz\u0105 ilo\u015b\u0107 punkt\u00f3w.Gra r\u00f3wnie\u017c si\u0119 zako\u0144czy, gdy sko\u0144cz\u0105 si\u0119 karty, a wszystkie przedmioty zostan\u0105 za\u0142adowane na wielb\u0142\u0105da, i nikt go nie zez\u0142o\u015bci.Gracze w\u00f3wczas musz\u0105 przeliczy\u0107 swoje punkty, wygrywa ten, kto ma najwi\u0119ksz\u0105 ilo\u015b\u0107 punkt\u00f3w.W SK\u0141AD GRY WCHODZI:1 wielb\u0142\u0105d,Ali Baba,siod\u0142o,15 przedmiot\u00f3w (garnek, koszyk, miecz, miska, wi\u0105zka pszenicy, gitara, buk\u0142ak na wod\u0119, amfora, dywanik, torba podr\u00f3\u017cna, stolik, dzbanek, skrzynia, lampa, namiot),20 kart do gry.<\/p>\n<h2>Malplay Gra Zr\u0119czno\u015bciowa Ali Baba 296528 Malplay<\/h2>\n<p>kotki do druku, maski zwierz\u0105t szablony do druku, hobbit, podchwytliwe zagadki matematyczne, atrakcje dla dzieci wielkopolska, lol kolorowanka, gdzie strumyk p\u0142ynie z wolna, po \u0142\u0105ce biega lato tekst, gad\u017cety dla nastolatka, co\u015b dla nastolatk\u00f3w, \u015bmieszne zagadki z odpowiedziami, lukrecja imi\u0119, darmowe quizy, miasto dzieci pl<\/p>\n<p>yyyyy<\/p>\n<p>&nbsp;<\/p>\n","protected":false},"excerpt":{"rendered":"<p>Ali Baba, potrzebuje Twojej pomocy w za\u0142adowaniu rozmaitych sprz\u0119t\u00f3w na swojego wielb\u0142\u0105da.Zanim jednak rozpocznie podr\u00f3\u017c przez pustyni\u0119 musi posadzi\u0107 niech\u0119tnego do wsp\u00f3\u0142pracy wielb\u0142\u0105da.B\u0105d\u017a jednak uwa\u017cny, poniewa\u017c wielb\u0142\u0105d Alego jest dzi\u015b w psotnym nastroju i w ka\u017cdej chwili mo\u017ce si\u0119 podnie\u015b\u0107!Ta fantastyczna gra towarzyska dla dzieci, polega na umieszczeniu przedmiot\u00f3w na siodle wielb\u0142\u0105da.Do\u0142\u0105czone do zestawu karty [&hellip;]<\/p>\n","protected":false},"featured_media":3799,"comment_status":"closed","ping_status":"open","template":"","meta":[],"product_cat":[130,84],"product_tag":[847,657,748,590,698],"class_list":["post-3798","product","type-product","status-publish","has-post-thumbnail","hentry","product_cat-gry-dzieciece","product_cat-malplay","product_tag-kolorowanki-pokemon","product_tag-lol-kolorowanka","product_tag-okolice-wroclawia-atrakcje","product_tag-plac-zabaw-warszawa","product_tag-zagadki-dla-przedszkolakow"],"_links":{"self":[{"href":"http:\/\/klubmamgdynia.pl\/index.php\/wp-json\/wp\/v2\/product\/3798","targetHints":{"allow":["GET"]}}],"collection":[{"href":"http:\/\/klubmamgdynia.pl\/index.php\/wp-json\/wp\/v2\/product"}],"about":[{"href":"http:\/\/klubmamgdynia.pl\/index.php\/wp-json\/wp\/v2\/types\/product"}],"replies":[{"embeddable":true,"href":"http:\/\/klubmamgdynia.pl\/index.php\/wp-json\/wp\/v2\/comments?post=3798"}],"wp:featuredmedia":[{"embeddable":true,"href":"http:\/\/klubmamgdynia.pl\/index.php\/wp-json\/wp\/v2\/media\/3799"}],"wp:attachment":[{"href":"http:\/\/klubmamgdynia.pl\/index.php\/wp-json\/wp\/v2\/media?parent=3798"}],"wp:term":[{"taxonomy":"product_cat","embeddable":true,"href":"http:\/\/klubmamgdynia.pl\/index.php\/wp-json\/wp\/v2\/product_cat?post=3798"},{"taxonomy":"product_tag","embeddable":true,"href":"http:\/\/klubmamgdynia.pl\/index.php\/wp-json\/wp\/v2\/product_tag?post=3798"}],"curies":[{"name":"wp","href":"https:\/\/api.w.org\/{rel}","templated":true}]}}