{"id":3802,"date":"2015-06-27T08:55:23","date_gmt":"2015-06-27T06:55:23","guid":{"rendered":"http:\/\/klubmamgdynia.pl\/index.php\/produkt\/slimebox-young-stars-box\/"},"modified":"2026-05-17T23:38:45","modified_gmt":"2026-05-17T21:38:45","slug":"slimebox-young-stars-box","status":"publish","type":"product","link":"http:\/\/klubmamgdynia.pl\/index.php\/produkt\/slimebox-young-stars-box\/","title":{"rendered":"Slimebox Young Stars Box"},"content":{"rendered":"<p>Young Stars Slime Box powsta\u0142 w wyniku kolaboracji Slimeboxa oraz Young Stars-projektu wytw\u00f3rni MyMusic, kt\u00f3rego celem jest promowanie artyst\u00f3w m\u0142odego pokolenia.W Young Stars Slime Boxie znajdziesz a\u017c:Super clear klej PVA 1 litrBia\u0142y klej PVA 1 litrAktywator (500 ml) + soda oczyszczonaHolograficzne confetti Super FameZ\u0142ote Holo GwiazdkiBrokat Gold FlakesBrokat Z\u0142oty py\u0142Gwiezdna Fimo posypkaKulki styropianowe Young Stars Foam BallsZestaw metalicznych pigment\u00f3w Star DustMusic Chrms &#8211; pastelowe figurki nutkiAromat Star o zapachu pinacoladyCzarna glinka samoutwardzalna4 pude\u0142ka do slime 50ml z aluminiow\u0105 nakr\u0119tk\u0105!4 pude\u0142ka do slime 150ml z aluminiow\u0105 nakr\u0119tk\u0105!P\u0142yta Young Stars a\u017c z 12 utworamiBransoletka Young StarsWiek: 6-12<\/p>\n<h2>Slimebox Young Stars Box Slimebox<\/h2>\n<p>quiz o hobbicie, historia pluszowego misia, kinderbal przepisy, aneta, dziecko cytaty z\u0142ote my\u015bli, zagadki rymowane, cytaty o dziecku, roszpunka kolorowanka, anastazja imi\u0119, znajd\u017a r\u00f3\u017cnice, kajko i kokosz szko\u0142a latania &#8211; test do wydruku, ptak b\u0105k, najrzadsze imiona w polsce, p\u0142atki \u015bniegu szablon, wydarzenia warszawa dzisiaj, atrakcje dla dzieci warszawa 2021, quiz o psie kt\u00f3ry je\u017adzi\u0142 kolej\u0105, zagadki trudne, aurelia imie<\/p>\n<p>yyyyy<\/p>\n<p>&nbsp;<\/p>\n","protected":false},"excerpt":{"rendered":"<p>Young Stars Slime Box powsta\u0142 w wyniku kolaboracji Slimeboxa oraz Young Stars-projektu wytw\u00f3rni MyMusic, kt\u00f3rego celem jest promowanie artyst\u00f3w m\u0142odego pokolenia.W Young Stars Slime Boxie znajdziesz a\u017c:Super clear klej PVA 1 litrBia\u0142y klej PVA 1 litrAktywator (500 ml) + soda oczyszczonaHolograficzne confetti Super FameZ\u0142ote Holo GwiazdkiBrokat Gold FlakesBrokat Z\u0142oty py\u0142Gwiezdna Fimo posypkaKulki styropianowe Young Stars [&hellip;]<\/p>\n","protected":false},"featured_media":3803,"comment_status":"closed","ping_status":"open","template":"","meta":[],"product_cat":[1124,155],"product_tag":[727,826,814,778],"class_list":["post-3802","product","type-product","status-publish","has-post-thumbnail","hentry","product_cat-slimebox","product_cat-zabawki-muzyczne","product_tag-godlo-polski-do-druku","product_tag-prezent-dla-15-latka","product_tag-prezenty-dla-nastolatek","product_tag-zabawki-na-roczek-dla-chlopca"],"_links":{"self":[{"href":"http:\/\/klubmamgdynia.pl\/index.php\/wp-json\/wp\/v2\/product\/3802","targetHints":{"allow":["GET"]}}],"collection":[{"href":"http:\/\/klubmamgdynia.pl\/index.php\/wp-json\/wp\/v2\/product"}],"about":[{"href":"http:\/\/klubmamgdynia.pl\/index.php\/wp-json\/wp\/v2\/types\/product"}],"replies":[{"embeddable":true,"href":"http:\/\/klubmamgdynia.pl\/index.php\/wp-json\/wp\/v2\/comments?post=3802"}],"wp:featuredmedia":[{"embeddable":true,"href":"http:\/\/klubmamgdynia.pl\/index.php\/wp-json\/wp\/v2\/media\/3803"}],"wp:attachment":[{"href":"http:\/\/klubmamgdynia.pl\/index.php\/wp-json\/wp\/v2\/media?parent=3802"}],"wp:term":[{"taxonomy":"product_cat","embeddable":true,"href":"http:\/\/klubmamgdynia.pl\/index.php\/wp-json\/wp\/v2\/product_cat?post=3802"},{"taxonomy":"product_tag","embeddable":true,"href":"http:\/\/klubmamgdynia.pl\/index.php\/wp-json\/wp\/v2\/product_tag?post=3802"}],"curies":[{"name":"wp","href":"https:\/\/api.w.org\/{rel}","templated":true}]}}