{"id":3804,"date":"2013-04-08T00:22:18","date_gmt":"2013-04-07T22:22:18","guid":{"rendered":"http:\/\/klubmamgdynia.pl\/index.php\/produkt\/diono-lusterko-obrotowe-do-obserwacji-dziecka-w-aucie-easy-view\/"},"modified":"2026-04-06T02:12:52","modified_gmt":"2026-04-06T00:12:52","slug":"diono-lusterko-obrotowe-do-obserwacji-dziecka-w-aucie-easy-view","status":"publish","type":"product","link":"http:\/\/klubmamgdynia.pl\/index.php\/produkt\/diono-lusterko-obrotowe-do-obserwacji-dziecka-w-aucie-easy-view\/","title":{"rendered":"Diono Lusterko Obrotowe Do Obserwacji Dziecka W Aucie Easy View"},"content":{"rendered":"<p>Jedyne, obrotowe lusterko (360 stopni) mocowane do tylnego fotela samochodowego, umo\u017cliwiaj\u0105ce obserwacj\u0119 dziecka, bez regulowania wstecznego lusterka samochodowego. Mo\u017cna je bezpiecznie zamontowa\u0107 na ka\u017cdym zag\u0142\u00f3wku. Lusterko nie zak\u0142\u00f3ca widoczno\u015bci przez tyln\u0105 szyb\u0119 i nie musi by\u0107 umieszczone bezpo\u015brednio nad dzieckiem. Wypuk\u0142y specjalny kszta\u0142t lusterka zapewnia najwi\u0119kszy i najwyra\u017aniejszy widok spo\u015br\u00f3d innych lusterek tego typu.  Sprawdzone w testach zderzeniowych.<\/p>\n<h2>Diono Lusterko Obrotowe Do Obserwacji Dziecka W Aucie Easy View Diono<\/h2>\n<p>zagadka, opisy rodzina, najpi\u0119kniejsze cytaty o przyja\u017ani, kolorowanki patriotyczne symbole narodowe kolorowanka, pytania do lektury asiunia, a \u015bpij kochanie, wycinanki dla dzieci do druku, zagadki o wio\u015bnie dla dzieci, myszka minnie kolorowanka<\/p>\n<p>yyyyy<\/p>\n<p>&nbsp;<\/p>\n","protected":false},"excerpt":{"rendered":"<p>Jedyne, obrotowe lusterko (360 stopni) mocowane do tylnego fotela samochodowego, umo\u017cliwiaj\u0105ce obserwacj\u0119 dziecka, bez regulowania wstecznego lusterka samochodowego. Mo\u017cna je bezpiecznie zamontowa\u0107 na ka\u017cdym zag\u0142\u00f3wku. Lusterko nie zak\u0142\u00f3ca widoczno\u015bci przez tyln\u0105 szyb\u0119 i nie musi by\u0107 umieszczone bezpo\u015brednio nad dzieckiem. Wypuk\u0142y specjalny kszta\u0142t lusterka zapewnia najwi\u0119kszy i najwyra\u017aniejszy widok spo\u015br\u00f3d innych lusterek tego typu. Sprawdzone [&hellip;]<\/p>\n","protected":false},"featured_media":3805,"comment_status":"closed","ping_status":"open","template":"","meta":[],"product_cat":[1125,1122],"product_tag":[837,679,595,581],"class_list":["post-3804","product","type-product","status-publish","has-post-thumbnail","hentry","product_cat-akcesoria-samochodowe-dla-dzieci","product_cat-diono","product_tag-cicha-noc-po-angielsku","product_tag-zabawki-na-roczek-dla-dziewczynki","product_tag-zagadki-dla-6-latka","product_tag-zagadki-dla-8-latka"],"_links":{"self":[{"href":"http:\/\/klubmamgdynia.pl\/index.php\/wp-json\/wp\/v2\/product\/3804","targetHints":{"allow":["GET"]}}],"collection":[{"href":"http:\/\/klubmamgdynia.pl\/index.php\/wp-json\/wp\/v2\/product"}],"about":[{"href":"http:\/\/klubmamgdynia.pl\/index.php\/wp-json\/wp\/v2\/types\/product"}],"replies":[{"embeddable":true,"href":"http:\/\/klubmamgdynia.pl\/index.php\/wp-json\/wp\/v2\/comments?post=3804"}],"wp:featuredmedia":[{"embeddable":true,"href":"http:\/\/klubmamgdynia.pl\/index.php\/wp-json\/wp\/v2\/media\/3805"}],"wp:attachment":[{"href":"http:\/\/klubmamgdynia.pl\/index.php\/wp-json\/wp\/v2\/media?parent=3804"}],"wp:term":[{"taxonomy":"product_cat","embeddable":true,"href":"http:\/\/klubmamgdynia.pl\/index.php\/wp-json\/wp\/v2\/product_cat?post=3804"},{"taxonomy":"product_tag","embeddable":true,"href":"http:\/\/klubmamgdynia.pl\/index.php\/wp-json\/wp\/v2\/product_tag?post=3804"}],"curies":[{"name":"wp","href":"https:\/\/api.w.org\/{rel}","templated":true}]}}