{"id":3806,"date":"2012-02-02T00:47:13","date_gmt":"2012-02-01T23:47:13","guid":{"rendered":"http:\/\/klubmamgdynia.pl\/index.php\/produkt\/torebka-prezentowa-disney-rozmiar-s-1szt-mix-wzorow\/"},"modified":"2026-04-27T16:30:51","modified_gmt":"2026-04-27T14:30:51","slug":"torebka-prezentowa-disney-rozmiar-s-1szt-mix-wzorow","status":"publish","type":"product","link":"http:\/\/klubmamgdynia.pl\/index.php\/produkt\/torebka-prezentowa-disney-rozmiar-s-1szt-mix-wzorow\/","title":{"rendered":"Torebka Prezentowa Disney Rozmiar &#8222;S&#8221; 1Szt Mix Wzor\u00f3w"},"content":{"rendered":"<p>Torebka prezentowa dla dzieci w motywem z bajki.Rozmiar &#8222;S&#8221;Wzory torebek wysy\u0142ane s\u0105 losowo &#8211; w zale\u017cno\u015bci od dost\u0119pno\u015bci<\/p>\n<h2>Torebka Prezentowa Disney Rozmiar &#8222;S&#8221; 1Szt Mix Wzor\u00f3w Adar<\/h2>\n<p>karty pracy obrazki do wyklejania plastelin\u0105, myszka miki kolorowanka, wydarzenia dla dzieci warszawa, wyprawka warszawiaka 2021, pan twardowski na ksi\u0119\u017cycu wiersz, quizy o koniach, znajd\u017a r\u00f3\u017cnice, zagadki na myslenie, marcel imie, czytanki na dobranoc, cicha noc po angielsku tekst, maska kota, nauczyciel cytaty, opis do zdj\u0119cia dziecka na fb, \u015bwinka peppa dom, szlaczki dla dzieci do druku, znaczenie imienia marcel, gotowe zaproszenia na urodziny do wydrukowania, prezent dla ch\u0142opca na roczek, carmen imi\u0119<\/p>\n<p>yyyyy<\/p>\n<p>&nbsp;<\/p>\n","protected":false},"excerpt":{"rendered":"<p>Torebka prezentowa dla dzieci w motywem z bajki.Rozmiar &#8222;S&#8221;Wzory torebek wysy\u0142ane s\u0105 losowo &#8211; w zale\u017cno\u015bci od dost\u0119pno\u015bci Torebka Prezentowa Disney Rozmiar &#8222;S&#8221; 1Szt Mix Wzor\u00f3w Adar karty pracy obrazki do wyklejania plastelin\u0105, myszka miki kolorowanka, wydarzenia dla dzieci warszawa, wyprawka warszawiaka 2021, pan twardowski na ksi\u0119\u017cycu wiersz, quizy o koniach, znajd\u017a r\u00f3\u017cnice, zagadki na [&hellip;]<\/p>\n","protected":false},"featured_media":3807,"comment_status":"closed","ping_status":"open","template":"","meta":[],"product_cat":[175,1126],"product_tag":[700,819,684,631,715],"class_list":["post-3806","product","type-product","status-publish","has-post-thumbnail","hentry","product_cat-adar","product_cat-ozdobne-dodatki","product_tag-bajki-do-czytania-dla-dzieci","product_tag-co-kupic-nastolatce-na-swieta","product_tag-prezent-dla-dziewczynki-na-roczek","product_tag-prezent-na-roczek","product_tag-zosia-samosia"],"_links":{"self":[{"href":"http:\/\/klubmamgdynia.pl\/index.php\/wp-json\/wp\/v2\/product\/3806","targetHints":{"allow":["GET"]}}],"collection":[{"href":"http:\/\/klubmamgdynia.pl\/index.php\/wp-json\/wp\/v2\/product"}],"about":[{"href":"http:\/\/klubmamgdynia.pl\/index.php\/wp-json\/wp\/v2\/types\/product"}],"replies":[{"embeddable":true,"href":"http:\/\/klubmamgdynia.pl\/index.php\/wp-json\/wp\/v2\/comments?post=3806"}],"wp:featuredmedia":[{"embeddable":true,"href":"http:\/\/klubmamgdynia.pl\/index.php\/wp-json\/wp\/v2\/media\/3807"}],"wp:attachment":[{"href":"http:\/\/klubmamgdynia.pl\/index.php\/wp-json\/wp\/v2\/media?parent=3806"}],"wp:term":[{"taxonomy":"product_cat","embeddable":true,"href":"http:\/\/klubmamgdynia.pl\/index.php\/wp-json\/wp\/v2\/product_cat?post=3806"},{"taxonomy":"product_tag","embeddable":true,"href":"http:\/\/klubmamgdynia.pl\/index.php\/wp-json\/wp\/v2\/product_tag?post=3806"}],"curies":[{"name":"wp","href":"https:\/\/api.w.org\/{rel}","templated":true}]}}