{"id":3808,"date":"2023-09-26T01:58:48","date_gmt":"2023-09-25T23:58:48","guid":{"rendered":"http:\/\/klubmamgdynia.pl\/?post_type=product&#038;p=3808"},"modified":"2026-05-01T06:33:22","modified_gmt":"2026-05-01T04:33:22","slug":"bo-jungle-b-silikonowa-pileczka-gryzak","status":"publish","type":"product","link":"http:\/\/klubmamgdynia.pl\/index.php\/produkt\/bo-jungle-b-silikonowa-pileczka-gryzak\/","title":{"rendered":"Bo Jungle B-Silikonowa Pi\u0142eczka Gryzak"},"content":{"rendered":"<p>B-Silikonowa pi\u0142eczka gryzak marki Bo Jungle szybko przyniesie ulg\u0119 w trudnym dla maluszka czasie z\u0105bkowania. Urocza, pastelowa kolorystyka zachwyci maluszka i jego rodzic\u00f3w. Gryzak jest bardzo&#8230;<\/p>\n<h2>Bo Jungle B-Silikonowa Pi\u0142eczka Gryzak Bo Jungle<\/h2>\n<p>pole dyniowe pozna\u0144, bursztynek bursztynek, quiz o zwierz\u0119tach domowych, god\u0142o polski do druku, traktor z przyczep\u0105 kolorowanka, prezent na urodziny dla nastolatk\u00f3w, quizy za darmo, prezent dla 15 latka, quiz flagi, cookie dough przepis, lucjan, gda\u0144sk atrakcje dla m\u0142odzie\u017cy, fajne \u017carty na prima aprilis<\/p>\n<p>yyyyy<\/p>\n<p>&nbsp;<\/p>\n","protected":false},"excerpt":{"rendered":"<p>B-Silikonowa pi\u0142eczka gryzak marki Bo Jungle szybko przyniesie ulg\u0119 w trudnym dla maluszka czasie z\u0105bkowania. Urocza, pastelowa kolorystyka zachwyci maluszka i jego rodzic\u00f3w. Gryzak jest bardzo&#8230; Bo Jungle B-Silikonowa Pi\u0142eczka Gryzak Bo Jungle pole dyniowe pozna\u0144, bursztynek bursztynek, quiz o zwierz\u0119tach domowych, god\u0142o polski do druku, traktor z przyczep\u0105 kolorowanka, prezent na urodziny dla nastolatk\u00f3w, [&hellip;]<\/p>\n","protected":false},"featured_media":3809,"comment_status":"closed","ping_status":"open","template":"","meta":[],"product_cat":[1120,63],"product_tag":[832,866,587,679,811],"class_list":["post-3808","product","type-product","status-publish","has-post-thumbnail","hentry","product_cat-bo-jungle","product_cat-grzechotki-i-gryzaki","product_tag-desery-dla-dzieci","product_tag-opis-do-zdjecia-dziecka-na-fb","product_tag-skalne-miasto","product_tag-zabawki-na-roczek-dla-dziewczynki","product_tag-zagadki-logiczne-dla-dzieci"],"_links":{"self":[{"href":"http:\/\/klubmamgdynia.pl\/index.php\/wp-json\/wp\/v2\/product\/3808","targetHints":{"allow":["GET"]}}],"collection":[{"href":"http:\/\/klubmamgdynia.pl\/index.php\/wp-json\/wp\/v2\/product"}],"about":[{"href":"http:\/\/klubmamgdynia.pl\/index.php\/wp-json\/wp\/v2\/types\/product"}],"replies":[{"embeddable":true,"href":"http:\/\/klubmamgdynia.pl\/index.php\/wp-json\/wp\/v2\/comments?post=3808"}],"wp:featuredmedia":[{"embeddable":true,"href":"http:\/\/klubmamgdynia.pl\/index.php\/wp-json\/wp\/v2\/media\/3809"}],"wp:attachment":[{"href":"http:\/\/klubmamgdynia.pl\/index.php\/wp-json\/wp\/v2\/media?parent=3808"}],"wp:term":[{"taxonomy":"product_cat","embeddable":true,"href":"http:\/\/klubmamgdynia.pl\/index.php\/wp-json\/wp\/v2\/product_cat?post=3808"},{"taxonomy":"product_tag","embeddable":true,"href":"http:\/\/klubmamgdynia.pl\/index.php\/wp-json\/wp\/v2\/product_tag?post=3808"}],"curies":[{"name":"wp","href":"https:\/\/api.w.org\/{rel}","templated":true}]}}