{"id":3810,"date":"2020-06-22T03:13:00","date_gmt":"2020-06-22T01:13:00","guid":{"rendered":"http:\/\/klubmamgdynia.pl\/index.php\/produkt\/thule-urban-glide-2-double-black-spacerowy\/"},"modified":"2026-05-17T22:13:02","modified_gmt":"2026-05-17T20:13:02","slug":"thule-urban-glide-2-double-black-spacerowy","status":"publish","type":"product","link":"http:\/\/klubmamgdynia.pl\/index.php\/produkt\/thule-urban-glide-2-double-black-spacerowy\/","title":{"rendered":"Thule Urban Glide 2 Double Black Spacerowy"},"content":{"rendered":"<p>Thule Urban Glide 2 Double Wszechstronny w\u00f3zek dzieci\u0119cy o eleganckiej i lekkiej konstrukcji, kt\u00f3ry sprawdza si\u0119 zar\u00f3wno podczas eksploracji miasta, jak i podczas przechadzek po ulubionych \u015bcie\u017ckach. Spaceruj wygodnie \u0141atwy do manewrowania gdziekolwiek jeste\u015b dzi\u0119ki lekkiej konstrukcji, du\u017cym 16\u201d ko\u0142om tylnym i obrotowym ko\u0142em przednim. Efektywny hamulec typu twist Zintegrowany r\u0119czny hamulec typu twist zapewnia wi\u0119ksze bezpiecze\u0144stwo i kontrol\u0119 hamowania w pag\u00f3rkowatym terenie i podczas biegu. \u0141atwe sk\u0142adanie Sk\u0142adanie jedn\u0105 r\u0119k\u0105 do niewielkich rozmiar\u00f3w u\u0142atwia przechowywanie i transport W\u0142a\u015bciwo\u015bci W\u00f3zek \u0142atwy do manewrowania dzi\u0119ki obrotowemu przedniemu ko\u0142u, kt\u00f3re mo\u017cna zablokowa\u0107 na czas joggingu, oraz 16-calowym tylnym ko\u0142om Sk\u0142adanie jedn\u0105 r\u0119k\u0105 do niewielkich rozmiar\u00f3w, co u\u0142atwia przechowywanie i transport Zintegrowany r\u0119czny hamulec typu twist zapewnia kontrol\u0119 pr\u0119dko\u015bci na g\u00f3rzystym terenie Regulowany daszek ochronny z bocznymi okienkami wentylacyjnymi zapewnia dziecku wygod\u0119 Siedzenie z regulowanym oparciem \u2014 wygodne opuszczanie i podnoszenie jedn\u0105 r\u0119k\u0105 Zawieszenie zapewnia p\u0142ynn\u0105 jazd\u0119 rodzicowi i dziecku Ergonomiczny, regulowany uchwyt zapewnia rodzicom maksymaln\u0105 wygod\u0119 Du\u017cy kosz baga\u017cowy z pokryw\u0105 zamykan\u0105 na zamek b\u0142yskawiczny, tyln\u0105 kieszeni\u0105 z siatki oraz dwiema siatkowymi przegr\u00f3dkami na przek\u0105ski i zabawki zapewnia mn\u00f3stwo miejsca na wszystkie potrzebne rzeczy Bezpieczny i wygodny fotelik z wy\u015bcie\u0142anymi 5-punktowymi pasami bezpiecze\u0144stwa i zintegrowanym systemem wentylacji Przezroczyste okienko z magnetycznym zamkni\u0119ciem pozwala zerka\u0107 na \u015bpi\u0105ce dziecko bez przeszkadzania mu Lepsza widoczno\u015b\u0107 dzi\u0119ki odblaskowym felgom wszystkich k\u00f3\u0142 oraz odblaskowej kraw\u0119dzi daszka ochronnego Mo\u017ce by\u0107 u\u017cywany od chwili narodzin wraz z gondol\u0105 Thule Bassinet lub adapterem do samochodowego fotelika dzieci\u0119cego (sprzedawane osobno). Siedzenie i tkanina daszka mog\u0105 by\u0107 zdejmowane, aby poprawi\u0107 wygl\u0105d Dane techniczne Wymiary po z\u0142o\u017ceniu 87 x 76.5 x 41 cm Masa 15.5 kg Na szeroko\u015b\u0107 ramion 31.5 cm Wysoko\u015b\u0107 siedzenia 53 cm Min. szeroko\u015b\u0107 drzwi do przej\u015bcia 69 cm Pasy bezpiecze\u0144stwa Pi\u0119ciopunktowe Spe\u0142nia wymagania standard\u00f3w bezpiecze\u0144stwa \u2713 Dzieci 1 Kolor Jet Black Numer modelu 10101927<\/p>\n<h2>Thule Urban Glide 2 Double Black Spacerowy Thule<\/h2>\n<p>bajeczki na dobranoc, zabawka na roczek dla dziewczynki, kr\u00f3tkie zagadki dla dzieci, zagadki walentynkowe, przyja\u017a\u0144 cytaty, tupu tup po \u015bniegu tekst, prezent na roczek nie zabawka, lukrecja imi\u0119, gra kulki, karty matematyczne tabliczka mno\u017cenia do wydruku, \u017carty na prima aprilis dla rodzic\u00f3w, zagadki dla dzieci 7 lat o zwierz\u0119tach, \u0142amig\u0142\u00f3wki dla dzieci do wydruku, linda<\/p>\n<p>yyyyy<\/p>\n<p>&nbsp;<\/p>\n","protected":false},"excerpt":{"rendered":"<p>Thule Urban Glide 2 Double Wszechstronny w\u00f3zek dzieci\u0119cy o eleganckiej i lekkiej konstrukcji, kt\u00f3ry sprawdza si\u0119 zar\u00f3wno podczas eksploracji miasta, jak i podczas przechadzek po ulubionych \u015bcie\u017ckach. Spaceruj wygodnie \u0141atwy do manewrowania gdziekolwiek jeste\u015b dzi\u0119ki lekkiej konstrukcji, du\u017cym 16\u201d ko\u0142om tylnym i obrotowym ko\u0142em przednim. Efektywny hamulec typu twist Zintegrowany r\u0119czny hamulec typu twist zapewnia [&hellip;]<\/p>\n","protected":false},"featured_media":3811,"comment_status":"closed","ping_status":"open","template":"","meta":[],"product_cat":[1127,71],"product_tag":[676,681,861,852,870,692,597],"class_list":["post-3810","product","type-product","status-publish","has-post-thumbnail","hentry","product_cat-thule","product_cat-wozki-spacerowe","product_tag-bursztynek","product_tag-flagi-europy-quiz","product_tag-jak-narysowac-psa","product_tag-jak-zrobic-samolot-z-papieru","product_tag-prezent-dla-chlopca-na-roczek","product_tag-prezenty-na-roczek","product_tag-zagadki-o-zimie"],"_links":{"self":[{"href":"http:\/\/klubmamgdynia.pl\/index.php\/wp-json\/wp\/v2\/product\/3810","targetHints":{"allow":["GET"]}}],"collection":[{"href":"http:\/\/klubmamgdynia.pl\/index.php\/wp-json\/wp\/v2\/product"}],"about":[{"href":"http:\/\/klubmamgdynia.pl\/index.php\/wp-json\/wp\/v2\/types\/product"}],"replies":[{"embeddable":true,"href":"http:\/\/klubmamgdynia.pl\/index.php\/wp-json\/wp\/v2\/comments?post=3810"}],"wp:featuredmedia":[{"embeddable":true,"href":"http:\/\/klubmamgdynia.pl\/index.php\/wp-json\/wp\/v2\/media\/3811"}],"wp:attachment":[{"href":"http:\/\/klubmamgdynia.pl\/index.php\/wp-json\/wp\/v2\/media?parent=3810"}],"wp:term":[{"taxonomy":"product_cat","embeddable":true,"href":"http:\/\/klubmamgdynia.pl\/index.php\/wp-json\/wp\/v2\/product_cat?post=3810"},{"taxonomy":"product_tag","embeddable":true,"href":"http:\/\/klubmamgdynia.pl\/index.php\/wp-json\/wp\/v2\/product_tag?post=3810"}],"curies":[{"name":"wp","href":"https:\/\/api.w.org\/{rel}","templated":true}]}}