{"id":3812,"date":"2023-12-06T05:13:31","date_gmt":"2023-12-06T04:13:31","guid":{"rendered":"http:\/\/klubmamgdynia.pl\/?post_type=product&#038;p=3812"},"modified":"2026-04-24T14:42:33","modified_gmt":"2026-04-24T12:42:33","slug":"koma-przescieradlo-bawelniane-120-60-z-gumka","status":"publish","type":"product","link":"http:\/\/klubmamgdynia.pl\/index.php\/produkt\/koma-przescieradlo-bawelniane-120-60-z-gumka\/","title":{"rendered":"Koma Prze\u015bcierad\u0142o Bawe\u0142niane 120 60 Z Gumk\u0105"},"content":{"rendered":"<p>Prze\u015bcierad\u0142o bawe\u0142niane 120*60 z gumk\u0105<\/p>\n<h2>Koma Prze\u015bcierad\u0142o Bawe\u0142niane 120 60 Z Gumk\u0105 KOMA<\/h2>\n<p>bajki dla chlopcow, matematyczne zagadki, gry planszowe dla nastolatk\u00f3w, kr\u00f3tkie bajki dla dzieci do czytania, jak zrobi\u0107 samolot z papieru, felix net i nika oraz gang niewidzialnych ludzi quiz, kartka walentynkowa r\u0119cznie robiona \u0142atwa, ida swieta wielkanocne ida swieta, maski superbohater\u00f3w do wydrukowania, gloria imi\u0119, zagadki dla dzieci 5 lat, kolorowanka do malowania farbami, prezent dla rocznego ch\u0142opca, skalne miasto, nauka literek do druku, halloween dla dzieci 2021, lucjan, po\u0142\u0105cz kropki do wydruku pdf, znaczenie imienia lilia, zagadki o wielkanocy, miko\u0142ajki dla dzieci warszawa 2021<\/p>\n<p>yyyyy<\/p>\n<p>&nbsp;<\/p>\n","protected":false},"excerpt":{"rendered":"<p>Prze\u015bcierad\u0142o bawe\u0142niane 120*60 z gumk\u0105 Koma Prze\u015bcierad\u0142o Bawe\u0142niane 120 60 Z Gumk\u0105 KOMA bajki dla chlopcow, matematyczne zagadki, gry planszowe dla nastolatk\u00f3w, kr\u00f3tkie bajki dla dzieci do czytania, jak zrobi\u0107 samolot z papieru, felix net i nika oraz gang niewidzialnych ludzi quiz, kartka walentynkowa r\u0119cznie robiona \u0142atwa, ida swieta wielkanocne ida swieta, maski superbohater\u00f3w do [&hellip;]<\/p>\n","protected":false},"featured_media":3813,"comment_status":"closed","ping_status":"open","template":"","meta":[],"product_cat":[1128,142],"product_tag":[863,770,629],"class_list":["post-3812","product","type-product","status-publish","has-post-thumbnail","hentry","product_cat-koma","product_cat-przescieradla-dla-dzieci","product_tag-bajki-dla-dziewczynek","product_tag-samolot-z-papieru","product_tag-smieszne-zagadki-z-odpowiedziami"],"_links":{"self":[{"href":"http:\/\/klubmamgdynia.pl\/index.php\/wp-json\/wp\/v2\/product\/3812","targetHints":{"allow":["GET"]}}],"collection":[{"href":"http:\/\/klubmamgdynia.pl\/index.php\/wp-json\/wp\/v2\/product"}],"about":[{"href":"http:\/\/klubmamgdynia.pl\/index.php\/wp-json\/wp\/v2\/types\/product"}],"replies":[{"embeddable":true,"href":"http:\/\/klubmamgdynia.pl\/index.php\/wp-json\/wp\/v2\/comments?post=3812"}],"wp:featuredmedia":[{"embeddable":true,"href":"http:\/\/klubmamgdynia.pl\/index.php\/wp-json\/wp\/v2\/media\/3813"}],"wp:attachment":[{"href":"http:\/\/klubmamgdynia.pl\/index.php\/wp-json\/wp\/v2\/media?parent=3812"}],"wp:term":[{"taxonomy":"product_cat","embeddable":true,"href":"http:\/\/klubmamgdynia.pl\/index.php\/wp-json\/wp\/v2\/product_cat?post=3812"},{"taxonomy":"product_tag","embeddable":true,"href":"http:\/\/klubmamgdynia.pl\/index.php\/wp-json\/wp\/v2\/product_tag?post=3812"}],"curies":[{"name":"wp","href":"https:\/\/api.w.org\/{rel}","templated":true}]}}