{"id":3814,"date":"2025-07-08T18:13:50","date_gmt":"2025-07-08T16:13:50","guid":{"rendered":"http:\/\/klubmamgdynia.pl\/?post_type=product&#038;p=3814"},"modified":"2026-05-17T23:07:11","modified_gmt":"2026-05-17T21:07:11","slug":"adar-gniotek-antystresowy-553002-mix","status":"publish","type":"product","link":"http:\/\/klubmamgdynia.pl\/index.php\/produkt\/adar-gniotek-antystresowy-553002-mix\/","title":{"rendered":"Adar Gniotek Antystresowy 553002 Mix"},"content":{"rendered":"<p>Gniotek antystresowy krokodyl od firmy ADAR- z mi\u0119kkiego w dotyku tworzywa- gniotek- do zabaw sensorycznych i relaksacyjnych- \u017cywe kolory- wysoko\u015b\u0107:9 cmDost\u0119pne 3 warianty kolorystyczne: \u017c\u00f3\u0142ty, fioletowy, niebieski(sprzedawane oddzielnie). Wysy\u0142ka losowa. Cena za 1 sztuk\u0119.Wymiary opakowania:27,5x20x7cmWiek: 3+&#8230;<\/p>\n<h2>Adar Gniotek Antystresowy 553002 Mix Adar<\/h2>\n<p>piosenka na dzie\u0144 nauczyciela przedszkole, psikusy na prima aprilis, fajne rzeczy dla nastolatk\u00f3w, \u015bwi\u0105teczne filmy familijne<\/p>\n<p>yyyyy<\/p>\n<p>&nbsp;<\/p>\n","protected":false},"excerpt":{"rendered":"<p>Gniotek antystresowy krokodyl od firmy ADAR- z mi\u0119kkiego w dotyku tworzywa- gniotek- do zabaw sensorycznych i relaksacyjnych- \u017cywe kolory- wysoko\u015b\u0107:9 cmDost\u0119pne 3 warianty kolorystyczne: \u017c\u00f3\u0142ty, fioletowy, niebieski(sprzedawane oddzielnie). Wysy\u0142ka losowa. Cena za 1 sztuk\u0119.Wymiary opakowania:27,5x20x7cmWiek: 3+&#8230; Adar Gniotek Antystresowy 553002 Mix Adar piosenka na dzie\u0144 nauczyciela przedszkole, psikusy na prima aprilis, fajne rzeczy dla nastolatk\u00f3w, [&hellip;]<\/p>\n","protected":false},"featured_media":3815,"comment_status":"closed","ping_status":"open","template":"","meta":[],"product_cat":[175,482],"product_tag":[802,832,752,803,592],"class_list":["post-3814","product","type-product","status-publish","has-post-thumbnail","hentry","product_cat-adar","product_cat-gadzety","product_tag-co-kupic-dziewczynce-na-roczek","product_tag-desery-dla-dzieci","product_tag-kuba-imie","product_tag-szlaczki-do-druku","product_tag-zagadki-dla-dzieci"],"_links":{"self":[{"href":"http:\/\/klubmamgdynia.pl\/index.php\/wp-json\/wp\/v2\/product\/3814","targetHints":{"allow":["GET"]}}],"collection":[{"href":"http:\/\/klubmamgdynia.pl\/index.php\/wp-json\/wp\/v2\/product"}],"about":[{"href":"http:\/\/klubmamgdynia.pl\/index.php\/wp-json\/wp\/v2\/types\/product"}],"replies":[{"embeddable":true,"href":"http:\/\/klubmamgdynia.pl\/index.php\/wp-json\/wp\/v2\/comments?post=3814"}],"wp:featuredmedia":[{"embeddable":true,"href":"http:\/\/klubmamgdynia.pl\/index.php\/wp-json\/wp\/v2\/media\/3815"}],"wp:attachment":[{"href":"http:\/\/klubmamgdynia.pl\/index.php\/wp-json\/wp\/v2\/media?parent=3814"}],"wp:term":[{"taxonomy":"product_cat","embeddable":true,"href":"http:\/\/klubmamgdynia.pl\/index.php\/wp-json\/wp\/v2\/product_cat?post=3814"},{"taxonomy":"product_tag","embeddable":true,"href":"http:\/\/klubmamgdynia.pl\/index.php\/wp-json\/wp\/v2\/product_tag?post=3814"}],"curies":[{"name":"wp","href":"https:\/\/api.w.org\/{rel}","templated":true}]}}