{"id":3816,"date":"2016-09-06T11:43:01","date_gmt":"2016-09-06T09:43:01","guid":{"rendered":"http:\/\/klubmamgdynia.pl\/index.php\/produkt\/baby-jogger-city-tour-lux-granite-spacerowy\/"},"modified":"2026-05-01T11:58:25","modified_gmt":"2026-05-01T09:58:25","slug":"baby-jogger-city-tour-lux-granite-spacerowy","status":"publish","type":"product","link":"http:\/\/klubmamgdynia.pl\/index.php\/produkt\/baby-jogger-city-tour-lux-granite-spacerowy\/","title":{"rendered":"Baby Jogger City Tour Lux Granite spacerowy"},"content":{"rendered":"<p>Baby Jogger City Tour Lux Granite spacerowy<\/p>\n<p>City Tour LUX\u00a0Baby Jogger jest<br \/>\nsynonimem bezkompromisowej funkcjonalno\u015bci<br \/>\nTym, co czyni go\u00a0niepowtarzalnym i niezwyklefunkcjonalnym\u00a0to\u00a0mo\u017cliwo\u015b\u0107<br \/>\nz\u0142o\u017cenia w\u00f3zka z zamontowan\u0105 gondol\u0105 na stela\u017cu,<br \/>\nzapewniaj\u0105c komfort i niepodwa\u017caln\u0105 wygod\u0119, tak w czasie dalekich podr\u00f3\u017cy czy<br \/>\ntransportu jak i w codziennych zmaganiach                            <\/p>\n<p>Zalety Baby Jogger City Tour LUXSk\u0142adana gondola- jednocze\u015bnie<br \/>\n     razem z w\u00f3zkiem. Kompaktowa, os\u0142ona pogodow\u0105, sk\u0142adanym daszkiem oraz<br \/>\n     okienkiem peekaboo.Przek\u0142adane siedzisko.<br \/>\n     Oparcie regulowane do pozycji le\u017c\u0105cej. Pi\u0119ciopunktowe pasy bezpiecze\u0144stwa<br \/>\n     to gwarancja bezpiecze\u0144stwa dziecka.Amortyzowane zawieszenie\u00a0na<br \/>\n     ka\u017cdym kole \u0142agodzi wstrz\u0105sy.Hamulec r\u0119czny\u00a0&#8211; Wygodny w<br \/>\n     obs\u0142udze r\u0119czny hamulec zwi\u0119ksza kontrol\u0119, pewno\u015b\u0107 i komfort jazdy.Zintegrowany pasek\u00a0z w\u00f3zkiem<br \/>\n     doskonale sprawdza si\u0119 w przenoszeniu w\u00f3zka podnosz\u0105c komfort podr\u00f3\u017cy i<br \/>\n     transportu<\/p>\n<p>Plecak\u00a0na w\u00f3zek do<br \/>\n     przenoszenia w\u00f3zka lub przechowywania w\u00f3zka jako baga\u017c podr\u0119czny na<br \/>\n     pok\u0142adzie samolotu. Specjalna kieszonka do przechowywania w koszu w\u00f3zka.<br \/>\n     Plecak w standardzie z w\u00f3zkiem\u00b7\u00a0Unikalne sk\u0142adanie w\u00f3zkajednocze\u015bnie<br \/>\n     wraz z gondol\u0105 lub siedziskiem bez konieczno\u015bci zdejmowania ich ze stela\u017ca<br \/>\n     Automatyczna blokada po z\u0142o\u017ceniu, sk\u0142adanie &#8222;jedn\u0105 r\u0119k\u0105&#8221;.\u00b7\u00a0TRIO CITY TOUR LUX i-Size\u00a0&#8211; 5 opcji<br \/>\n     podr\u00f3\u017cy opcja w\u00f3zka g\u0142\u0119bokiego z gondol\u0105, z fotelikiem grupy 0 oraz City<br \/>\n     Go i-Size 40-87 cm, z siedziskiem usytuowanym przodem lub ty\u0142em do<br \/>\n     kierunku jazdy oraz platform\u0105 dla starszego dziecka adaptery do fotelika,<br \/>\n     gondola oraz fotelik z grupy 0 \u2013 do nabycia osobno                            <\/p>\n<p>Akcesoria<br \/>\n\u2022 Konsola dla rodzica \u2022 Surfer\/platforma dla starszego dzieckaKompatybilne tylko z City Tour LUX<br \/>\n\u2022 Sk\u0142adana gondola Tour LUX \u2022 Folia przeciwdeszczowa \u2022 Zestaw pa\u0142\u0105k i uchwyt na<br \/>\nkubek \u2022Adaptery \u2022 Baby Jogger\/Graco \u2022 Maxi Cosi\/Cybex \u2022 Chicco \u2022 BritaxX<\/p>\n<h2>Baby Jogger City Tour Lux Granite spacerowy Baby Jogger<\/h2>\n<p>kwiaty polne nazwy i zdj\u0119cia, test miko\u0142ajek, lol surprise kolorowanki, kolorowanki antystresowe, prezenty na roczek dla dziewczynki, dinozaury kolorowanki, kot rysunek dla dzieci, zagadki matematyczne dla przedszkolak\u00f3w, nowoczesna babcia wiersz, opisy do zdj\u0119\u0107 z dzieckiem<\/p>\n<p>yyyyy<\/p>\n<p>&nbsp;<\/p>\n","protected":false},"excerpt":{"rendered":"<p>Baby Jogger City Tour Lux Granite spacerowy City Tour LUX\u00a0Baby Jogger jest synonimem bezkompromisowej funkcjonalno\u015bci Tym, co czyni go\u00a0niepowtarzalnym i niezwyklefunkcjonalnym\u00a0to\u00a0mo\u017cliwo\u015b\u0107 z\u0142o\u017cenia w\u00f3zka z zamontowan\u0105 gondol\u0105 na stela\u017cu, zapewniaj\u0105c komfort i niepodwa\u017caln\u0105 wygod\u0119, tak w czasie dalekich podr\u00f3\u017cy czy transportu jak i w codziennych zmaganiach Zalety Baby Jogger City Tour LUXSk\u0142adana gondola- jednocze\u015bnie razem z [&hellip;]<\/p>\n","protected":false},"featured_media":3817,"comment_status":"closed","ping_status":"open","template":"","meta":[],"product_cat":[1129,71],"product_tag":[802,781,585,646,592],"class_list":["post-3816","product","type-product","status-publish","has-post-thumbnail","hentry","product_cat-baby-jogger","product_cat-wozki-spacerowe","product_tag-co-kupic-dziewczynce-na-roczek","product_tag-cytaty-o-wychowaniu-dzieci","product_tag-kolorowanki-dla-chlopcow","product_tag-prezent-na-pierwsze-urodziny","product_tag-zagadki-dla-dzieci"],"_links":{"self":[{"href":"http:\/\/klubmamgdynia.pl\/index.php\/wp-json\/wp\/v2\/product\/3816","targetHints":{"allow":["GET"]}}],"collection":[{"href":"http:\/\/klubmamgdynia.pl\/index.php\/wp-json\/wp\/v2\/product"}],"about":[{"href":"http:\/\/klubmamgdynia.pl\/index.php\/wp-json\/wp\/v2\/types\/product"}],"replies":[{"embeddable":true,"href":"http:\/\/klubmamgdynia.pl\/index.php\/wp-json\/wp\/v2\/comments?post=3816"}],"wp:featuredmedia":[{"embeddable":true,"href":"http:\/\/klubmamgdynia.pl\/index.php\/wp-json\/wp\/v2\/media\/3817"}],"wp:attachment":[{"href":"http:\/\/klubmamgdynia.pl\/index.php\/wp-json\/wp\/v2\/media?parent=3816"}],"wp:term":[{"taxonomy":"product_cat","embeddable":true,"href":"http:\/\/klubmamgdynia.pl\/index.php\/wp-json\/wp\/v2\/product_cat?post=3816"},{"taxonomy":"product_tag","embeddable":true,"href":"http:\/\/klubmamgdynia.pl\/index.php\/wp-json\/wp\/v2\/product_tag?post=3816"}],"curies":[{"name":"wp","href":"https:\/\/api.w.org\/{rel}","templated":true}]}}