{"id":3822,"date":"2016-11-05T16:32:56","date_gmt":"2016-11-05T15:32:56","guid":{"rendered":"http:\/\/klubmamgdynia.pl\/index.php\/produkt\/malplay-znikopis-rybka-ze-stempelkami-tablica-magnetyczna\/"},"modified":"2026-04-30T04:18:28","modified_gmt":"2026-04-30T02:18:28","slug":"malplay-znikopis-rybka-ze-stempelkami-tablica-magnetyczna","status":"publish","type":"product","link":"http:\/\/klubmamgdynia.pl\/index.php\/produkt\/malplay-znikopis-rybka-ze-stempelkami-tablica-magnetyczna\/","title":{"rendered":"Malplay Znikopis Rybka Ze Stempelkami Tablica Magnetyczna"},"content":{"rendered":"<p>Znikopis w kszta\u0142cie r\u00f3\u017cowej ryby b\u0119dzie \u015bwietnym prezentem dla ka\u017cdego ma\u0142ego artysty.Pole do rysowania jest podzielone na 4 cz\u0119\u015bci w r\u00f3\u017cnych kolorach.Do zestawu do\u0142\u0105czone s\u0105 r\u00f3wnie\u017c 2 piecz\u0105tki: w kszta\u0142cie ryby i o\u015bmiornicy oraz pisak co umo\u017cliwia tworzenie r\u00f3\u017cnorakich wzor\u00f3w i liter,Znikopis dzia\u0142a bez kartek, po zamalowaniu pola wystarczy przesun\u0105\u0107 suwak aby usun\u0105\u0107 obrazek.Dzi\u0119ki temu znikopis ten idealnie sprawdzi si\u0119 w podr\u00f3\u017cy: nie brudzi i nie potrzebuje kartek.Pom\u00f3\u017c dziecku odkry\u0107 w sobie prawdziwego artyst\u0119, z tym znikopisem b\u0119dzie to mo\u017cliwe!Rozwijanie zdolno\u015bci pisania i rysowania ma pozytywny wp\u0142yw na koordynacj\u0119 wzrokowo-ruchow\u0105 dziecka.W zestawie:znikopis2 piecz\u0105tkid\u0142ugopisParametry:Wymiary opakowania: 35,5 x 4 x 26 cmWymiary tablicy: 35 x 25 x 3,5 cmPole do rysowania: 20 x 13 cmWiek: od 3 lat<\/p>\n<h2>Malplay Znikopis Rybka Ze Stempelkami Tablica Magnetyczna Malplay<\/h2>\n<p>andrzejki dekoracje do druku, kolorowanka pokemon, gwiazdka do druku, zagadki logiczne \u015bmieszne, eksperymenty dla dzieci wulkan, narodziny dziecka cytat, a \u015bpij kochanie, lol surprise kolorowanki, bajka dla niemowlaka, bajka do czytania o piesku, mira imi\u0119, zabawy dla dzieci 9-12 lat, imi\u0119 liwia, kolorowanki jesie\u0144 do druku, znaczenie imiona alan, malowanka do druku, karty pracy dla dzieci z ukrainy klasa 3, krok jak narysowa\u0107 konia, el\u017cbieta imi\u0119, jak zrobi\u0107 samolot z papieru<\/p>\n<p>yyyyy<\/p>\n<p>&nbsp;<\/p>\n","protected":false},"excerpt":{"rendered":"<p>Znikopis w kszta\u0142cie r\u00f3\u017cowej ryby b\u0119dzie \u015bwietnym prezentem dla ka\u017cdego ma\u0142ego artysty.Pole do rysowania jest podzielone na 4 cz\u0119\u015bci w r\u00f3\u017cnych kolorach.Do zestawu do\u0142\u0105czone s\u0105 r\u00f3wnie\u017c 2 piecz\u0105tki: w kszta\u0142cie ryby i o\u015bmiornicy oraz pisak co umo\u017cliwia tworzenie r\u00f3\u017cnorakich wzor\u00f3w i liter,Znikopis dzia\u0142a bez kartek, po zamalowaniu pola wystarczy przesun\u0105\u0107 suwak aby usun\u0105\u0107 obrazek.Dzi\u0119ki temu [&hellip;]<\/p>\n","protected":false},"featured_media":3823,"comment_status":"closed","ping_status":"open","template":"","meta":[],"product_cat":[84,21],"product_tag":[728,808,674,613,582,579],"class_list":["post-3822","product","type-product","status-publish","has-post-thumbnail","hentry","product_cat-malplay","product_cat-zabawki-plastyczne","product_tag-bezwarunkowa-milosc-do-dziecka-cytaty","product_tag-imie-mia","product_tag-miasto-dzieci","product_tag-na-wyspach-bergamutach","product_tag-nauka-pisania-literek-do-wydruku-pdf","product_tag-quiz-opowiesci-z-narnii-lew-czarownica-i-stara-szafa"],"_links":{"self":[{"href":"http:\/\/klubmamgdynia.pl\/index.php\/wp-json\/wp\/v2\/product\/3822","targetHints":{"allow":["GET"]}}],"collection":[{"href":"http:\/\/klubmamgdynia.pl\/index.php\/wp-json\/wp\/v2\/product"}],"about":[{"href":"http:\/\/klubmamgdynia.pl\/index.php\/wp-json\/wp\/v2\/types\/product"}],"replies":[{"embeddable":true,"href":"http:\/\/klubmamgdynia.pl\/index.php\/wp-json\/wp\/v2\/comments?post=3822"}],"wp:featuredmedia":[{"embeddable":true,"href":"http:\/\/klubmamgdynia.pl\/index.php\/wp-json\/wp\/v2\/media\/3823"}],"wp:attachment":[{"href":"http:\/\/klubmamgdynia.pl\/index.php\/wp-json\/wp\/v2\/media?parent=3822"}],"wp:term":[{"taxonomy":"product_cat","embeddable":true,"href":"http:\/\/klubmamgdynia.pl\/index.php\/wp-json\/wp\/v2\/product_cat?post=3822"},{"taxonomy":"product_tag","embeddable":true,"href":"http:\/\/klubmamgdynia.pl\/index.php\/wp-json\/wp\/v2\/product_tag?post=3822"}],"curies":[{"name":"wp","href":"https:\/\/api.w.org\/{rel}","templated":true}]}}