{"id":3824,"date":"2012-08-31T00:50:30","date_gmt":"2012-08-30T22:50:30","guid":{"rendered":"http:\/\/klubmamgdynia.pl\/index.php\/produkt\/adar-zestaw-strazaka-helm-maska-gasnica-615x335-zabawka\/"},"modified":"2026-05-02T14:27:06","modified_gmt":"2026-05-02T12:27:06","slug":"adar-zestaw-strazaka-helm-maska-gasnica-615x335-zabawka","status":"publish","type":"product","link":"http:\/\/klubmamgdynia.pl\/index.php\/produkt\/adar-zestaw-strazaka-helm-maska-gasnica-615x335-zabawka\/","title":{"rendered":"Adar Zestaw Stra\u017caka He\u0142m Maska Ga\u015bnica 61,5X33,5 &#8211; Zabawka"},"content":{"rendered":"<p>zestaw stra\u017caka, he\u0142m, maska, ga\u015bnica; 61,5&#215;33,5x11cm, W\/B<\/p>\n<h2>Adar Zestaw Stra\u017caka He\u0142m Maska Ga\u015bnica 61,5X33,5 &#8211; Zabawka Adar<\/h2>\n<p>super zings kolorowanka, po \u0142\u0105ce biega lato tekst, zagadki matematyczne na logik\u0119, pytania logiczne, test z narnii lew czarownica i stara szafa, ekskluzywny prezent na roczek, szlaczki literopodobne, mini zoo warszawa, psi patrol kolorowanki, gda\u0144sk atrakcje dla m\u0142odzie\u017cy, ko\u0142ysanki tekst, korczak cytaty, trudne zagadki na inteligencj\u0119, zabawy halloweenowe dla dzieci, anio\u0142ki do druku, test z lektury pies kt\u00f3ry je\u017adzi\u0142 kolej\u0105, znaczenie imiona kinga, krecik bajka, okolice wroc\u0142awia atrakcje, p\u0142atki \u015bniegu szablon<\/p>\n<p>yyyyy<\/p>\n<p>&nbsp;<\/p>\n","protected":false},"excerpt":{"rendered":"<p>zestaw stra\u017caka, he\u0142m, maska, ga\u015bnica; 61,5&#215;33,5x11cm, W\/B Adar Zestaw Stra\u017caka He\u0142m Maska Ga\u015bnica 61,5X33,5 &#8211; Zabawka Adar super zings kolorowanka, po \u0142\u0105ce biega lato tekst, zagadki matematyczne na logik\u0119, pytania logiczne, test z narnii lew czarownica i stara szafa, ekskluzywny prezent na roczek, szlaczki literopodobne, mini zoo warszawa, psi patrol kolorowanki, gda\u0144sk atrakcje dla m\u0142odzie\u017cy, [&hellip;]<\/p>\n","protected":false},"featured_media":3825,"comment_status":"closed","ping_status":"open","template":"","meta":[],"product_cat":[175,53],"product_tag":[666,740,589,628],"class_list":["post-3824","product","type-product","status-publish","has-post-thumbnail","hentry","product_cat-adar","product_cat-kaciki-zabaw","product_tag-afrykanskie-imiona","product_tag-fajne-prezenty-dla-nastolatkow","product_tag-prezent-dla-rocznego-dziecka","product_tag-zagadka"],"_links":{"self":[{"href":"http:\/\/klubmamgdynia.pl\/index.php\/wp-json\/wp\/v2\/product\/3824","targetHints":{"allow":["GET"]}}],"collection":[{"href":"http:\/\/klubmamgdynia.pl\/index.php\/wp-json\/wp\/v2\/product"}],"about":[{"href":"http:\/\/klubmamgdynia.pl\/index.php\/wp-json\/wp\/v2\/types\/product"}],"replies":[{"embeddable":true,"href":"http:\/\/klubmamgdynia.pl\/index.php\/wp-json\/wp\/v2\/comments?post=3824"}],"wp:featuredmedia":[{"embeddable":true,"href":"http:\/\/klubmamgdynia.pl\/index.php\/wp-json\/wp\/v2\/media\/3825"}],"wp:attachment":[{"href":"http:\/\/klubmamgdynia.pl\/index.php\/wp-json\/wp\/v2\/media?parent=3824"}],"wp:term":[{"taxonomy":"product_cat","embeddable":true,"href":"http:\/\/klubmamgdynia.pl\/index.php\/wp-json\/wp\/v2\/product_cat?post=3824"},{"taxonomy":"product_tag","embeddable":true,"href":"http:\/\/klubmamgdynia.pl\/index.php\/wp-json\/wp\/v2\/product_tag?post=3824"}],"curies":[{"name":"wp","href":"https:\/\/api.w.org\/{rel}","templated":true}]}}