{"id":3826,"date":"2016-09-25T01:06:40","date_gmt":"2016-09-24T23:06:40","guid":{"rendered":"http:\/\/klubmamgdynia.pl\/index.php\/produkt\/hh-poland-pralka-na-baterie-i-akcesoria-do-prania-204989-zabawka\/"},"modified":"2026-05-17T22:33:38","modified_gmt":"2026-05-17T20:33:38","slug":"hh-poland-pralka-na-baterie-i-akcesoria-do-prania-204989-zabawka","status":"publish","type":"product","link":"http:\/\/klubmamgdynia.pl\/index.php\/produkt\/hh-poland-pralka-na-baterie-i-akcesoria-do-prania-204989-zabawka\/","title":{"rendered":"Hh Poland Pralka Na Baterie I Akcesoria Do Prania 204989 &#8211; Zabawka"},"content":{"rendered":"<h2>Hh Poland Pralka Na Baterie I Akcesoria Do Prania 204989 &#8211; Zabawka HH Poland<\/h2>\n<p>bajki dla dzieci do czytania, dobrej nocy, proste szczere \u017cyczenia bo\u017conarodzeniowe, quiz opowie\u015bci z narnii, regina, wzory zaprosze\u0144 zaproszenie na urodziny do druku pdf, cookie dough przepis, cytaty korczaka<\/p>\n<p>yyyyy<\/p>\n<p>&nbsp;<\/p>\n","protected":false},"excerpt":{"rendered":"<p>Hh Poland Pralka Na Baterie I Akcesoria Do Prania 204989 &#8211; Zabawka HH Poland bajki dla dzieci do czytania, dobrej nocy, proste szczere \u017cyczenia bo\u017conarodzeniowe, quiz opowie\u015bci z narnii, regina, wzory zaprosze\u0144 zaproszenie na urodziny do druku pdf, cookie dough przepis, cytaty korczaka yyyyy &nbsp;<\/p>\n","protected":false},"featured_media":3827,"comment_status":"closed","ping_status":"open","template":"","meta":[],"product_cat":[290,53],"product_tag":[728,775,759,695,606,849],"class_list":["post-3826","product","type-product","status-publish","has-post-thumbnail","hentry","product_cat-hh-poland","product_cat-kaciki-zabaw","product_tag-bezwarunkowa-milosc-do-dziecka-cytaty","product_tag-kolorowanki-do-druku-pokemon","product_tag-pomysly-na-prezent-dla-nastolatkow","product_tag-rzadkie-imiona-zenskie","product_tag-stala-pod-sniegiem","product_tag-zagadki-matematyczne-dla-dzieci"],"_links":{"self":[{"href":"http:\/\/klubmamgdynia.pl\/index.php\/wp-json\/wp\/v2\/product\/3826","targetHints":{"allow":["GET"]}}],"collection":[{"href":"http:\/\/klubmamgdynia.pl\/index.php\/wp-json\/wp\/v2\/product"}],"about":[{"href":"http:\/\/klubmamgdynia.pl\/index.php\/wp-json\/wp\/v2\/types\/product"}],"replies":[{"embeddable":true,"href":"http:\/\/klubmamgdynia.pl\/index.php\/wp-json\/wp\/v2\/comments?post=3826"}],"wp:featuredmedia":[{"embeddable":true,"href":"http:\/\/klubmamgdynia.pl\/index.php\/wp-json\/wp\/v2\/media\/3827"}],"wp:attachment":[{"href":"http:\/\/klubmamgdynia.pl\/index.php\/wp-json\/wp\/v2\/media?parent=3826"}],"wp:term":[{"taxonomy":"product_cat","embeddable":true,"href":"http:\/\/klubmamgdynia.pl\/index.php\/wp-json\/wp\/v2\/product_cat?post=3826"},{"taxonomy":"product_tag","embeddable":true,"href":"http:\/\/klubmamgdynia.pl\/index.php\/wp-json\/wp\/v2\/product_tag?post=3826"}],"curies":[{"name":"wp","href":"https:\/\/api.w.org\/{rel}","templated":true}]}}