{"id":3828,"date":"2023-08-23T11:04:11","date_gmt":"2023-08-23T09:04:11","guid":{"rendered":"http:\/\/klubmamgdynia.pl\/?post_type=product&#038;p=3828"},"modified":"2026-04-22T22:42:05","modified_gmt":"2026-04-22T20:42:05","slug":"buki-zestaw-kreatywny-dla-dziewczynek-ozdoby-do-wlosow","status":"publish","type":"product","link":"http:\/\/klubmamgdynia.pl\/index.php\/produkt\/buki-zestaw-kreatywny-dla-dziewczynek-ozdoby-do-wlosow\/","title":{"rendered":"Buki Zestaw Kreatywny Dla Dziewczynek Ozdoby Do W\u0142os\u00f3w"},"content":{"rendered":"<p>Zestaw do tworzenia kolorowych spinek do dekoracji w\u0142os\u00f3w.Zawarto\u015b\u0107:6 kolorowych spinek o r\u00f3\u017cnych kszta\u0142tachozdoby &#8211; pere\u0142kisamoprzylepne gwiazdki do dekoracjikoralikiWiek 6+<\/p>\n<h2>Buki Zestaw Kreatywny Dla Dziewczynek Ozdoby Do W\u0142os\u00f3w Buki<\/h2>\n<p>nauka pisania wyraz\u00f3w dla dzieci do druku pdf, prezenty dla rocznego dziecka, test z narnii lew czarownica i stara szafa, karaluchy pod poduchy, ostatni dzwonek tekst, bajka o dinozaurach do czytania, tulipany kolorowanki, na roczek, kolorowe kredki tekst, prezenty dla 15 latki, jacek, molo w brze\u017anie, zagadki logiczne, dyplomy do druku<\/p>\n<p>yyyyy<\/p>\n<p>&nbsp;<\/p>\n","protected":false},"excerpt":{"rendered":"<p>Zestaw do tworzenia kolorowych spinek do dekoracji w\u0142os\u00f3w.Zawarto\u015b\u0107:6 kolorowych spinek o r\u00f3\u017cnych kszta\u0142tachozdoby &#8211; pere\u0142kisamoprzylepne gwiazdki do dekoracjikoralikiWiek 6+ Buki Zestaw Kreatywny Dla Dziewczynek Ozdoby Do W\u0142os\u00f3w Buki nauka pisania wyraz\u00f3w dla dzieci do druku pdf, prezenty dla rocznego dziecka, test z narnii lew czarownica i stara szafa, karaluchy pod poduchy, ostatni dzwonek tekst, bajka [&hellip;]<\/p>\n","protected":false},"featured_media":3829,"comment_status":"closed","ping_status":"open","template":"","meta":[],"product_cat":[545,21],"product_tag":[817,864,622,816,778],"class_list":["post-3828","product","type-product","status-publish","has-post-thumbnail","hentry","product_cat-buki","product_cat-zabawki-plastyczne","product_tag-bajka-terapeutyczna-o-emocjach","product_tag-basen-warszawa","product_tag-fajne-zagadki","product_tag-place-zabaw-warszawa","product_tag-zabawki-na-roczek-dla-chlopca"],"_links":{"self":[{"href":"http:\/\/klubmamgdynia.pl\/index.php\/wp-json\/wp\/v2\/product\/3828","targetHints":{"allow":["GET"]}}],"collection":[{"href":"http:\/\/klubmamgdynia.pl\/index.php\/wp-json\/wp\/v2\/product"}],"about":[{"href":"http:\/\/klubmamgdynia.pl\/index.php\/wp-json\/wp\/v2\/types\/product"}],"replies":[{"embeddable":true,"href":"http:\/\/klubmamgdynia.pl\/index.php\/wp-json\/wp\/v2\/comments?post=3828"}],"wp:featuredmedia":[{"embeddable":true,"href":"http:\/\/klubmamgdynia.pl\/index.php\/wp-json\/wp\/v2\/media\/3829"}],"wp:attachment":[{"href":"http:\/\/klubmamgdynia.pl\/index.php\/wp-json\/wp\/v2\/media?parent=3828"}],"wp:term":[{"taxonomy":"product_cat","embeddable":true,"href":"http:\/\/klubmamgdynia.pl\/index.php\/wp-json\/wp\/v2\/product_cat?post=3828"},{"taxonomy":"product_tag","embeddable":true,"href":"http:\/\/klubmamgdynia.pl\/index.php\/wp-json\/wp\/v2\/product_tag?post=3828"}],"curies":[{"name":"wp","href":"https:\/\/api.w.org\/{rel}","templated":true}]}}