{"id":383,"date":"2023-12-04T07:19:43","date_gmt":"2023-12-04T06:19:43","guid":{"rendered":"http:\/\/klubmamgdynia.pl\/index.php\/produkt\/spin-master-monster-jam-zestaw-wyczynowy-zombie-madness-superterenowka-zombie-20103383\/"},"modified":"2026-04-29T15:23:44","modified_gmt":"2026-04-29T13:23:44","slug":"spin-master-monster-jam-zestaw-wyczynowy-zombie-madness-superterenowka-zombie-20103383","status":"publish","type":"product","link":"http:\/\/klubmamgdynia.pl\/index.php\/produkt\/spin-master-monster-jam-zestaw-wyczynowy-zombie-madness-superterenowka-zombie-20103383\/","title":{"rendered":"Spin Master Monster Jam Zestaw Wyczynowy Zombie Madness + Superteren\u00f3wka Zombie 20103383"},"content":{"rendered":"<p>Stworzone do rywalizacji i totalnej destrukcji pot\u0119\u017cne pojazdy typu monster truck zawsze budz\u0105 wielkie emocje. Ich ogromne ko\u0142a s\u0105 w stanie pokona\u0107 najwi\u0119ksze przeszkody, bez uszczerbku dla samego pojazdu. Maszyny te s\u0142yn\u0105 r\u00f3wnie\u017c ze swoich kszta\u0142t\u00f3w i osobliwego malowania. Dzi\u0119ki serii Monster Jam mo\u017cesz wej\u015b\u0107 w posiadanie niesamowitych modeli wykonanych w skali 1:64. Ka\u017cdy z nich jest kopia pojazdu istniej\u0105cego w rzeczywisto\u015bci.Pokonaj mrocznego potwora swoim Monster Truckiem! Wystrzel pojazd, przy pomocy do\u0142\u0105czonej wyrzutni i traf prosto w otwarte usta Zobmie! Je\u015bli si\u0142a katapulty b\u0119dzie wystarczaj\u0105co mocna i tw\u00f3j pojazd trafi w nos potwora, pozbawisz go czubka g\u0142owy. B\u0119dzie oznacza\u0107 to zwyci\u0119stwo. Zbieraj pojazdy i zestawy Monster Jam i \u0142\u0105cz je ze sob\u0105. Mo\u017cna stworzy\u0107 znakomit\u0105 aren\u0119 do akrobacji mega ci\u0119\u017car\u00f3wkami.W zestawie znajduje si\u0119:Monster Truck Zombie w skali 1:64 &#8211; Zombierampa startowaprzeszkoda w kszta\u0142cie g\u0142owy zombiewyrzutniazniszczalna bramka2 tory &#8211; d\u0142ugo\u015b\u0107 ok. 15 cmarkusz naklejek.<\/p>\n<h2>Spin Master Monster Jam Zestaw Wyczynowy Zombie Madness + Superteren\u00f3wka Zombie 20103383 Spin Master<\/h2>\n<p>tajemniczy ogr\u00f3d test z lektury, opis o dziecku, bajki na dobranoc do czytania, kolorowanka my little pony, cytaty o wychowaniu i nauczaniu, prezent na roczek nie zabawka, anastazja imi\u0119, celina, origami kotek, prima aprilis zarty, film o \u015bwi\u0119tach dla dzieci<\/p>\n<p>yyyyy<\/p>\n<p>&nbsp;<\/p>\n","protected":false},"excerpt":{"rendered":"<p>Stworzone do rywalizacji i totalnej destrukcji pot\u0119\u017cne pojazdy typu monster truck zawsze budz\u0105 wielkie emocje. Ich ogromne ko\u0142a s\u0105 w stanie pokona\u0107 najwi\u0119ksze przeszkody, bez uszczerbku dla samego pojazdu. Maszyny te s\u0142yn\u0105 r\u00f3wnie\u017c ze swoich kszta\u0142t\u00f3w i osobliwego malowania. Dzi\u0119ki serii Monster Jam mo\u017cesz wej\u015b\u0107 w posiadanie niesamowitych modeli wykonanych w skali 1:64. Ka\u017cdy z [&hellip;]<\/p>\n","protected":false},"featured_media":384,"comment_status":"closed","ping_status":"open","template":"","meta":[],"product_cat":[141,94],"product_tag":[790,753,596,760,608],"class_list":["post-383","product","type-product","status-publish","has-post-thumbnail","hentry","product_cat-parkingi-garaze-i-tory-wyscigowe","product_cat-spin-master","product_tag-gry-planszowe-dla-nastolatkow","product_tag-kamila","product_tag-pomysly-na-prima-aprilis","product_tag-zagadka-matematyczna","product_tag-zagadki-i-odpowiedzi"],"_links":{"self":[{"href":"http:\/\/klubmamgdynia.pl\/index.php\/wp-json\/wp\/v2\/product\/383","targetHints":{"allow":["GET"]}}],"collection":[{"href":"http:\/\/klubmamgdynia.pl\/index.php\/wp-json\/wp\/v2\/product"}],"about":[{"href":"http:\/\/klubmamgdynia.pl\/index.php\/wp-json\/wp\/v2\/types\/product"}],"replies":[{"embeddable":true,"href":"http:\/\/klubmamgdynia.pl\/index.php\/wp-json\/wp\/v2\/comments?post=383"}],"wp:featuredmedia":[{"embeddable":true,"href":"http:\/\/klubmamgdynia.pl\/index.php\/wp-json\/wp\/v2\/media\/384"}],"wp:attachment":[{"href":"http:\/\/klubmamgdynia.pl\/index.php\/wp-json\/wp\/v2\/media?parent=383"}],"wp:term":[{"taxonomy":"product_cat","embeddable":true,"href":"http:\/\/klubmamgdynia.pl\/index.php\/wp-json\/wp\/v2\/product_cat?post=383"},{"taxonomy":"product_tag","embeddable":true,"href":"http:\/\/klubmamgdynia.pl\/index.php\/wp-json\/wp\/v2\/product_tag?post=383"}],"curies":[{"name":"wp","href":"https:\/\/api.w.org\/{rel}","templated":true}]}}