{"id":3830,"date":"2014-11-26T14:12:18","date_gmt":"2014-11-26T13:12:18","guid":{"rendered":"http:\/\/klubmamgdynia.pl\/index.php\/produkt\/nici-spodenki-torebka-dla-lalki-34939\/"},"modified":"2026-04-06T02:11:37","modified_gmt":"2026-04-06T00:11:37","slug":"nici-spodenki-torebka-dla-lalki-34939","status":"publish","type":"product","link":"http:\/\/klubmamgdynia.pl\/index.php\/produkt\/nici-spodenki-torebka-dla-lalki-34939\/","title":{"rendered":"Nici Spodenki + Torebka Dla Lalki 34939"},"content":{"rendered":"<p>Spodenki + torebka wykonane z pluszu.Idealna do kompletu dla lalki Minilotty, nadaje si\u0119 r\u00f3wnie\u017c dla Minilary oraz Miniliny.Akcesoria zapakowane w \u0142adne opakowanie &#8211; idealny pomys\u0142 na prezent dla dziewczynki.<\/p>\n<h2>Nici Spodenki + Torebka Dla Lalki 34939 Nici<\/h2>\n<p>\u0142atwe zagadki, kolorowanki do druku lol, miko\u0142ajki dla dzieci warszawa 2021, rzadkie imiona \u017ce\u0144skie polskie, quiz flagi \u015bwiata, warszawa z dzieckiem, wroclaw atrakcje dla dzieci, renata to nie imi\u0119, po\u0142\u0105cz kropki do druku, kolorowanka do wydruku, w uk\u0142adzie s\u0142onecznym, domki z rolek po papierze toaletowym, mapa europy do druku, koty rysunki, lego ninjago kolorowanka, test z lektury magiczne drzewo czerwone krzes\u0142o, film rodzinny o \u015bwi\u0119tach, uk\u0142ad s\u0142oneczny dla dzieci, opis o rodzinie, fajne \u017carty na prima aprilis<\/p>\n<p>yyyyy<\/p>\n<p>&nbsp;<\/p>\n","protected":false},"excerpt":{"rendered":"<p>Spodenki + torebka wykonane z pluszu.Idealna do kompletu dla lalki Minilotty, nadaje si\u0119 r\u00f3wnie\u017c dla Minilary oraz Miniliny.Akcesoria zapakowane w \u0142adne opakowanie &#8211; idealny pomys\u0142 na prezent dla dziewczynki. Nici Spodenki + Torebka Dla Lalki 34939 Nici \u0142atwe zagadki, kolorowanki do druku lol, miko\u0142ajki dla dzieci warszawa 2021, rzadkie imiona \u017ce\u0144skie polskie, quiz flagi \u015bwiata, [&hellip;]<\/p>\n","protected":false},"featured_media":3831,"comment_status":"closed","ping_status":"open","template":"","meta":[],"product_cat":[961,50],"product_tag":[829,837,598,803],"class_list":["post-3830","product","type-product","status-publish","has-post-thumbnail","hentry","product_cat-nici","product_cat-ubranka-i-buty-dla-lalek","product_tag-bajki-do-czytania-na-dobranoc","product_tag-cicha-noc-po-angielsku","product_tag-co-na-roczek-dla-dziewczynki","product_tag-szlaczki-do-druku"],"_links":{"self":[{"href":"http:\/\/klubmamgdynia.pl\/index.php\/wp-json\/wp\/v2\/product\/3830","targetHints":{"allow":["GET"]}}],"collection":[{"href":"http:\/\/klubmamgdynia.pl\/index.php\/wp-json\/wp\/v2\/product"}],"about":[{"href":"http:\/\/klubmamgdynia.pl\/index.php\/wp-json\/wp\/v2\/types\/product"}],"replies":[{"embeddable":true,"href":"http:\/\/klubmamgdynia.pl\/index.php\/wp-json\/wp\/v2\/comments?post=3830"}],"wp:featuredmedia":[{"embeddable":true,"href":"http:\/\/klubmamgdynia.pl\/index.php\/wp-json\/wp\/v2\/media\/3831"}],"wp:attachment":[{"href":"http:\/\/klubmamgdynia.pl\/index.php\/wp-json\/wp\/v2\/media?parent=3830"}],"wp:term":[{"taxonomy":"product_cat","embeddable":true,"href":"http:\/\/klubmamgdynia.pl\/index.php\/wp-json\/wp\/v2\/product_cat?post=3830"},{"taxonomy":"product_tag","embeddable":true,"href":"http:\/\/klubmamgdynia.pl\/index.php\/wp-json\/wp\/v2\/product_tag?post=3830"}],"curies":[{"name":"wp","href":"https:\/\/api.w.org\/{rel}","templated":true}]}}