{"id":3834,"date":"2015-09-03T08:10:06","date_gmt":"2015-09-03T06:10:06","guid":{"rendered":"http:\/\/klubmamgdynia.pl\/index.php\/produkt\/petitemars-street-rws-iron-green-spacerowy\/"},"modified":"2026-04-20T15:36:06","modified_gmt":"2026-04-20T13:36:06","slug":"petitemars-street-rws-iron-green-spacerowy","status":"publish","type":"product","link":"http:\/\/klubmamgdynia.pl\/index.php\/produkt\/petitemars-street-rws-iron-green-spacerowy\/","title":{"rendered":"Petite&amp;Mars Street+ Rws Iron Green Spacerowy"},"content":{"rendered":"<p>Petite&amp;Mars Street+ RWS to lekka spacer\u00f3wka wyposa\u017cona w obszerne siedzisko z ud\u017awigiem do 22 kg i d\u0142ug\u0105 powierzchni\u0105 do spania. Gumowe, bezd\u0119tkowe ko\u0142a z amortyzacj\u0105 radz\u0105 sobie w trudniejszym terenie bez obaw o przebicie. Wystarczy u\u017cy\u0107 jednej r\u0119ki, by z\u0142o\u017cy\u0107 w\u00f3zek do kompaktowych rozmiar\u00f3w.Rodzaj k\u00f3\u0142: bezd\u0119tkoweSkr\u0119tne ko\u0142a:Regulowana r\u0105czka:Sk\u0142adany z siedziskiem:Monta\u017c siedziska prz\u00f3d\/ty\u0142:Regulowane siedzisko:Producent: Petite&amp;Mars (Czechy)Gwarancja: 24 miesi\u0105ce<\/p>\n<h2>Petite&amp;Mars Street+ Rws Iron Green Spacerowy Petite&amp;Mars<\/h2>\n<p>zagadki sprawdzaj\u0105ce inteligencj\u0119, cytaty dla nauczycieli, karty pracy dla dzieci z ukrainy do druku, my little pony kolorowanki celestia, kolorowanki do wydruku, quiz opowie\u015bci z narnii, 45 pa\u0144stw europy i ich stolice quiz, b\u0105k ptak, sentencje na dzie\u0144 nauczyciela, miasto dzieci, dinozaur bajka, kolorowanka do druku kotek, zaj\u0119cia wielkanocne dla dzieci, basen warszawa<\/p>\n<p>yyyyy<\/p>\n<p>&nbsp;<\/p>\n","protected":false},"excerpt":{"rendered":"<p>Petite&amp;Mars Street+ RWS to lekka spacer\u00f3wka wyposa\u017cona w obszerne siedzisko z ud\u017awigiem do 22 kg i d\u0142ug\u0105 powierzchni\u0105 do spania. Gumowe, bezd\u0119tkowe ko\u0142a z amortyzacj\u0105 radz\u0105 sobie w trudniejszym terenie bez obaw o przebicie. Wystarczy u\u017cy\u0107 jednej r\u0119ki, by z\u0142o\u017cy\u0107 w\u00f3zek do kompaktowych rozmiar\u00f3w.Rodzaj k\u00f3\u0142: bezd\u0119tkoweSkr\u0119tne ko\u0142a:Regulowana r\u0105czka:Sk\u0142adany z siedziskiem:Monta\u017c siedziska prz\u00f3d\/ty\u0142:Regulowane siedzisko:Producent: Petite&amp;Mars (Czechy)Gwarancja: [&hellip;]<\/p>\n","protected":false},"featured_media":3835,"comment_status":"closed","ping_status":"open","template":"","meta":[],"product_cat":[1111,71],"product_tag":[692,682,695,822],"class_list":["post-3834","product","type-product","status-publish","has-post-thumbnail","hentry","product_cat-petitemars","product_cat-wozki-spacerowe","product_tag-prezenty-na-roczek","product_tag-przyjazn-cytaty","product_tag-rzadkie-imiona-zenskie","product_tag-wierszyki-o-wakacjach-krotkie"],"_links":{"self":[{"href":"http:\/\/klubmamgdynia.pl\/index.php\/wp-json\/wp\/v2\/product\/3834","targetHints":{"allow":["GET"]}}],"collection":[{"href":"http:\/\/klubmamgdynia.pl\/index.php\/wp-json\/wp\/v2\/product"}],"about":[{"href":"http:\/\/klubmamgdynia.pl\/index.php\/wp-json\/wp\/v2\/types\/product"}],"replies":[{"embeddable":true,"href":"http:\/\/klubmamgdynia.pl\/index.php\/wp-json\/wp\/v2\/comments?post=3834"}],"wp:featuredmedia":[{"embeddable":true,"href":"http:\/\/klubmamgdynia.pl\/index.php\/wp-json\/wp\/v2\/media\/3835"}],"wp:attachment":[{"href":"http:\/\/klubmamgdynia.pl\/index.php\/wp-json\/wp\/v2\/media?parent=3834"}],"wp:term":[{"taxonomy":"product_cat","embeddable":true,"href":"http:\/\/klubmamgdynia.pl\/index.php\/wp-json\/wp\/v2\/product_cat?post=3834"},{"taxonomy":"product_tag","embeddable":true,"href":"http:\/\/klubmamgdynia.pl\/index.php\/wp-json\/wp\/v2\/product_tag?post=3834"}],"curies":[{"name":"wp","href":"https:\/\/api.w.org\/{rel}","templated":true}]}}