{"id":3836,"date":"2013-09-22T11:45:37","date_gmt":"2013-09-22T09:45:37","guid":{"rendered":"http:\/\/klubmamgdynia.pl\/index.php\/produkt\/nuxe-very-rose-woda-miceralna-kojaca-do-twarzy-i-okolic-oczu-200-ml\/"},"modified":"2026-04-30T11:28:40","modified_gmt":"2026-04-30T09:28:40","slug":"nuxe-very-rose-woda-miceralna-kojaca-do-twarzy-i-okolic-oczu-200-ml","status":"publish","type":"product","link":"http:\/\/klubmamgdynia.pl\/index.php\/produkt\/nuxe-very-rose-woda-miceralna-kojaca-do-twarzy-i-okolic-oczu-200-ml\/","title":{"rendered":"Nuxe Very Rose woda miceralna koj\u0105ca do twarzy i okolic oczu 200 ml"},"content":{"rendered":"<p>P\u0142yn micelarny Nuxe Very Rose zapewnia dok\u0142adne oczyszczenie sk\u00f3ry twarzy w ci\u0105gu kilku minut. Jednocze\u015bnie usuwa ze sk\u00f3ry codzienne zanieczyszczenia i obumar\u0142e kom\u00f3rki.                            <\/p>\n<p>Wskazania:Nuxe Very Rose \u0141agodz\u0105ca woda micelarna 3 w 1 oczyszcza sk\u00f3r\u0119 twarzy i okolic oczu, usuwaj\u0105c makija\u017c i zanieczyszczenia.W\u0142a\u015bciwo\u015bci:Woda micelarna zosta\u0142a wzbogacona o kompleks pochodzenia ro\u015blinnego, kt\u00f3ry \u0142agodzi sk\u00f3r\u0119 i nie narusza jej naturalnej r\u00f3wnowagi. Pozostawia sk\u00f3r\u0119 \u015bwie\u017c\u0105 oraz delikatn\u0105.Sk\u0142adniki aktywne:woda r\u00f3\u017cana &#8211; znana ze swoich w\u0142a\u015bciwo\u015bci koj\u0105cych i zmi\u0119kczaj\u0105cych dla ka\u017cdego typu cery, nawet sk\u00f3ry wra\u017cliwej,\u00a0kompleks Skin-Respect &#8211; w 100% pochodzenia ro\u015blinnego, sk\u0142adaj\u0105 si\u0119 z cukr\u00f3w nawil\u017caj\u0105cych, kt\u00f3re nawadniaj\u0105 i wzmacniaj\u0105 barier\u0119 ochronn\u0105 sk\u00f3ry,\u00a0micelarne sk\u0142adniki oczyszczaj\u0105ce &#8211; skutecznie usuwaj\u0105 zanieczyszczenia i makija\u017c, przy jednoczesnym zapewnieniu dobrej tolerancji sk\u00f3ry.                            <\/p>\n<p>StosowanieUsuni\u0119cie makija\u017cu jest pierwszym, niezb\u0119dnym krokiem Twojej codziennej piel\u0119gnacji! Rano i wieczorem delikatnie przemyj twarz i oczy p\u0142atkiem kosmetycznym nas\u0105czonym wod\u0105 micelarn\u0105. Powtarzaj czynno\u015b\u0107 do czasu, a\u017c p\u0142atek b\u0119dzie czysty. Nie wymaga sp\u0142ukiwania. Uzupe\u0142nij swoj\u0105 piel\u0119gnacj\u0119 o kosmetyki z gamy Very Rose.<\/p>\n<h2>Nuxe Very Rose woda miceralna koj\u0105ca do twarzy i okolic oczu 200 ml Nuxe<\/h2>\n<p>warszawa atrakcje dla m\u0142odzie\u017cy, bajki do czytania, domowe syropy na zim\u0119, nasza zima z\u0142a tekst, podzi\u0119kowania dla nauczyciela cytaty, zagadki dla 4 latka do druku, litera y do druku, znane misie z film\u00f3w animowanych, zagadki dla dzieci 6-7 lat, kolorowanka lego friends, prezent na roczek<\/p>\n<p>yyyyy<\/p>\n<p>&nbsp;<\/p>\n","protected":false},"excerpt":{"rendered":"<p>P\u0142yn micelarny Nuxe Very Rose zapewnia dok\u0142adne oczyszczenie sk\u00f3ry twarzy w ci\u0105gu kilku minut. Jednocze\u015bnie usuwa ze sk\u00f3ry codzienne zanieczyszczenia i obumar\u0142e kom\u00f3rki. Wskazania:Nuxe Very Rose \u0141agodz\u0105ca woda micelarna 3 w 1 oczyszcza sk\u00f3r\u0119 twarzy i okolic oczu, usuwaj\u0105c makija\u017c i zanieczyszczenia.W\u0142a\u015bciwo\u015bci:Woda micelarna zosta\u0142a wzbogacona o kompleks pochodzenia ro\u015blinnego, kt\u00f3ry \u0142agodzi sk\u00f3r\u0119 i nie narusza [&hellip;]<\/p>\n","protected":false},"featured_media":3837,"comment_status":"closed","ping_status":"open","template":"","meta":[],"product_cat":[134,1132],"product_tag":[851,690,735,625,576,791],"class_list":["post-3836","product","type-product","status-publish","has-post-thumbnail","hentry","product_cat-dermokosmetyki","product_cat-nuxe","product_tag-jak-narysowac-kota","product_tag-pieski-male-dwa-tekst","product_tag-prezent-na-roczek-dziewczynka","product_tag-trojmiasto-atrakcje-dla-dzieci","product_tag-trudne-zagadki","product_tag-zagadki-na-myslenie"],"_links":{"self":[{"href":"http:\/\/klubmamgdynia.pl\/index.php\/wp-json\/wp\/v2\/product\/3836","targetHints":{"allow":["GET"]}}],"collection":[{"href":"http:\/\/klubmamgdynia.pl\/index.php\/wp-json\/wp\/v2\/product"}],"about":[{"href":"http:\/\/klubmamgdynia.pl\/index.php\/wp-json\/wp\/v2\/types\/product"}],"replies":[{"embeddable":true,"href":"http:\/\/klubmamgdynia.pl\/index.php\/wp-json\/wp\/v2\/comments?post=3836"}],"wp:featuredmedia":[{"embeddable":true,"href":"http:\/\/klubmamgdynia.pl\/index.php\/wp-json\/wp\/v2\/media\/3837"}],"wp:attachment":[{"href":"http:\/\/klubmamgdynia.pl\/index.php\/wp-json\/wp\/v2\/media?parent=3836"}],"wp:term":[{"taxonomy":"product_cat","embeddable":true,"href":"http:\/\/klubmamgdynia.pl\/index.php\/wp-json\/wp\/v2\/product_cat?post=3836"},{"taxonomy":"product_tag","embeddable":true,"href":"http:\/\/klubmamgdynia.pl\/index.php\/wp-json\/wp\/v2\/product_tag?post=3836"}],"curies":[{"name":"wp","href":"https:\/\/api.w.org\/{rel}","templated":true}]}}