{"id":3840,"date":"2023-02-04T14:34:43","date_gmt":"2023-02-04T13:34:43","guid":{"rendered":"http:\/\/klubmamgdynia.pl\/?post_type=product&#038;p=3840"},"modified":"2026-05-17T22:20:12","modified_gmt":"2026-05-17T20:20:12","slug":"skiddou-mikkeli-sky-high-spacerowy","status":"publish","type":"product","link":"http:\/\/klubmamgdynia.pl\/index.php\/produkt\/skiddou-mikkeli-sky-high-spacerowy\/","title":{"rendered":"Skiddou Mikkeli Sky high Spacerowy"},"content":{"rendered":"<p>Skiddou Mikkeli to spacer\u00f3wka idealna dla wsp\u00f3\u0142czesnych rodzic\u00f3w \u2013 mobilna, lekka, kompaktowa, a tak\u017ce modna. Zapewnia wygod\u0119 codziennego u\u017cytkowania, a tak\u017ce pozwala dzieciom w komforcie poznawa\u0107 \u015bwiat.<\/p>\n<h2>Skiddou Mikkeli Sky high Spacerowy Skiddou<\/h2>\n<p>quiz o polsce dla dzieci, kolorowanki patriotyczne symbole narodowe kolorowanka, kolorowanki do druku peppa, wroc\u0142aw atrakcje dla dzieci, szablony do wyklejania plastelin\u0105, pokemon kolorowanki, kolorowanki do druku dla dziewczynek, smerfy kolorowanka, \u015bmieszne zagadki dla dzieci 10 lat, quiz o flagach, opisy rodzina, dobre \u017carty na prima aprilis, co kupi\u0107 na roczek dla ch\u0142opca, miko\u0142ajek &#8211; test z odpowiedziami, zaproszenia urodzinowe do wydruku chomikuj, zagadki logiczne trudne, \u0142atwe zagadki, na wyspach bergamutach tekst, ko\u0142ysanki teksty, zagadki typu co to jest, halloween dla dzieci 2021<\/p>\n<p>yyyyy<\/p>\n<p>&nbsp;<\/p>\n","protected":false},"excerpt":{"rendered":"<p>Skiddou Mikkeli to spacer\u00f3wka idealna dla wsp\u00f3\u0142czesnych rodzic\u00f3w \u2013 mobilna, lekka, kompaktowa, a tak\u017ce modna. Zapewnia wygod\u0119 codziennego u\u017cytkowania, a tak\u017ce pozwala dzieciom w komforcie poznawa\u0107 \u015bwiat. Skiddou Mikkeli Sky high Spacerowy Skiddou quiz o polsce dla dzieci, kolorowanki patriotyczne symbole narodowe kolorowanka, kolorowanki do druku peppa, wroc\u0142aw atrakcje dla dzieci, szablony do wyklejania plastelin\u0105, [&hellip;]<\/p>\n","protected":false},"featured_media":3841,"comment_status":"closed","ping_status":"open","template":"","meta":[],"product_cat":[1133,71],"product_tag":[863,848,873,756,725],"class_list":["post-3840","product","type-product","status-publish","has-post-thumbnail","hentry","product_cat-skiddou","product_cat-wozki-spacerowe","product_tag-bajki-dla-dziewczynek","product_tag-cytat-o-rodzinie","product_tag-zagadki-z-odpowiedziami-dla-dzieci","product_tag-zaproszenie-na-urodziny-do-druku","product_tag-zgadywanki"],"_links":{"self":[{"href":"http:\/\/klubmamgdynia.pl\/index.php\/wp-json\/wp\/v2\/product\/3840","targetHints":{"allow":["GET"]}}],"collection":[{"href":"http:\/\/klubmamgdynia.pl\/index.php\/wp-json\/wp\/v2\/product"}],"about":[{"href":"http:\/\/klubmamgdynia.pl\/index.php\/wp-json\/wp\/v2\/types\/product"}],"replies":[{"embeddable":true,"href":"http:\/\/klubmamgdynia.pl\/index.php\/wp-json\/wp\/v2\/comments?post=3840"}],"wp:featuredmedia":[{"embeddable":true,"href":"http:\/\/klubmamgdynia.pl\/index.php\/wp-json\/wp\/v2\/media\/3841"}],"wp:attachment":[{"href":"http:\/\/klubmamgdynia.pl\/index.php\/wp-json\/wp\/v2\/media?parent=3840"}],"wp:term":[{"taxonomy":"product_cat","embeddable":true,"href":"http:\/\/klubmamgdynia.pl\/index.php\/wp-json\/wp\/v2\/product_cat?post=3840"},{"taxonomy":"product_tag","embeddable":true,"href":"http:\/\/klubmamgdynia.pl\/index.php\/wp-json\/wp\/v2\/product_tag?post=3840"}],"curies":[{"name":"wp","href":"https:\/\/api.w.org\/{rel}","templated":true}]}}