{"id":3844,"date":"2022-01-11T07:07:40","date_gmt":"2022-01-11T06:07:40","guid":{"rendered":"http:\/\/klubmamgdynia.pl\/index.php\/produkt\/dumel-magic-jinn-zwierzeta\/"},"modified":"2026-04-27T12:35:26","modified_gmt":"2026-04-27T10:35:26","slug":"dumel-magic-jinn-zwierzeta","status":"publish","type":"product","link":"http:\/\/klubmamgdynia.pl\/index.php\/produkt\/dumel-magic-jinn-zwierzeta\/","title":{"rendered":"Dumel Magic Jinn Zwierz\u0119ta"},"content":{"rendered":"<h2>Dumel Magic Jinn Zwierz\u0119ta Dumel<\/h2>\n<p>wpad\u0142a bomba do piwnicy, kolorowanki antystresowe do druku, zagadki na my\u015blenie, laurka dla mamy rysunek, natalia, ahmed, domowe syropy na zim\u0119, zagatki, quiz dla dzieci, bajka o kreciku, paloma<\/p>\n<p>yyyyy<\/p>\n<p>&nbsp;<\/p>\n","protected":false},"excerpt":{"rendered":"<p>Dumel Magic Jinn Zwierz\u0119ta Dumel wpad\u0142a bomba do piwnicy, kolorowanki antystresowe do druku, zagadki na my\u015blenie, laurka dla mamy rysunek, natalia, ahmed, domowe syropy na zim\u0119, zagatki, quiz dla dzieci, bajka o kreciku, paloma yyyyy &nbsp;<\/p>\n","protected":false},"featured_media":3845,"comment_status":"closed","ping_status":"open","template":"","meta":[],"product_cat":[41,537],"product_tag":[777,591,588,600],"class_list":["post-3844","product","type-product","status-publish","has-post-thumbnail","hentry","product_cat-dumel","product_cat-pozostale-zabawki-edukacyjne","product_tag-co-na-roczek","product_tag-quiz-o-minecraft","product_tag-wzruszajace-slowa-dla-przyjaciela","product_tag-zaproszenia-na-urodziny-do-druku"],"_links":{"self":[{"href":"http:\/\/klubmamgdynia.pl\/index.php\/wp-json\/wp\/v2\/product\/3844","targetHints":{"allow":["GET"]}}],"collection":[{"href":"http:\/\/klubmamgdynia.pl\/index.php\/wp-json\/wp\/v2\/product"}],"about":[{"href":"http:\/\/klubmamgdynia.pl\/index.php\/wp-json\/wp\/v2\/types\/product"}],"replies":[{"embeddable":true,"href":"http:\/\/klubmamgdynia.pl\/index.php\/wp-json\/wp\/v2\/comments?post=3844"}],"wp:featuredmedia":[{"embeddable":true,"href":"http:\/\/klubmamgdynia.pl\/index.php\/wp-json\/wp\/v2\/media\/3845"}],"wp:attachment":[{"href":"http:\/\/klubmamgdynia.pl\/index.php\/wp-json\/wp\/v2\/media?parent=3844"}],"wp:term":[{"taxonomy":"product_cat","embeddable":true,"href":"http:\/\/klubmamgdynia.pl\/index.php\/wp-json\/wp\/v2\/product_cat?post=3844"},{"taxonomy":"product_tag","embeddable":true,"href":"http:\/\/klubmamgdynia.pl\/index.php\/wp-json\/wp\/v2\/product_tag?post=3844"}],"curies":[{"name":"wp","href":"https:\/\/api.w.org\/{rel}","templated":true}]}}