{"id":3846,"date":"2019-06-16T02:06:35","date_gmt":"2019-06-16T00:06:35","guid":{"rendered":"http:\/\/klubmamgdynia.pl\/index.php\/produkt\/hasbro-nerf-n-strike-mega-hotshock-dodatki-b4969\/"},"modified":"2026-04-23T04:36:11","modified_gmt":"2026-04-23T02:36:11","slug":"hasbro-nerf-n-strike-mega-hotshock-dodatki-b4969","status":"publish","type":"product","link":"http:\/\/klubmamgdynia.pl\/index.php\/produkt\/hasbro-nerf-n-strike-mega-hotshock-dodatki-b4969\/","title":{"rendered":"Hasbro Nerf N-strike Mega Hotshock + Dodatki B4969"},"content":{"rendered":"<p>Hasbro &#8211; Nerf N-Strke Mega Hotshock B4969Wspania\u0142a pe\u0142na dynamiki i rywalizacji zabawa!<br \/>\nNERF &#8211; to paintball dla dzieci. Ca\u0142kowicie bezpieczne wyposa\u017cone w niezwyk\u0142e akcesoria pistolety strzelaj\u0105 piankowymi strza\u0142kami.<br \/>\nPISTOLET NERF HOTSHOCK to jednor\u0119czna wyrzutnia na du\u017ce strza\u0142ki Mega.<\/p>\n<p>Wyrzutni\u0119 jest ma\u0142a i por\u0119czna i stanowi \u015bwietne uzupe\u0142nienie arsena\u0142u. Polecamy t\u0105 wyrzutnie r\u00f3wnie\u017c dla m\u0142odszych fan\u00f3w Nerf, poniewa\u017c bardzo \u0142atwo j\u0105 prze\u0142adowa\u0107.                            <\/p>\n<p>W zestawie 2 oryginalne strza\u0142ki Mega<br \/>\nWymiary strza\u0142ki: \u015brednica 2 cm, d\u0142ugo\u015b\u0107 9,5 cm.<br \/>\nKolor: czerwony<br \/>\n\u00a0Zabawa ko\u0144czy si\u0119 wraz z amunicj\u0105, zadbaj by Twoje dziecko zawsze mia\u0142o jej pod dostatkiem.<\/p>\n<h2>Hasbro Nerf N-strike Mega Hotshock + Dodatki B4969 Hasbro<\/h2>\n<p>rozrywka dla dzieci, kolorowanki do druku zwierz\u0119ta, jasmin imie, narodziny dziecka cytat, kr\u00f3tkie bajki do czytania, szlaczki literopodobne do wydruku, kolorowe kanapki kanapki dla dzieci, test narnia lew czarownica i stara szafa, prezent dla nastolatki, m\u0105dre bajki dla dzieci do czytania, zagadki \u015bmieszne, zagadki dla dzieci 9-10 lat z odpowiedziami, kolorowanka pies, imi\u0119 adriana, cicha noc po angielsku, pan twardowski na ksi\u0119\u017cycu wiersz, mini kanapki dla dzieci, zagadki walentynkowe, quiz opowie\u015bci z narnii lew czarownica i stara szafa, quizy o skokach narciarskich, ozdoby \u015bwi\u0105teczne z rolek po papierze toaletowym<\/p>\n<p>yyyyy<\/p>\n<p>&nbsp;<\/p>\n","protected":false},"excerpt":{"rendered":"<p>Hasbro &#8211; Nerf N-Strke Mega Hotshock B4969Wspania\u0142a pe\u0142na dynamiki i rywalizacji zabawa! NERF &#8211; to paintball dla dzieci. Ca\u0142kowicie bezpieczne wyposa\u017cone w niezwyk\u0142e akcesoria pistolety strzelaj\u0105 piankowymi strza\u0142kami. PISTOLET NERF HOTSHOCK to jednor\u0119czna wyrzutnia na du\u017ce strza\u0142ki Mega. Wyrzutni\u0119 jest ma\u0142a i por\u0119czna i stanowi \u015bwietne uzupe\u0142nienie arsena\u0142u. Polecamy t\u0105 wyrzutnie r\u00f3wnie\u017c dla m\u0142odszych fan\u00f3w [&hellip;]<\/p>\n","protected":false},"featured_media":3847,"comment_status":"closed","ping_status":"open","template":"","meta":[],"product_cat":[129,40],"product_tag":[582,769,625],"class_list":["post-3846","product","type-product","status-publish","has-post-thumbnail","hentry","product_cat-hasbro","product_cat-zabawki-militarne","product_tag-nauka-pisania-literek-do-wydruku-pdf","product_tag-psi-patrol-do-czytania","product_tag-trojmiasto-atrakcje-dla-dzieci"],"_links":{"self":[{"href":"http:\/\/klubmamgdynia.pl\/index.php\/wp-json\/wp\/v2\/product\/3846","targetHints":{"allow":["GET"]}}],"collection":[{"href":"http:\/\/klubmamgdynia.pl\/index.php\/wp-json\/wp\/v2\/product"}],"about":[{"href":"http:\/\/klubmamgdynia.pl\/index.php\/wp-json\/wp\/v2\/types\/product"}],"replies":[{"embeddable":true,"href":"http:\/\/klubmamgdynia.pl\/index.php\/wp-json\/wp\/v2\/comments?post=3846"}],"wp:featuredmedia":[{"embeddable":true,"href":"http:\/\/klubmamgdynia.pl\/index.php\/wp-json\/wp\/v2\/media\/3847"}],"wp:attachment":[{"href":"http:\/\/klubmamgdynia.pl\/index.php\/wp-json\/wp\/v2\/media?parent=3846"}],"wp:term":[{"taxonomy":"product_cat","embeddable":true,"href":"http:\/\/klubmamgdynia.pl\/index.php\/wp-json\/wp\/v2\/product_cat?post=3846"},{"taxonomy":"product_tag","embeddable":true,"href":"http:\/\/klubmamgdynia.pl\/index.php\/wp-json\/wp\/v2\/product_tag?post=3846"}],"curies":[{"name":"wp","href":"https:\/\/api.w.org\/{rel}","templated":true}]}}