{"id":3848,"date":"2015-07-24T08:10:29","date_gmt":"2015-07-24T06:10:29","guid":{"rendered":"http:\/\/klubmamgdynia.pl\/index.php\/produkt\/lionelo-barierka-rozwijana-ochronna-roll-up-do-140-cm-szary\/"},"modified":"2026-05-17T23:11:20","modified_gmt":"2026-05-17T21:11:20","slug":"lionelo-barierka-rozwijana-ochronna-roll-up-do-140-cm-szary","status":"publish","type":"product","link":"http:\/\/klubmamgdynia.pl\/index.php\/produkt\/lionelo-barierka-rozwijana-ochronna-roll-up-do-140-cm-szary\/","title":{"rendered":"Lionelo Barierka Rozwijana Ochronna Roll Up Do 140 cm Szary"},"content":{"rendered":"<p>Barierka ochronna TULIA szara- Blokada ClipGuard- Funkcja Clip ON \/ OFF- Szeroko\u015b\u0107 do 140cm- Podw\u00f3jna blokada- Zajmuje ma\u0142o miejscaLionelo Tulia przeznaczona jest do monta\u017cu przy \u015bcianach betonowych lub kamiennych, jak te\u017c przy konstrukcjach drewnianych. Dzi\u0119ki funkcji zwijania nie zajmuje wiele miejsca, je\u015bli nie jest potrzebna. Wykonana z bardzo stabilnego, sztywnego materia\u0142u syntetycznego, kt\u00f3ry si\u0119 nie rozci\u0105ga. Uniemo\u017cliwia ona skaleczenie, przytrza\u015bni\u0119cie paluszk\u00f3w, czy te\u017c wspinanie si\u0119. Eliminuje ryzyko, \u017ce dziecko wyrz\u0105dzi sobie krzywd\u0119 uderzaj\u0105c w barierk\u0119 np. g\u0142\u00f3wk\u0105. Elegancki design sprawia, \u017ce pasuje zar\u00f3wno do klasycznych, jak i nowoczesnych wn\u0119trz.Pe\u0142ne bezpiecze\u0144stwo dziecka:Blokada ClipGuard &#8211; Specjalny mechanizm z klipsem umo\u017cliwiaj\u0105cy rozwijanie i zwijanie rolety. Przycisk umieszczony w miejscu niedost\u0119pnym dla ma\u0142ych dzieci. Wska\u017anik informuje o dzia\u0142aj\u0105cym zabezpieczaniu.Druga blokada &#8211; Rozsuni\u0119cie barierki mo\u017cliwe jest po odblokowaniu zatrzask\u00f3w. Przyciski umieszczone tak, \u017ce dziecko samodzielnie nie ma mo\u017cliwo\u015bci otwarcia bramki.SecureCurve bezpieczne kraw\u0119dzie &#8211; Specjalnie wyprofilowane kraw\u0119dzie bez ostrych zako\u0144cze\u0144, \u017ceby maksymalnie chroni\u0107 twoje dziecko. Zapobiegaj\u0105 urazom i skaleczeniom delikatnej sk\u00f3ry.\u0141atwo\u015b\u0107 u\u017cytkowania:Funkcja Clip ON \/ OFF &#8211; Unikalny system, kt\u00f3ry pozwala na swobodne przenoszenie barierki mi\u0119dzy pomieszczeniami, kt\u00f3re chcesz zabezpieczy\u0107. W zestawie komplet 3 uchwyt\u00f3w na 3 r\u00f3\u017cne lokalizacje.Zajmuje ma\u0142o miejsca &#8211; Dzi\u0119ki funkcji zwijania nie zajmuje on wiele miejsca, je\u015bli nie jest potrzebny.Lekka konstrukcja &#8211; Wykonana z wysokiej jako\u015bci materia\u0142\u00f3w nie pochodz\u0105cych z odzysku. Jest przez to bardzo wytrzyma\u0142a, ale te\u017c niesowicie lekka &#8211; 1,35kg.Przemy\u015blane rozwi\u0105zania:Bez progu &#8211; Brak ryzyka potkni\u0119cia si\u0119 przez dziecko. Maluch i rodzice mog\u0105 przechodzi\u0107 swobodnie bez ryzyka potkni\u0119cia si\u0119.Wytrzyma\u0142a siatka &#8211; Rozwijana bramka ochronna wykonana zosta\u0142a z bardzo stabilnego, sztywnego materia\u0142u syntetycznego, kt\u00f3ry si\u0119 nie rozci\u0105ga. Odporna na promienie UV &#8211; mo\u017cna j\u0105 stosowa\u0107 na zewn\u0105trz.Szeroko\u015b\u0107 do 140cm &#8211; Najszersza bramka na rynku. Niesamowita d\u0142ugo\u015b\u0107 daje rodzicom mo\u017cliwo\u015b\u0107 stosowania jej w dowolnym miejscu. Mo\u017cna j\u0105 rozwija\u0107 w dowolnym kierunku.Oznaczenie EN (Europejska Norma) jest potwierdzeniem najwy\u017cszej jako\u015bci wykonania naszych produkt\u00f3w. Produkty spe\u0142niaj\u0105ce \u015bcis\u0142e europejskie normy to gwarancja wykorzystania najlepszych materia\u0142\u00f3w i bezpiecze\u0144stwa u\u017cytkowania. Produkty marki Lionelo s\u0105 badane w europejskich laboratoriach specjalizuj\u0105cych si\u0119 szczeg\u00f3lnie w testowaniu produkt\u00f3w dzieci\u0119cych, poddaj\u0105c je wnikliwym analiz\u0105 pod wzgl\u0119dem wymog\u00f3w jako\u015bciowych oraz bezpiecze\u0144stwa.EAN:  5902581650849Gwarancja:  24 miesi\u0105ceKod dostawcy:  50849Nr katalogowy:  50849Marka:  BrakWymagania wiekowe:  od 0 miesi\u0119cyP\u0142e\u0107:  Dziewczynki i ch\u0142opcyKolor:  SzaryWymiary:  93 x 140 cmWaga:  1.35 kgAkcesoria w zestawie:  3 mocowania na 3 r\u00f3\u017cne lokalizacjePozosta\u0142e parametry:  Certyfikaty: &#8211; SGS- EN 1930:2011<\/p>\n<h2>Lionelo Barierka Rozwijana Ochronna Roll Up Do 140 cm Szary Lionelo<\/h2>\n<p>zosia samosia wiersz, cytaty o dzieciach, 45 pa\u0144stw europy i ich stolice quiz, wr\u00f3\u017cby andrzejkowe dla dzieci online, regina, zagadki logiczne dla doros\u0142ych, zagadki dla nastolatk\u00f3w, bajki terapeutyczne o emocjach, motto dla nauczyciela, maski dla dzieci do druku, jagna imi\u0119, myszka minnie kolorowanka, cytaty o przyja\u017ani ma\u0142y ksi\u0105\u017c\u0119, malowanki dla dzieci do druku, wzruszaj\u0105ce s\u0142owa dla przyjaciela, przysz\u0142a zima bia\u0142a, radiowe nuty niech zyja wakacje, zyczenia walentynkowe dla dzieci, natan imi\u0119<\/p>\n<p>yyyyy<\/p>\n<p>&nbsp;<\/p>\n","protected":false},"excerpt":{"rendered":"<p>Barierka ochronna TULIA szara- Blokada ClipGuard- Funkcja Clip ON \/ OFF- Szeroko\u015b\u0107 do 140cm- Podw\u00f3jna blokada- Zajmuje ma\u0142o miejscaLionelo Tulia przeznaczona jest do monta\u017cu przy \u015bcianach betonowych lub kamiennych, jak te\u017c przy konstrukcjach drewnianych. Dzi\u0119ki funkcji zwijania nie zajmuje wiele miejsca, je\u015bli nie jest potrzebna. Wykonana z bardzo stabilnego, sztywnego materia\u0142u syntetycznego, kt\u00f3ry si\u0119 nie [&hellip;]<\/p>\n","protected":false},"featured_media":3849,"comment_status":"closed","ping_status":"open","template":"","meta":[],"product_cat":[967,1134],"product_tag":[740,750,619,674,616],"class_list":["post-3848","product","type-product","status-publish","has-post-thumbnail","hentry","product_cat-lionelo","product_cat-zabezpieczenia-mebli-i-elektryki","product_tag-fajne-prezenty-dla-nastolatkow","product_tag-imie-kostek","product_tag-iwo-imie","product_tag-miasto-dzieci","product_tag-test-mikolajek-25-pytan"],"_links":{"self":[{"href":"http:\/\/klubmamgdynia.pl\/index.php\/wp-json\/wp\/v2\/product\/3848","targetHints":{"allow":["GET"]}}],"collection":[{"href":"http:\/\/klubmamgdynia.pl\/index.php\/wp-json\/wp\/v2\/product"}],"about":[{"href":"http:\/\/klubmamgdynia.pl\/index.php\/wp-json\/wp\/v2\/types\/product"}],"replies":[{"embeddable":true,"href":"http:\/\/klubmamgdynia.pl\/index.php\/wp-json\/wp\/v2\/comments?post=3848"}],"wp:featuredmedia":[{"embeddable":true,"href":"http:\/\/klubmamgdynia.pl\/index.php\/wp-json\/wp\/v2\/media\/3849"}],"wp:attachment":[{"href":"http:\/\/klubmamgdynia.pl\/index.php\/wp-json\/wp\/v2\/media?parent=3848"}],"wp:term":[{"taxonomy":"product_cat","embeddable":true,"href":"http:\/\/klubmamgdynia.pl\/index.php\/wp-json\/wp\/v2\/product_cat?post=3848"},{"taxonomy":"product_tag","embeddable":true,"href":"http:\/\/klubmamgdynia.pl\/index.php\/wp-json\/wp\/v2\/product_tag?post=3848"}],"curies":[{"name":"wp","href":"https:\/\/api.w.org\/{rel}","templated":true}]}}