{"id":385,"date":"2018-11-19T23:32:32","date_gmt":"2018-11-19T22:32:32","guid":{"rendered":"http:\/\/klubmamgdynia.pl\/index.php\/produkt\/espiro-penne-krzeselko-do-karmienia\/"},"modified":"2026-04-30T15:24:58","modified_gmt":"2026-04-30T13:24:58","slug":"espiro-penne-krzeselko-do-karmienia","status":"publish","type":"product","link":"http:\/\/klubmamgdynia.pl\/index.php\/produkt\/espiro-penne-krzeselko-do-karmienia\/","title":{"rendered":"Espiro Penne Krzese\u0142ko Do Karmienia"},"content":{"rendered":"<p>Tapicerka z ekosk\u00f3ry i niepowtarzalny wygl\u0105d wk\u0142adki sprawi\u0105, \u017ce b\u0119dzie ono idealnym dodatkiem w Twoim mieszkaniu. A dzi\u0119ki swoim funkcj\u0105 i rozmiarom ka\u017cdy posi\u0142ek b\u0119dzie wyj\u0105tkowy. A gdy malucha zmorzy drzemka w \u0142atwy spos\u00f3b zmienisz krzese\u0142ko w le\u017cak do spania.<\/p>\n<h2>Espiro Penne Krzese\u0142ko Do Karmienia Espiro<\/h2>\n<p>motyl kolorowanka, wz\u00f3r drzewo genealogiczne szablon do wydruku, ninjago kolorowanka, bajka o smoku, test z narnii lew czarownica i stara szafa<\/p>\n<p>yyyyy<\/p>\n<p>&nbsp;<\/p>\n","protected":false},"excerpt":{"rendered":"<p>Tapicerka z ekosk\u00f3ry i niepowtarzalny wygl\u0105d wk\u0142adki sprawi\u0105, \u017ce b\u0119dzie ono idealnym dodatkiem w Twoim mieszkaniu. A dzi\u0119ki swoim funkcj\u0105 i rozmiarom ka\u017cdy posi\u0142ek b\u0119dzie wyj\u0105tkowy. A gdy malucha zmorzy drzemka w \u0142atwy spos\u00f3b zmienisz krzese\u0142ko w le\u017cak do spania. Espiro Penne Krzese\u0142ko Do Karmienia Espiro motyl kolorowanka, wz\u00f3r drzewo genealogiczne szablon do wydruku, ninjago [&hellip;]<\/p>\n","protected":false},"featured_media":386,"comment_status":"closed","ping_status":"open","template":"","meta":[],"product_cat":[162,158],"product_tag":[792,737,675,701],"class_list":["post-385","product","type-product","status-publish","has-post-thumbnail","hentry","product_cat-espiro","product_cat-krzeselka-do-karmienia","product_tag-cytaty-o-mamie","product_tag-test-z-lektury-felix-net-i-nika-oraz-gang-niewidzialnych-ludzi","product_tag-test-z-lektury-kajko-i-kokosz-szkola-latania","product_tag-zgadywanki-dla-dzieci"],"_links":{"self":[{"href":"http:\/\/klubmamgdynia.pl\/index.php\/wp-json\/wp\/v2\/product\/385","targetHints":{"allow":["GET"]}}],"collection":[{"href":"http:\/\/klubmamgdynia.pl\/index.php\/wp-json\/wp\/v2\/product"}],"about":[{"href":"http:\/\/klubmamgdynia.pl\/index.php\/wp-json\/wp\/v2\/types\/product"}],"replies":[{"embeddable":true,"href":"http:\/\/klubmamgdynia.pl\/index.php\/wp-json\/wp\/v2\/comments?post=385"}],"wp:featuredmedia":[{"embeddable":true,"href":"http:\/\/klubmamgdynia.pl\/index.php\/wp-json\/wp\/v2\/media\/386"}],"wp:attachment":[{"href":"http:\/\/klubmamgdynia.pl\/index.php\/wp-json\/wp\/v2\/media?parent=385"}],"wp:term":[{"taxonomy":"product_cat","embeddable":true,"href":"http:\/\/klubmamgdynia.pl\/index.php\/wp-json\/wp\/v2\/product_cat?post=385"},{"taxonomy":"product_tag","embeddable":true,"href":"http:\/\/klubmamgdynia.pl\/index.php\/wp-json\/wp\/v2\/product_tag?post=385"}],"curies":[{"name":"wp","href":"https:\/\/api.w.org\/{rel}","templated":true}]}}