{"id":3850,"date":"2011-08-13T22:39:23","date_gmt":"2011-08-13T20:39:23","guid":{"rendered":"http:\/\/klubmamgdynia.pl\/index.php\/produkt\/hasbro-nerf-zestaw-elite-2-0-echo-cs-10-4w1-mega-dodatki-e9533\/"},"modified":"2026-04-06T20:56:58","modified_gmt":"2026-04-06T18:56:58","slug":"hasbro-nerf-zestaw-elite-2-0-echo-cs-10-4w1-mega-dodatki-e9533","status":"publish","type":"product","link":"http:\/\/klubmamgdynia.pl\/index.php\/produkt\/hasbro-nerf-zestaw-elite-2-0-echo-cs-10-4w1-mega-dodatki-e9533\/","title":{"rendered":"Hasbro Nerf Zestaw Elite 2.0 Echo CS-10 4W1 +mega Dodatki E9533"},"content":{"rendered":"<p>Nerf Zestaw Elite 2.0 Echo CS-10 4W1 +mega Dodatki<\/p>\n<h2>Hasbro Nerf Zestaw Elite 2.0 Echo CS-10 4W1 +mega Dodatki E9533 Nerf<\/h2>\n<p>sky kolorowanka, zagadki dla 8 latk\u00f3w, kolorowanki bajki, kolorowanka ninjago, babciu droga babciu tekst, wzory dyplom\u00f3w do pobrania, zagadki o wielkanocy, bianka, lol kolorowanki do druku, kolorowanki disney, cicha noc po angielsku, pomys\u0142y na roczek, w\u0142ochy, zagadki o zwierz\u0119tach dla dzieci, konkurs dla dzieci, test na patologi\u0119 z kubusia puchatka, lato, zima z\u0142a tekst, cytaty motywacyjne dla dzieci<\/p>\n<p>yyyyy<\/p>\n<p>&nbsp;<\/p>\n","protected":false},"excerpt":{"rendered":"<p>Nerf Zestaw Elite 2.0 Echo CS-10 4W1 +mega Dodatki Hasbro Nerf Zestaw Elite 2.0 Echo CS-10 4W1 +mega Dodatki E9533 Nerf sky kolorowanka, zagadki dla 8 latk\u00f3w, kolorowanki bajki, kolorowanka ninjago, babciu droga babciu tekst, wzory dyplom\u00f3w do pobrania, zagadki o wielkanocy, bianka, lol kolorowanki do druku, kolorowanki disney, cicha noc po angielsku, pomys\u0142y na [&hellip;]<\/p>\n","protected":false},"featured_media":3851,"comment_status":"closed","ping_status":"open","template":"","meta":[],"product_cat":[1135,40],"product_tag":[776,617,775,742,868,793],"class_list":["post-3850","product","type-product","status-publish","has-post-thumbnail","hentry","product_cat-nerf","product_cat-zabawki-militarne","product_tag-dobrej-nocy","product_tag-keyword","product_tag-kolorowanki-do-druku-pokemon","product_tag-piosenki-dla-dzieci-tekst","product_tag-quizy-dla-dzieci","product_tag-zagadki-smieszne-podchwytliwe"],"_links":{"self":[{"href":"http:\/\/klubmamgdynia.pl\/index.php\/wp-json\/wp\/v2\/product\/3850","targetHints":{"allow":["GET"]}}],"collection":[{"href":"http:\/\/klubmamgdynia.pl\/index.php\/wp-json\/wp\/v2\/product"}],"about":[{"href":"http:\/\/klubmamgdynia.pl\/index.php\/wp-json\/wp\/v2\/types\/product"}],"replies":[{"embeddable":true,"href":"http:\/\/klubmamgdynia.pl\/index.php\/wp-json\/wp\/v2\/comments?post=3850"}],"wp:featuredmedia":[{"embeddable":true,"href":"http:\/\/klubmamgdynia.pl\/index.php\/wp-json\/wp\/v2\/media\/3851"}],"wp:attachment":[{"href":"http:\/\/klubmamgdynia.pl\/index.php\/wp-json\/wp\/v2\/media?parent=3850"}],"wp:term":[{"taxonomy":"product_cat","embeddable":true,"href":"http:\/\/klubmamgdynia.pl\/index.php\/wp-json\/wp\/v2\/product_cat?post=3850"},{"taxonomy":"product_tag","embeddable":true,"href":"http:\/\/klubmamgdynia.pl\/index.php\/wp-json\/wp\/v2\/product_tag?post=3850"}],"curies":[{"name":"wp","href":"https:\/\/api.w.org\/{rel}","templated":true}]}}