{"id":3852,"date":"2022-04-07T11:25:40","date_gmt":"2022-04-07T09:25:40","guid":{"rendered":"http:\/\/klubmamgdynia.pl\/index.php\/produkt\/corolle-lalka-manon-bobas-30cm-100270\/"},"modified":"2026-05-17T23:03:09","modified_gmt":"2026-05-17T21:03:09","slug":"corolle-lalka-manon-bobas-30cm-100270","status":"publish","type":"product","link":"http:\/\/klubmamgdynia.pl\/index.php\/produkt\/corolle-lalka-manon-bobas-30cm-100270\/","title":{"rendered":"Corolle Lalka Manon Bobas 30Cm 100270"},"content":{"rendered":"<p>Lalka Manon bobas 30 cm 100270 Corolle Dane produktu:Bobas Manon z kolekcji francuskiej marki Corolle.Lalka ma 30 cm, jest wykonana z mi\u0119kkiego w dotyku winylu o delikatnym zapachu wanilii.Ma elastyczne cia\u0142o, dzi\u0119ki czemu \u0142atwo j\u0105 posadzi\u0107 i odgrywa\u0107 rol\u0119 z \u017cycia codziennego.Manon ubrana jest w eleganckie r\u00f3\u017cowe \u015bpioszki z r\u00f3\u017cow\u0105 kokard\u0105 i lam\u00f3wkami, a na g\u0142owie ma pasuj\u0105c\u0105 czapeczk\u0119 z kokard\u0105.Zamyka oczy, kiedy k\u0142adziesz j\u0105 na plecach.Od 18 msc.<\/p>\n<h2>Corolle Lalka Manon Bobas 30Cm 100270 Corolle<\/h2>\n<p>sentencje ma\u0142y ksi\u0105\u017ce cytaty, zagadka nie do rozwi\u0105zania, sing 2 multikino, ja\u015bmina imi\u0119, zagadki dla dzieci, kubu\u015b puchatek cytaty, quiz o samochodach, prezent dla 7 latka<\/p>\n<p>yyyyy<\/p>\n<p>&nbsp;<\/p>\n","protected":false},"excerpt":{"rendered":"<p>Lalka Manon bobas 30 cm 100270 Corolle Dane produktu:Bobas Manon z kolekcji francuskiej marki Corolle.Lalka ma 30 cm, jest wykonana z mi\u0119kkiego w dotyku winylu o delikatnym zapachu wanilii.Ma elastyczne cia\u0142o, dzi\u0119ki czemu \u0142atwo j\u0105 posadzi\u0107 i odgrywa\u0107 rol\u0119 z \u017cycia codziennego.Manon ubrana jest w eleganckie r\u00f3\u017cowe \u015bpioszki z r\u00f3\u017cow\u0105 kokard\u0105 i lam\u00f3wkami, a na [&hellip;]<\/p>\n","protected":false},"featured_media":3853,"comment_status":"closed","ping_status":"open","template":"","meta":[],"product_cat":[1136,65],"product_tag":[807,644,579,641],"class_list":["post-3852","product","type-product","status-publish","has-post-thumbnail","hentry","product_cat-corolle","product_cat-lalki","product_tag-logiczne-zagadki","product_tag-mia","product_tag-quiz-opowiesci-z-narnii-lew-czarownica-i-stara-szafa","product_tag-trudne-zagadki-logiczne"],"_links":{"self":[{"href":"http:\/\/klubmamgdynia.pl\/index.php\/wp-json\/wp\/v2\/product\/3852","targetHints":{"allow":["GET"]}}],"collection":[{"href":"http:\/\/klubmamgdynia.pl\/index.php\/wp-json\/wp\/v2\/product"}],"about":[{"href":"http:\/\/klubmamgdynia.pl\/index.php\/wp-json\/wp\/v2\/types\/product"}],"replies":[{"embeddable":true,"href":"http:\/\/klubmamgdynia.pl\/index.php\/wp-json\/wp\/v2\/comments?post=3852"}],"wp:featuredmedia":[{"embeddable":true,"href":"http:\/\/klubmamgdynia.pl\/index.php\/wp-json\/wp\/v2\/media\/3853"}],"wp:attachment":[{"href":"http:\/\/klubmamgdynia.pl\/index.php\/wp-json\/wp\/v2\/media?parent=3852"}],"wp:term":[{"taxonomy":"product_cat","embeddable":true,"href":"http:\/\/klubmamgdynia.pl\/index.php\/wp-json\/wp\/v2\/product_cat?post=3852"},{"taxonomy":"product_tag","embeddable":true,"href":"http:\/\/klubmamgdynia.pl\/index.php\/wp-json\/wp\/v2\/product_tag?post=3852"}],"curies":[{"name":"wp","href":"https:\/\/api.w.org\/{rel}","templated":true}]}}