{"id":3854,"date":"2011-07-30T19:34:17","date_gmt":"2011-07-30T17:34:17","guid":{"rendered":"http:\/\/klubmamgdynia.pl\/index.php\/produkt\/adar-kuferek-walizka-z-uchwytem-s-mieniacy\/"},"modified":"2026-04-28T13:06:05","modified_gmt":"2026-04-28T11:06:05","slug":"adar-kuferek-walizka-z-uchwytem-s-mieniacy","status":"publish","type":"product","link":"http:\/\/klubmamgdynia.pl\/index.php\/produkt\/adar-kuferek-walizka-z-uchwytem-s-mieniacy\/","title":{"rendered":"ADAR KUFEREK WALIZKA Z UCHWYTEM S MIENI\u0104CY"},"content":{"rendered":"<p>Kuferek zosta\u0142 bardzo solidnie wykonany, posiada jedn\u0105 pojemn\u0105 komor\u0119 zamykan\u0105 na suwak zako\u0144czony ozdobnym uchwytem. Idealny do przechowywania pierwszych kosmetyk\u00f3w dziewczynek. Sprawdzi si\u0119 te\u017c jako schowek na przybory szkolne albo r\u00f3\u017cne drobiazgi. Dzi\u0119ki wygodnej, metalowej r\u0105czce Twoja pociecha b\u0119dzie mog\u0142a zabra\u0107 swoj\u0105 kosmetyczk\u0119 gdzie tylko zechce.<\/p>\n<h2>ADAR KUFEREK WALIZKA Z UCHWYTEM S MIENI\u0104CY Adar<\/h2>\n<p>piosenka dla taty przedszkole, esmeralda, nauka polskiego dla dzieci z ukrainy, anio\u0142ki w niebie pisz\u0105, zagadki liczbowe, bajka dla dzieci do czytania, test z lektury miko\u0142ajek do druku, niech \u017cyj\u0105 wakacje tekst, test z lektury felix net i nika oraz gang niewidzialnych ludzi, weso\u0142e pisanki tekst, smoki rysunek, kolorowanki do druku kotki, krecik bajka, najrzadsze imiona, stolice europy quiz, jan pawe\u0142 2 rysunek \u0142atwy dla dzieci, iwo imie, jagna imi\u0119, auto kolorowanka, jak narysowa\u0107 nos<\/p>\n<p>yyyyy<\/p>\n<p>&nbsp;<\/p>\n","protected":false},"excerpt":{"rendered":"<p>Kuferek zosta\u0142 bardzo solidnie wykonany, posiada jedn\u0105 pojemn\u0105 komor\u0119 zamykan\u0105 na suwak zako\u0144czony ozdobnym uchwytem. Idealny do przechowywania pierwszych kosmetyk\u00f3w dziewczynek. Sprawdzi si\u0119 te\u017c jako schowek na przybory szkolne albo r\u00f3\u017cne drobiazgi. Dzi\u0119ki wygodnej, metalowej r\u0105czce Twoja pociecha b\u0119dzie mog\u0142a zabra\u0107 swoj\u0105 kosmetyczk\u0119 gdzie tylko zechce. ADAR KUFEREK WALIZKA Z UCHWYTEM S MIENI\u0104CY Adar piosenka [&hellip;]<\/p>\n","protected":false},"featured_media":3855,"comment_status":"closed","ping_status":"open","template":"","meta":[],"product_cat":[175,1137],"product_tag":[727,775,697,856],"class_list":["post-3854","product","type-product","status-publish","has-post-thumbnail","hentry","product_cat-adar","product_cat-kosmetyczki","product_tag-godlo-polski-do-druku","product_tag-kolorowanki-do-druku-pokemon","product_tag-krotkie-bajki-do-czytania","product_tag-prezent-dla-16-latki"],"_links":{"self":[{"href":"http:\/\/klubmamgdynia.pl\/index.php\/wp-json\/wp\/v2\/product\/3854","targetHints":{"allow":["GET"]}}],"collection":[{"href":"http:\/\/klubmamgdynia.pl\/index.php\/wp-json\/wp\/v2\/product"}],"about":[{"href":"http:\/\/klubmamgdynia.pl\/index.php\/wp-json\/wp\/v2\/types\/product"}],"replies":[{"embeddable":true,"href":"http:\/\/klubmamgdynia.pl\/index.php\/wp-json\/wp\/v2\/comments?post=3854"}],"wp:featuredmedia":[{"embeddable":true,"href":"http:\/\/klubmamgdynia.pl\/index.php\/wp-json\/wp\/v2\/media\/3855"}],"wp:attachment":[{"href":"http:\/\/klubmamgdynia.pl\/index.php\/wp-json\/wp\/v2\/media?parent=3854"}],"wp:term":[{"taxonomy":"product_cat","embeddable":true,"href":"http:\/\/klubmamgdynia.pl\/index.php\/wp-json\/wp\/v2\/product_cat?post=3854"},{"taxonomy":"product_tag","embeddable":true,"href":"http:\/\/klubmamgdynia.pl\/index.php\/wp-json\/wp\/v2\/product_tag?post=3854"}],"curies":[{"name":"wp","href":"https:\/\/api.w.org\/{rel}","templated":true}]}}