{"id":3856,"date":"2019-04-10T08:42:45","date_gmt":"2019-04-10T06:42:45","guid":{"rendered":"http:\/\/klubmamgdynia.pl\/index.php\/produkt\/luxma-zelazko-na-baterie-spryskiwacz-dzwiek-swiatl-3207c-zabawka\/"},"modified":"2026-05-17T22:33:13","modified_gmt":"2026-05-17T20:33:13","slug":"luxma-zelazko-na-baterie-spryskiwacz-dzwiek-swiatl-3207c-zabawka","status":"publish","type":"product","link":"http:\/\/klubmamgdynia.pl\/index.php\/produkt\/luxma-zelazko-na-baterie-spryskiwacz-dzwiek-swiatl-3207c-zabawka\/","title":{"rendered":"Luxma \u017belazko Na Baterie Spryskiwacz D\u017awi\u0119k \u015awiat\u0142 3207C &#8211; Zabawka"},"content":{"rendered":"<p>\u017bELAZKO PAROWE NA BATERIE SPRYSKIWACZ D\u0179WI\u0118K \u015aWIAT\u0141O\u017belazko ze spryskiwaczem \u015awiat\u0142a LED D\u017awi\u0119ki dla Dzieci\u017belazko do zabawy jak prawdziweUdana zabawa w Pana\/Pani\u0105 Domu czy mo\u017ce by\u0107 jeszcze bardziej ciekawa i atrakcyjna. \u017belazko z spryskiwaczem rozweseli dziecko i wywo\u0142a szczery u\u015bmiech dzi\u0119ki funkcji spryskiwacza \u015bwiat\u0142a Led oraz d\u017awi\u0119k\u00f3w!Wymiary \u017celazka:wymiar opakowania: 24x 14 x 12 cmcertyfikat: CEwiek: 3 +waga: 0,25 kg\u017belazko ze spryskiwaczemW czasie zabawy mo\u017cna spryskiwania wod\u0105, gra muzyka i \u015bwiec\u0105 \u015bwiate\u0142ka.Zabawka idealna do na\u015bladowania rodzic\u00f3w w pracach domowych.Wystarczy wla\u0107 wod\u0119 i w\u0142\u0105czy\u0107 \u017celazko. Zabawka jest zasilana przez 2 baterie AA (brak w zestawie).\u017belazko po w\u0142\u0105czeniu wydaje realistyczne d\u017awi\u0119ki i zapala mu si\u0119 dioda. Po wlaniu wody do zbiornika mo\u017cna uruchomi\u0107 tzw. funkcj\u0119 wodnego prasowania i spryska\u0107 prasowan\u0105 rzecz wod\u0105 dzi\u0119ki dozownikowi.Najwa\u017cniejsze cechy i zalety \u017celazka:zapewnia bezpieczna zabaw\u0119lekka i trwa\u0142a konstrukcjaposiada spryskiwacz na wod\u0119dzia\u0142a na baterieidealne do zabawy w na\u015bladowanie doros\u0142ych\u015bwiat\u0142o LED i muzykawysoka jako\u015b\u0107 wykonania z plastikuprosta obs\u0142uga dla dzieciwystarczy wla\u0107 wod\u0119 i w\u0142\u0105czy\u0107 \u017celazkorealistyczny wygl\u0105d i dzia\u0142anie urz\u0105dzeniaWymiary \u017celazka:d\u0142ugo\u015b\u0107: 18cmwysoko\u015b\u0107: 9cmg\u0142\u0119boko\u015b\u0107: 11cmWaga z opakowaniem: 350 gWymiary opakowania: 24 x 14 x 11,5 cmWymiary \u017celazka: 18 x 11 x 9 cmBaterie: 2AA (brak w zestawie)\u017belazko zapakowane w \u0142adne kolorowe pude\u0142ko.Idealne na prezent lub inn\u0105 okoliczno\u015b\u0107.<\/p>\n<h2>Luxma \u017belazko Na Baterie Spryskiwacz D\u017awi\u0119k \u015awiat\u0142 3207C &#8211; Zabawka Luxma<\/h2>\n<p>kolorowe ciasto, kontynenty dla dzieci do druku, maska spiderman, co na roczek dla dziewczynki, kolorowanki do druku konie, papierowe ozdoby \u015bwi\u0105teczne, papuga kolorowanka, opisy do zdj\u0119\u0107 dziecka<\/p>\n<p>yyyyy<\/p>\n<p>&nbsp;<\/p>\n","protected":false},"excerpt":{"rendered":"<p>\u017bELAZKO PAROWE NA BATERIE SPRYSKIWACZ D\u0179WI\u0118K \u015aWIAT\u0141O\u017belazko ze spryskiwaczem \u015awiat\u0142a LED D\u017awi\u0119ki dla Dzieci\u017belazko do zabawy jak prawdziweUdana zabawa w Pana\/Pani\u0105 Domu czy mo\u017ce by\u0107 jeszcze bardziej ciekawa i atrakcyjna. \u017belazko z spryskiwaczem rozweseli dziecko i wywo\u0142a szczery u\u015bmiech dzi\u0119ki funkcji spryskiwacza \u015bwiat\u0142a Led oraz d\u017awi\u0119k\u00f3w!Wymiary \u017celazka:wymiar opakowania: 24x 14 x 12 cmcertyfikat: CEwiek: 3 [&hellip;]<\/p>\n","protected":false},"featured_media":3857,"comment_status":"closed","ping_status":"open","template":"","meta":[],"product_cat":[53,327],"product_tag":[761,696,645,607],"class_list":["post-3856","product","type-product","status-publish","has-post-thumbnail","hentry","product_cat-kaciki-zabaw","product_cat-luxma","product_tag-choinko-piekna-jak-las-tekst","product_tag-film-rodzinny-o-swietach","product_tag-latwe-zagadki","product_tag-zarty-na-prima-aprilis-dla-rodzicow"],"_links":{"self":[{"href":"http:\/\/klubmamgdynia.pl\/index.php\/wp-json\/wp\/v2\/product\/3856","targetHints":{"allow":["GET"]}}],"collection":[{"href":"http:\/\/klubmamgdynia.pl\/index.php\/wp-json\/wp\/v2\/product"}],"about":[{"href":"http:\/\/klubmamgdynia.pl\/index.php\/wp-json\/wp\/v2\/types\/product"}],"replies":[{"embeddable":true,"href":"http:\/\/klubmamgdynia.pl\/index.php\/wp-json\/wp\/v2\/comments?post=3856"}],"wp:featuredmedia":[{"embeddable":true,"href":"http:\/\/klubmamgdynia.pl\/index.php\/wp-json\/wp\/v2\/media\/3857"}],"wp:attachment":[{"href":"http:\/\/klubmamgdynia.pl\/index.php\/wp-json\/wp\/v2\/media?parent=3856"}],"wp:term":[{"taxonomy":"product_cat","embeddable":true,"href":"http:\/\/klubmamgdynia.pl\/index.php\/wp-json\/wp\/v2\/product_cat?post=3856"},{"taxonomy":"product_tag","embeddable":true,"href":"http:\/\/klubmamgdynia.pl\/index.php\/wp-json\/wp\/v2\/product_tag?post=3856"}],"curies":[{"name":"wp","href":"https:\/\/api.w.org\/{rel}","templated":true}]}}