{"id":3858,"date":"2012-06-07T01:44:08","date_gmt":"2012-06-06T23:44:08","guid":{"rendered":"http:\/\/klubmamgdynia.pl\/index.php\/produkt\/vimse-pielucha-do-plywania-l-yellow-whale\/"},"modified":"2026-05-17T22:47:38","modified_gmt":"2026-05-17T20:47:38","slug":"vimse-pielucha-do-plywania-l-yellow-whale","status":"publish","type":"product","link":"http:\/\/klubmamgdynia.pl\/index.php\/produkt\/vimse-pielucha-do-plywania-l-yellow-whale\/","title":{"rendered":"Vimse Pielucha Do P\u0142ywania L Yellow Whale"},"content":{"rendered":"<p>Super lekka i wygodna Wyj\u0105tkowo lekka pielucha k\u0105pielowa Vimse w rozmiarze L zapobiega przedostawaniu si\u0119 stolca do wody i zapewnia beztrosk\u0105 rado\u015b\u0107 z k\u0105pieli! Materia\u0142 pieluchy jest wyj\u0105tkowo mi\u0119kki i elastyczny, dzi\u0119ki czemu nie uwiera, a do tego bardzo szybko schnie. Boczne zatrzaski u\u0142atwiaj\u0105 zak\u0142adanie i zdejmowanie pieluchy, kt\u00f3ra idealnie nadaje si\u0119 do zabawy w basenie, na pla\u017cy, nad jeziorem itp. Wyprodukowano na \u0141otwie.<\/p>\n<h2>Vimse Pielucha Do P\u0142ywania L Yellow Whale <\/h2>\n<p>sing 2 multikino, bajki na dobranoc, zagadki wielkanocne do druku, narysowa\u0107 rysunki \u0142atwe, kolorowanki do druku dla dziewczyn, prezenty dla 15 latki, dzie\u0144 mamy sentencje, znajd\u017a r\u00f3\u017cnice do druku, test wiedzy zemsta, imi\u0119 iwo, roczek dziewczynki, cytat rodzina, co mo\u017cna zrobi\u0107 z rolki papieru<\/p>\n<p>yyyyy<\/p>\n<p>&nbsp;<\/p>\n","protected":false},"excerpt":{"rendered":"<p>Super lekka i wygodna Wyj\u0105tkowo lekka pielucha k\u0105pielowa Vimse w rozmiarze L zapobiega przedostawaniu si\u0119 stolca do wody i zapewnia beztrosk\u0105 rado\u015b\u0107 z k\u0105pieli! Materia\u0142 pieluchy jest wyj\u0105tkowo mi\u0119kki i elastyczny, dzi\u0119ki czemu nie uwiera, a do tego bardzo szybko schnie. Boczne zatrzaski u\u0142atwiaj\u0105 zak\u0142adanie i zdejmowanie pieluchy, kt\u00f3ra idealnie nadaje si\u0119 do zabawy w [&hellip;]<\/p>\n","protected":false},"featured_media":3859,"comment_status":"closed","ping_status":"open","template":"","meta":[],"product_cat":[17],"product_tag":[827,686,774,803],"class_list":["post-3858","product","type-product","status-publish","has-post-thumbnail","hentry","product_cat-pieluchy","product_tag-bajki-dla-niemowlat","product_tag-co-na-roczek-dla-chlopca","product_tag-prezent-na-roczek-nie-zabawka","product_tag-szlaczki-do-druku"],"_links":{"self":[{"href":"http:\/\/klubmamgdynia.pl\/index.php\/wp-json\/wp\/v2\/product\/3858","targetHints":{"allow":["GET"]}}],"collection":[{"href":"http:\/\/klubmamgdynia.pl\/index.php\/wp-json\/wp\/v2\/product"}],"about":[{"href":"http:\/\/klubmamgdynia.pl\/index.php\/wp-json\/wp\/v2\/types\/product"}],"replies":[{"embeddable":true,"href":"http:\/\/klubmamgdynia.pl\/index.php\/wp-json\/wp\/v2\/comments?post=3858"}],"wp:featuredmedia":[{"embeddable":true,"href":"http:\/\/klubmamgdynia.pl\/index.php\/wp-json\/wp\/v2\/media\/3859"}],"wp:attachment":[{"href":"http:\/\/klubmamgdynia.pl\/index.php\/wp-json\/wp\/v2\/media?parent=3858"}],"wp:term":[{"taxonomy":"product_cat","embeddable":true,"href":"http:\/\/klubmamgdynia.pl\/index.php\/wp-json\/wp\/v2\/product_cat?post=3858"},{"taxonomy":"product_tag","embeddable":true,"href":"http:\/\/klubmamgdynia.pl\/index.php\/wp-json\/wp\/v2\/product_tag?post=3858"}],"curies":[{"name":"wp","href":"https:\/\/api.w.org\/{rel}","templated":true}]}}