{"id":3860,"date":"2021-04-10T20:18:05","date_gmt":"2021-04-10T18:18:05","guid":{"rendered":"http:\/\/klubmamgdynia.pl\/index.php\/produkt\/bigbuy-fun-dzwignia-anttrike-push-szary\/"},"modified":"2026-04-04T02:31:36","modified_gmt":"2026-04-04T00:31:36","slug":"bigbuy-fun-dzwignia-anttrike-push-szary","status":"publish","type":"product","link":"http:\/\/klubmamgdynia.pl\/index.php\/produkt\/bigbuy-fun-dzwignia-anttrike-push-szary\/","title":{"rendered":"Bigbuy Fun D\u017awignia Anttrike Push Szary"},"content":{"rendered":"<p>Dzieci zas\u0142uguj\u0105 na to co najlepsze, dlatego przedstawiamy Ci D\u017awignia Anttrike Push Szary, idealny dla tych, kt\u00f3rzy szukaj\u0105 produkt\u00f3w wysokiej jako\u015bci dla dzieci! Zdob\u0105d\u017a w najlepszych cenach!Materia\u0142: polipropylenPlastikowyZalecany Wiek: + 2 lat+ 3 latZasilana bateriami: NieKolor: SzaryWielokolorowy<\/p>\n<h2>Bigbuy Fun D\u017awignia Anttrike Push Szary Bigbuy Fun<\/h2>\n<p>ferie warszawa 2022, zagadki o zwierz\u0119tach, henryk, jednoro\u017cec kolorowanka do druku, bo\u017ce narodzenie (film), farma dyni poznan, jak zapakowa\u0107 prezent dla dziecka, rozalia imie, test z lektury miko\u0142ajek do druku<\/p>\n<p>yyyyy<\/p>\n<p>&nbsp;<\/p>\n","protected":false},"excerpt":{"rendered":"<p>Dzieci zas\u0142uguj\u0105 na to co najlepsze, dlatego przedstawiamy Ci D\u017awignia Anttrike Push Szary, idealny dla tych, kt\u00f3rzy szukaj\u0105 produkt\u00f3w wysokiej jako\u015bci dla dzieci! Zdob\u0105d\u017a w najlepszych cenach!Materia\u0142: polipropylenPlastikowyZalecany Wiek: + 2 lat+ 3 latZasilana bateriami: NieKolor: SzaryWielokolorowy Bigbuy Fun D\u017awignia Anttrike Push Szary Bigbuy Fun ferie warszawa 2022, zagadki o zwierz\u0119tach, henryk, jednoro\u017cec kolorowanka do [&hellip;]<\/p>\n","protected":false},"featured_media":3861,"comment_status":"closed","ping_status":"open","template":"","meta":[],"product_cat":[223,464],"product_tag":[622,706,692,592],"class_list":["post-3860","product","type-product","status-publish","has-post-thumbnail","hentry","product_cat-bigbuy-fun","product_cat-rowerki-trojkolowe","product_tag-fajne-zagadki","product_tag-imie-kuba","product_tag-prezenty-na-roczek","product_tag-zagadki-dla-dzieci"],"_links":{"self":[{"href":"http:\/\/klubmamgdynia.pl\/index.php\/wp-json\/wp\/v2\/product\/3860","targetHints":{"allow":["GET"]}}],"collection":[{"href":"http:\/\/klubmamgdynia.pl\/index.php\/wp-json\/wp\/v2\/product"}],"about":[{"href":"http:\/\/klubmamgdynia.pl\/index.php\/wp-json\/wp\/v2\/types\/product"}],"replies":[{"embeddable":true,"href":"http:\/\/klubmamgdynia.pl\/index.php\/wp-json\/wp\/v2\/comments?post=3860"}],"wp:featuredmedia":[{"embeddable":true,"href":"http:\/\/klubmamgdynia.pl\/index.php\/wp-json\/wp\/v2\/media\/3861"}],"wp:attachment":[{"href":"http:\/\/klubmamgdynia.pl\/index.php\/wp-json\/wp\/v2\/media?parent=3860"}],"wp:term":[{"taxonomy":"product_cat","embeddable":true,"href":"http:\/\/klubmamgdynia.pl\/index.php\/wp-json\/wp\/v2\/product_cat?post=3860"},{"taxonomy":"product_tag","embeddable":true,"href":"http:\/\/klubmamgdynia.pl\/index.php\/wp-json\/wp\/v2\/product_tag?post=3860"}],"curies":[{"name":"wp","href":"https:\/\/api.w.org\/{rel}","templated":true}]}}