{"id":3864,"date":"2013-06-22T23:26:25","date_gmt":"2013-06-22T21:26:25","guid":{"rendered":"http:\/\/klubmamgdynia.pl\/index.php\/produkt\/bravera-control-aerozol-na-skore-roztwor-96mg-g-8ml\/"},"modified":"2026-04-18T21:14:06","modified_gmt":"2026-04-18T19:14:06","slug":"bravera-control-aerozol-na-skore-roztwor-96mg-g-8ml","status":"publish","type":"product","link":"http:\/\/klubmamgdynia.pl\/index.php\/produkt\/bravera-control-aerozol-na-skore-roztwor-96mg-g-8ml\/","title":{"rendered":"Bravera Control Aerozol Na Sk\u00f3r\u0119 Roztw\u00f3r 96Mg\/G 8ml"},"content":{"rendered":"<p>Lek Bravera Control to preparat wskazany do stosowania przed stosunkiem w przypadku przedwczesnego wytrysku u m\u0119\u017cczyzn powy\u017cej 18 roku \u017cycia. Substancj\u0105 czynn\u0105 leku jest lidokaina, kt\u00f3ra wykazuje miejscowe dzia\u0142anie znieczulaj\u0105ce. Dzi\u0119ki obecno\u015bci lidokainy lek zmniejsza wra\u017cliwo\u015b\u0107 \u017co\u0142\u0119dzi pr\u0105cia na dotyk, co pozwala na op\u00f3\u017anienie wytrysku (ejakulacji). Bravera Control podaje si\u0119 przed stosunkiem, przezsk\u00f3rnie w formie aerozolu. Produkt leczniczy dost\u0119pny bez recepty. Opakowanie leku to butelka z pompk\u0105 rozpylaj\u0105c\u0105, zawieraj\u0105ca 8ml roztworu.                            <\/p>\n<p>            Stosowanie<\/p>\n<p>Zalecana dawka to 3 do 7 naci\u015bni\u0119\u0107 pompki, wykonane w celu pokrycia trzonu i \u017co\u0142\u0119dzi pr\u0105cia, 5 do 15 minut przed stosunkiem. Je\u017celi po up\u0142ywie 5 minut na pr\u0105ciu pozostaje nadmiar leku, nale\u017cy go usun\u0105\u0107 przed stosunkiem. Ilo\u015b\u0107 i czas aplikacji powinny by\u0107 dobrane w zale\u017cno\u015bci od indywidualnych potrzeb. Nale\u017cy zawsze stosowa\u0107 najmniejsz\u0105 skuteczn\u0105 dawk\u0119. Pomi\u0119dzy zastosowaniem kolejnych dawek nale\u017cy zachowa\u0107 odst\u0119p co najmniej 4 godzin. Nie nale\u017cy przekracza\u0107 dawki 22 naci\u015bni\u0119\u0107 pompki w ci\u0105gu 24 godzin.Lek nie powinien by\u0107 stosowany d\u0142u\u017cej ni\u017c 1 miesi\u0105c bez nadzoru lekarza.                            <\/p>\n<p>            Sk\u0142ad<\/p>\n<p>1g aerozolu zawiera:substancj\u0119 czynn\u0105: 96mg lidokainy.pozosta\u0142e sk\u0142adniki: kwas stearynowy, izopropylu mirystynian, glikolu dietylenowego monoetylowy eter.Ka\u017cde naci\u015bni\u0119cie pompki rozpylaj\u0105cej dostarcza 0,085 ml roztworu (co odpowiada 81,98mg aerozolu zawieraj\u0105cego 7,87mg lidokainy).<\/p>\n<h2>Bravera Control Aerozol Na Sk\u00f3r\u0119 Roztw\u00f3r 96Mg\/G 8ml Aflofarm<\/h2>\n<p>prezenty dla nastolatki, imi\u0119 pola, \u015bmieszne zagadki matematyczne, prezenty dla nastolatek, wakacje kolorowanka, planety uk\u0142ad s\u0142oneczny dla dzieci do druku, zagadki o psach, quizy psi patrol, prezent dla 7 latki, imi\u0119 pola, test z lektury kajko i kokosz, gry i zabawy dla dzieci<\/p>\n<p>yyyyy<\/p>\n<p>&nbsp;<\/p>\n","protected":false},"excerpt":{"rendered":"<p>Lek Bravera Control to preparat wskazany do stosowania przed stosunkiem w przypadku przedwczesnego wytrysku u m\u0119\u017cczyzn powy\u017cej 18 roku \u017cycia. Substancj\u0105 czynn\u0105 leku jest lidokaina, kt\u00f3ra wykazuje miejscowe dzia\u0142anie znieczulaj\u0105ce. Dzi\u0119ki obecno\u015bci lidokainy lek zmniejsza wra\u017cliwo\u015b\u0107 \u017co\u0142\u0119dzi pr\u0105cia na dotyk, co pozwala na op\u00f3\u017anienie wytrysku (ejakulacji). Bravera Control podaje si\u0119 przed stosunkiem, przezsk\u00f3rnie w formie [&hellip;]<\/p>\n","protected":false},"featured_media":3865,"comment_status":"closed","ping_status":"open","template":"","meta":[],"product_cat":[201,193],"product_tag":[848,612,690,687,714],"class_list":["post-3864","product","type-product","status-publish","has-post-thumbnail","hentry","product_cat-aflofarm","product_cat-uklad-moczowy-i-plciowy","product_tag-cytat-o-rodzinie","product_tag-kolorowanki-do-druku","product_tag-pieski-male-dwa-tekst","product_tag-podchwytliwe-zagadki-matematyczne","product_tag-zagadki-logiczne"],"_links":{"self":[{"href":"http:\/\/klubmamgdynia.pl\/index.php\/wp-json\/wp\/v2\/product\/3864","targetHints":{"allow":["GET"]}}],"collection":[{"href":"http:\/\/klubmamgdynia.pl\/index.php\/wp-json\/wp\/v2\/product"}],"about":[{"href":"http:\/\/klubmamgdynia.pl\/index.php\/wp-json\/wp\/v2\/types\/product"}],"replies":[{"embeddable":true,"href":"http:\/\/klubmamgdynia.pl\/index.php\/wp-json\/wp\/v2\/comments?post=3864"}],"wp:featuredmedia":[{"embeddable":true,"href":"http:\/\/klubmamgdynia.pl\/index.php\/wp-json\/wp\/v2\/media\/3865"}],"wp:attachment":[{"href":"http:\/\/klubmamgdynia.pl\/index.php\/wp-json\/wp\/v2\/media?parent=3864"}],"wp:term":[{"taxonomy":"product_cat","embeddable":true,"href":"http:\/\/klubmamgdynia.pl\/index.php\/wp-json\/wp\/v2\/product_cat?post=3864"},{"taxonomy":"product_tag","embeddable":true,"href":"http:\/\/klubmamgdynia.pl\/index.php\/wp-json\/wp\/v2\/product_tag?post=3864"}],"curies":[{"name":"wp","href":"https:\/\/api.w.org\/{rel}","templated":true}]}}