{"id":3866,"date":"2015-08-27T06:02:20","date_gmt":"2015-08-27T04:02:20","guid":{"rendered":"http:\/\/klubmamgdynia.pl\/index.php\/produkt\/guma-do-skakania-natalia-artyk\/"},"modified":"2026-04-06T22:14:14","modified_gmt":"2026-04-06T20:14:14","slug":"guma-do-skakania-natalia-artyk","status":"publish","type":"product","link":"http:\/\/klubmamgdynia.pl\/index.php\/produkt\/guma-do-skakania-natalia-artyk\/","title":{"rendered":"Guma do skakania Natalia ARTYK"},"content":{"rendered":"<p>W ofercie przedstawiamy Pa\u0144stwu \u015bwietn\u0105 skakank\u0119, kt\u00f3ra zawiera brokat.Dzi\u0119ki brokatowi, skakanka jest prze\u015bliczna. Posiada wyraziste kolory jest rozci\u0105gliwa.Do wyboru s\u0105 4 kolory:1. Niebieski2. R\u00f3\u017cowy3. Zielony4. Z\u00f3\u0142tyPodczas sk\u0142adania zam\u00f3wienia prosimy o podanie nr lub koloru. W przeciwnym razie, kolor wysy\u0142any jest losowo.<\/p>\n<h2>Guma do skakania Natalia ARTYK Artyk<\/h2>\n<p>dzieci.pl, dla dzieci warszawa, quizy online, zagadki o zwierz\u0119tach dla dzieci, zagadki matematyczne z odpowiedziami, bajki terapeutyczne o emocjach pdf, zagadki wielkanocne dla dzieci, cytat z kubusia puchatka o mi\u0142o\u015bci, na wyspach bergamutach tekst, pani wiosna do druku, tupu tup po \u015bniegu tekst, prezent dla 7 latka ch\u0142opca, test z lektury opowie\u015bci z narni lew czarownica i stara szafa, pomys\u0142y na prezent na roczek<\/p>\n<p>yyyyy<\/p>\n<p>&nbsp;<\/p>\n","protected":false},"excerpt":{"rendered":"<p>W ofercie przedstawiamy Pa\u0144stwu \u015bwietn\u0105 skakank\u0119, kt\u00f3ra zawiera brokat.Dzi\u0119ki brokatowi, skakanka jest prze\u015bliczna. Posiada wyraziste kolory jest rozci\u0105gliwa.Do wyboru s\u0105 4 kolory:1. Niebieski2. R\u00f3\u017cowy3. Zielony4. Z\u00f3\u0142tyPodczas sk\u0142adania zam\u00f3wienia prosimy o podanie nr lub koloru. W przeciwnym razie, kolor wysy\u0142any jest losowo. Guma do skakania Natalia ARTYK Artyk dzieci.pl, dla dzieci warszawa, quizy online, zagadki o [&hellip;]<\/p>\n","protected":false},"featured_media":3867,"comment_status":"closed","ping_status":"open","template":"","meta":[],"product_cat":[336,120],"product_tag":[686,719,744,752],"class_list":["post-3866","product","type-product","status-publish","has-post-thumbnail","hentry","product_cat-artyk","product_cat-zabawki-i-gry-sportowe","product_tag-co-na-roczek-dla-chlopca","product_tag-dziecko-cytaty-zlote-mysli","product_tag-kolorowanki-swiateczne-do-wydruku","product_tag-kuba-imie"],"_links":{"self":[{"href":"http:\/\/klubmamgdynia.pl\/index.php\/wp-json\/wp\/v2\/product\/3866","targetHints":{"allow":["GET"]}}],"collection":[{"href":"http:\/\/klubmamgdynia.pl\/index.php\/wp-json\/wp\/v2\/product"}],"about":[{"href":"http:\/\/klubmamgdynia.pl\/index.php\/wp-json\/wp\/v2\/types\/product"}],"replies":[{"embeddable":true,"href":"http:\/\/klubmamgdynia.pl\/index.php\/wp-json\/wp\/v2\/comments?post=3866"}],"wp:featuredmedia":[{"embeddable":true,"href":"http:\/\/klubmamgdynia.pl\/index.php\/wp-json\/wp\/v2\/media\/3867"}],"wp:attachment":[{"href":"http:\/\/klubmamgdynia.pl\/index.php\/wp-json\/wp\/v2\/media?parent=3866"}],"wp:term":[{"taxonomy":"product_cat","embeddable":true,"href":"http:\/\/klubmamgdynia.pl\/index.php\/wp-json\/wp\/v2\/product_cat?post=3866"},{"taxonomy":"product_tag","embeddable":true,"href":"http:\/\/klubmamgdynia.pl\/index.php\/wp-json\/wp\/v2\/product_tag?post=3866"}],"curies":[{"name":"wp","href":"https:\/\/api.w.org\/{rel}","templated":true}]}}