{"id":3868,"date":"2011-10-25T16:09:17","date_gmt":"2011-10-25T14:09:17","guid":{"rendered":"http:\/\/klubmamgdynia.pl\/index.php\/produkt\/fotelik-samochodowy-cybex-cloud-z-i-size-for-scuderia-ferrari-silver-grey-0-13kg\/"},"modified":"2026-04-29T00:17:27","modified_gmt":"2026-04-28T22:17:27","slug":"fotelik-samochodowy-cybex-cloud-z-i-size-for-scuderia-ferrari-silver-grey-0-13kg","status":"publish","type":"product","link":"http:\/\/klubmamgdynia.pl\/index.php\/produkt\/fotelik-samochodowy-cybex-cloud-z-i-size-for-scuderia-ferrari-silver-grey-0-13kg\/","title":{"rendered":"Fotelik samochodowy Cybex Cloud Z i-Size for Scuderia Ferrari Silver Grey 0-13kg"},"content":{"rendered":"<p>Cybex Cloud Z i-Size for Scuderia Ferrari Silver Grey 0-13kg<\/p>\n<p>Cybex<br \/>\nCloud Z i-Size to obrotowy fotelik montowany ty\u0142em do kierunku jazdy. Oznacza<br \/>\nto, \u017ce gwarantuje on Twojemu dziecko najwy\u017csz\u0105 mo\u017cliw\u0105 ochron\u0119 w razie wypadku.<br \/>\nTo ulepszony nast\u0119pca znanego fotelika Cybex Cloud Q, co czyni produktem<br \/>\nprawdziwie godnym zaufania. O tym, \u017ce jest on maksymalnie bezpieczny \u015bwiadczy<br \/>\nfakt, \u017ce spe\u0142nia on najnowsz\u0105 norm\u0119 i-Size. Ponadto dla Twojej wygody posiada<br \/>\non wygodne obrotowe siedzisko, kt\u00f3ra pozwoli Ci na \u0142atwe wyjmowanie i wk\u0142adanie<br \/>\ndziecka do jego wn\u0119trza. Dodatkow\u0105 zalet\u0105 tego rozwi\u0105zania jest fakt, \u017ce nie<br \/>\nnara\u017casz kr\u0119gos\u0142upa dziecka na przeci\u0105\u017cenie. Fotelik Cybex Cloud Z i-Size<br \/>\nprzeznaczony jest dla dziecka od chwili urodzenia, a\u017c do czasu, gdy osi\u0105gnie<br \/>\nono wzrost 80 cm w wieku oko\u0142o 4 lat.                            <\/p>\n<p>Cechy<br \/>\nfotelika Cybex Cloud Z i-Size:Pozycja<br \/>\nle\u017c\u0105ca poza samochodemFotelik<br \/>\nmo\u017ce zosta\u0107 roz\u0142o\u017cony do ergonomicznej i zdrowej dla kr\u0119gos\u0142upa dziecka pozycji.<br \/>\nTw\u00f3j maluch b\u0119dzie m\u00f3g\u0142 drzema\u0107 w najwygodniejszym po\u0142o\u017ceniu. Do regulacji<br \/>\nfotelika wystarczy ruch jednej r\u0119ki!Zintegrowany<br \/>\nsystem L.S.PFotelik<br \/>\nposiada system L.S.P. wraz z poch\u0142aniaj\u0105c\u0105 energi\u0119 skorupk\u0105 znacznie poprawia<br \/>\nbezpiecze\u0144stwo dziecka w razie zderzenia bocznego. Si\u0142y dzia\u0142aj\u0105ce na dziecko<br \/>\nzostaj\u0105 zredukowane do 25%.11<br \/>\npozycji zag\u0142\u00f3wkaMo\u017cesz<br \/>\nregulowa\u0107 je wraz z pasami, dzi\u0119ki czemu w prosty spos\u00f3b dopasujesz fotelik<br \/>\nCloud Z iSize do zmian wzrostu Twojego maluchaPe\u0142ne<br \/>\nbezpiecze\u0144stwoDla<br \/>\npe\u0142nej ochrony model Cloud Z iSize posiada 3-punktowe pasy bezpiecze\u0144stwa oraz<br \/>\nmi\u0119kkie otulinki w okolicach ramion.                            <\/p>\n<p>Wyjmowana<br \/>\nwk\u0142adka redukcyjna dla noworodk\u00f3wWk\u0142adka<br \/>\ngwarantuje Twojemu dziecku ergonomiczn\u0105 pozycj\u0119 od pierwszych tygodni \u017cycia, a\u017c<br \/>\ndo czasu, gdy osi\u0105gnie ono wzrost 60 cm. Jej zadaniem jest ochrona g\u0142\u00f3wki<br \/>\ndziecka &#8211; zapobiega ona przechylaniu si\u0119 jej do przodu. Zapewnia te\u017c optymaln\u0105<br \/>\npozycj\u0119 plec\u00f3w i ramion.Tapicerka<br \/>\nnajwy\u017cszej jako\u015bciTapicerka<br \/>\nfotelika w kolorze Khaki Green \u015bwietnie pasuje do ka\u017cdego wn\u0119trza<br \/>\nsamochodowego. Wyr\u00f3\u017cnia j\u0105 wysoka jako\u015b\u0107, kt\u00f3ra jest widoczna w mi\u0119kko\u015bci<br \/>\nmateria\u0142u. Ponadto jest ona w pe\u0142ni przyjazna dla sk\u00f3ry dziecka, a przy tym<br \/>\nbardzo trwa\u0142a.Doskona\u0142a<br \/>\nochrona przed s\u0142o\u0144cemFotelik<br \/>\nCloud Z iSize ma obszern\u0105, zintegrowan\u0105 i sk\u0142adan\u0105 budk\u0119 przeciws\u0142oneczn\u0105.<br \/>\nChroni ona dziecko przed promieniowaniem na poziomie UPF 50+.                            <\/p>\n<p>Zgodny<br \/>\nz normamiFotelik<br \/>\nCloud Z iSize spe\u0142nia norm\u0119 UN R129, dlatego mo\u017cesz mu zaufa\u0107.Mo\u017cliwo\u015b\u0107<br \/>\ndo\u0142\u0105czenia BASE ZZ baz\u0105<br \/>\nfotelik mo\u017cna zamontowa\u0107 za pomoc\u0105 z\u0142\u0105czy ISOFIX. Je\u015bli model Cloud Z i-Size<br \/>\njest na bazie, z \u0142atwo\u015bci\u0105 obr\u00f3cisz go w stron\u0119 drzwi. Ponadto baza wyposa\u017cona<br \/>\njest w system Driving Direction Control (D.D.C.), kt\u00f3ry blokuje ustawienie<br \/>\nfotelika inaczej ni\u017c ty\u0142em do kierunku jazdy.Wymiary<br \/>\nfotelika:d\u0142ugo\u015b\u0107<br \/>\n67 cm, szeroko\u015b\u0107 44 cm, g\u0142\u0119boko\u015b\u0107 38 cmWaga<br \/>\n4,8 kg<\/p>\n<h2>Fotelik samochodowy Cybex Cloud Z i-Size for Scuderia Ferrari Silver Grey 0-13kg Cybex<\/h2>\n<p>znaczenie imienia marcel, maska batmana do druku, pomys\u0142 na prezent dla nastolatka, kira imi\u0119, zemsta quizy, liwia znaczenie imienia, bajka o smoku, kornelia<\/p>\n<p>yyyyy<\/p>\n<p>&nbsp;<\/p>\n","protected":false},"excerpt":{"rendered":"<p>Cybex Cloud Z i-Size for Scuderia Ferrari Silver Grey 0-13kg Cybex Cloud Z i-Size to obrotowy fotelik montowany ty\u0142em do kierunku jazdy. Oznacza to, \u017ce gwarantuje on Twojemu dziecko najwy\u017csz\u0105 mo\u017cliw\u0105 ochron\u0119 w razie wypadku. To ulepszony nast\u0119pca znanego fotelika Cybex Cloud Q, co czyni produktem prawdziwie godnym zaufania. O tym, \u017ce jest on maksymalnie [&hellip;]<\/p>\n","protected":false},"featured_media":3869,"comment_status":"closed","ping_status":"open","template":"","meta":[],"product_cat":[34,32],"product_tag":[825,784,742,710],"class_list":["post-3868","product","type-product","status-publish","has-post-thumbnail","hentry","product_cat-cybex","product_cat-foteliki-samochodowe","product_tag-bajka-na-dobranoc-do-czytania","product_tag-hymn-gorniczy","product_tag-piosenki-dla-dzieci-tekst","product_tag-zagadki-dla-dzieci-10-12-lat"],"_links":{"self":[{"href":"http:\/\/klubmamgdynia.pl\/index.php\/wp-json\/wp\/v2\/product\/3868","targetHints":{"allow":["GET"]}}],"collection":[{"href":"http:\/\/klubmamgdynia.pl\/index.php\/wp-json\/wp\/v2\/product"}],"about":[{"href":"http:\/\/klubmamgdynia.pl\/index.php\/wp-json\/wp\/v2\/types\/product"}],"replies":[{"embeddable":true,"href":"http:\/\/klubmamgdynia.pl\/index.php\/wp-json\/wp\/v2\/comments?post=3868"}],"wp:featuredmedia":[{"embeddable":true,"href":"http:\/\/klubmamgdynia.pl\/index.php\/wp-json\/wp\/v2\/media\/3869"}],"wp:attachment":[{"href":"http:\/\/klubmamgdynia.pl\/index.php\/wp-json\/wp\/v2\/media?parent=3868"}],"wp:term":[{"taxonomy":"product_cat","embeddable":true,"href":"http:\/\/klubmamgdynia.pl\/index.php\/wp-json\/wp\/v2\/product_cat?post=3868"},{"taxonomy":"product_tag","embeddable":true,"href":"http:\/\/klubmamgdynia.pl\/index.php\/wp-json\/wp\/v2\/product_tag?post=3868"}],"curies":[{"name":"wp","href":"https:\/\/api.w.org\/{rel}","templated":true}]}}