{"id":387,"date":"2024-03-18T21:27:50","date_gmt":"2024-03-18T20:27:50","guid":{"rendered":"http:\/\/klubmamgdynia.pl\/index.php\/produkt\/clementoni-ucze-sie-bawiac-gawedziarz-dawno-dawno-temu\/"},"modified":"2026-04-28T16:55:31","modified_gmt":"2026-04-28T14:55:31","slug":"clementoni-ucze-sie-bawiac-gawedziarz-dawno-dawno-temu","status":"publish","type":"product","link":"http:\/\/klubmamgdynia.pl\/index.php\/produkt\/clementoni-ucze-sie-bawiac-gawedziarz-dawno-dawno-temu\/","title":{"rendered":"Clementoni Ucze Si\u0119 Bawi\u0105c Gaw\u0119dziarz Dawno Dawno Temu"},"content":{"rendered":"<p>Interaktywny gaw\u0119dziarzKa\u017cde po\u0142\u0105czenie to inna historia i \u015bwiat bajek, w kt\u00f3rym mo\u017cna si\u0119 zanurzy\u0107, wybieraj\u0105c postaci, scenerie, emocje i wydarzenia, kt\u00f3re s\u0105 zawsze nowe.Interaktywny narrator do tworzenia i s\u0142uchania 64 fabrycznie za\u0142adowanych historii i wielu innych do pobrania, z elementami do \u0142\u0105czenia za ka\u017cdym razem w inny spos\u00f3b.Obracaj\u0105c 3 b\u0119bny, dziecko mo\u017ce decydowa\u0107 o scenerii historii, bohaterze w\u015br\u00f3d zwierz\u0105t, postaciach fikcyjnych, maskaradach lub rzemios\u0142ach i o\u017cywi\u0107 histori\u0119, wybieraj\u0105c, co si\u0119 wydarzy.Idealna gra pobudzaj\u0105ca wyobra\u017ani\u0119 najm\u0142odszych, s\u0142uchanie i uwag\u0119. Wymagane bateria AA &#8211; do\u0142\u0105czone.Nr katalogowy: 50680Wymagania wiekowe: 3 +P\u0142e\u0107: Ch\u0142opcyP\u0142e\u0107: DziewczynkiProdukt na baterie: TakBaterie w zestawie: TakZasilanie: Baterie\/akumulatory AAKolor: Bia\u0142yWaga: 480Pozosta\u0142e parametry: Wymiary opakowania: 30 x 24 x 6 cm&#8230;<\/p>\n<h2>Clementoni Ucze Si\u0119 Bawi\u0105c Gaw\u0119dziarz Dawno Dawno Temu Clementoni<\/h2>\n<p>bajki na dobranoc psi patrol, zabawy ruchowe dla dzieci w przedszkolu, jak si\u0119 rysuje psa, test opowie\u015bci z narnii lew czarownica i stara szafa do druku, kolorowanka super zings, zagadki dla 3 latka, kajko i kokosz szko\u0142a latania &#8211; test do wydruku, bajki do czytania online, twarz wiosny do druku, prezent na roczek dla ch\u0142opca<\/p>\n<p>yyyyy<\/p>\n<p>&nbsp;<\/p>\n","protected":false},"excerpt":{"rendered":"<p>Interaktywny gaw\u0119dziarzKa\u017cde po\u0142\u0105czenie to inna historia i \u015bwiat bajek, w kt\u00f3rym mo\u017cna si\u0119 zanurzy\u0107, wybieraj\u0105c postaci, scenerie, emocje i wydarzenia, kt\u00f3re s\u0105 zawsze nowe.Interaktywny narrator do tworzenia i s\u0142uchania 64 fabrycznie za\u0142adowanych historii i wielu innych do pobrania, z elementami do \u0142\u0105czenia za ka\u017cdym razem w inny spos\u00f3b.Obracaj\u0105c 3 b\u0119bny, dziecko mo\u017ce decydowa\u0107 o scenerii [&hellip;]<\/p>\n","protected":false},"featured_media":388,"comment_status":"closed","ping_status":"open","template":"","meta":[],"product_cat":[163,39],"product_tag":[867,583,642,582,762,701],"class_list":["post-387","product","type-product","status-publish","has-post-thumbnail","hentry","product_cat-clementoni","product_cat-zabawki-interaktywne","product_tag-kolorowanki-dla-dziewczynek","product_tag-kolysanki-dla-dzieci-tekst","product_tag-mia-imie","product_tag-nauka-pisania-literek-do-wydruku-pdf","product_tag-trudne-zagadki-dla-dzieci","product_tag-zgadywanki-dla-dzieci"],"_links":{"self":[{"href":"http:\/\/klubmamgdynia.pl\/index.php\/wp-json\/wp\/v2\/product\/387","targetHints":{"allow":["GET"]}}],"collection":[{"href":"http:\/\/klubmamgdynia.pl\/index.php\/wp-json\/wp\/v2\/product"}],"about":[{"href":"http:\/\/klubmamgdynia.pl\/index.php\/wp-json\/wp\/v2\/types\/product"}],"replies":[{"embeddable":true,"href":"http:\/\/klubmamgdynia.pl\/index.php\/wp-json\/wp\/v2\/comments?post=387"}],"wp:featuredmedia":[{"embeddable":true,"href":"http:\/\/klubmamgdynia.pl\/index.php\/wp-json\/wp\/v2\/media\/388"}],"wp:attachment":[{"href":"http:\/\/klubmamgdynia.pl\/index.php\/wp-json\/wp\/v2\/media?parent=387"}],"wp:term":[{"taxonomy":"product_cat","embeddable":true,"href":"http:\/\/klubmamgdynia.pl\/index.php\/wp-json\/wp\/v2\/product_cat?post=387"},{"taxonomy":"product_tag","embeddable":true,"href":"http:\/\/klubmamgdynia.pl\/index.php\/wp-json\/wp\/v2\/product_tag?post=387"}],"curies":[{"name":"wp","href":"https:\/\/api.w.org\/{rel}","templated":true}]}}