{"id":3874,"date":"2025-06-20T21:26:06","date_gmt":"2025-06-20T19:26:06","guid":{"rendered":"http:\/\/klubmamgdynia.pl\/?post_type=product&#038;p=3874"},"modified":"2026-04-29T04:36:07","modified_gmt":"2026-04-29T02:36:07","slug":"mega-creative-auto-osobowe-met-11x10x4-mix6-disp-24-288-576","status":"publish","type":"product","link":"http:\/\/klubmamgdynia.pl\/index.php\/produkt\/mega-creative-auto-osobowe-met-11x10x4-mix6-disp-24-288-576\/","title":{"rendered":"Mega Creative Auto osobowe Met 11x10x4 Mix6 Disp 24\/288\/576"},"content":{"rendered":"<h2>Mega Creative Auto osobowe Met 11x10x4 Mix6 Disp 24\/288\/576 Mega Creative<\/h2>\n<p>test z lektury spos\u00f3b na alcybiadesa, quizy ma\u0142y ksi\u0105\u017c\u0119, kolorowanki lol, bajki dla niemowl\u0105t, prezent dla 7 latka, cytaty o dzieciach i rodzinie, znaki drogowe do druku, filmy rodzinne na halloween, samoch\u00f3d kolorowanka do druku, znaki drogowe quizy, rzadkie imiona \u017ce\u0144skie polskie, kolorowanki dla dziewczynek do druku, starodawne \u017cyczenia bo\u017conarodzeniowe, hymn g\u00f3rniczy, quiz o ro\u015blinach, adela, piosenki dla dzieci o jesieni, opisy o dziecku, karaluchy pod poduchy a szczypawki, kolorowanka mia i ja, testy na znaki drogowe<\/p>\n<p>yyyyy<\/p>\n<p>&nbsp;<\/p>\n","protected":false},"excerpt":{"rendered":"<p>Mega Creative Auto osobowe Met 11x10x4 Mix6 Disp 24\/288\/576 Mega Creative test z lektury spos\u00f3b na alcybiadesa, quizy ma\u0142y ksi\u0105\u017c\u0119, kolorowanki lol, bajki dla niemowl\u0105t, prezent dla 7 latka, cytaty o dzieciach i rodzinie, znaki drogowe do druku, filmy rodzinne na halloween, samoch\u00f3d kolorowanka do druku, znaki drogowe quizy, rzadkie imiona \u017ce\u0144skie polskie, kolorowanki dla [&hellip;]<\/p>\n","protected":false},"featured_media":3875,"comment_status":"closed","ping_status":"open","template":"","meta":[],"product_cat":[83,64],"product_tag":[832,787,652,615],"class_list":["post-3874","product","type-product","status-publish","has-post-thumbnail","hentry","product_cat-auta-i-inne-pojazdy-do-zabawy","product_cat-mega-creative","product_tag-desery-dla-dzieci","product_tag-nauka-pisania-wyrazow-dla-dzieci-do-druku-pdf","product_tag-otto","product_tag-znane-misie-z-filmow-animowanych"],"_links":{"self":[{"href":"http:\/\/klubmamgdynia.pl\/index.php\/wp-json\/wp\/v2\/product\/3874","targetHints":{"allow":["GET"]}}],"collection":[{"href":"http:\/\/klubmamgdynia.pl\/index.php\/wp-json\/wp\/v2\/product"}],"about":[{"href":"http:\/\/klubmamgdynia.pl\/index.php\/wp-json\/wp\/v2\/types\/product"}],"replies":[{"embeddable":true,"href":"http:\/\/klubmamgdynia.pl\/index.php\/wp-json\/wp\/v2\/comments?post=3874"}],"wp:featuredmedia":[{"embeddable":true,"href":"http:\/\/klubmamgdynia.pl\/index.php\/wp-json\/wp\/v2\/media\/3875"}],"wp:attachment":[{"href":"http:\/\/klubmamgdynia.pl\/index.php\/wp-json\/wp\/v2\/media?parent=3874"}],"wp:term":[{"taxonomy":"product_cat","embeddable":true,"href":"http:\/\/klubmamgdynia.pl\/index.php\/wp-json\/wp\/v2\/product_cat?post=3874"},{"taxonomy":"product_tag","embeddable":true,"href":"http:\/\/klubmamgdynia.pl\/index.php\/wp-json\/wp\/v2\/product_tag?post=3874"}],"curies":[{"name":"wp","href":"https:\/\/api.w.org\/{rel}","templated":true}]}}