{"id":3878,"date":"2024-07-11T14:16:16","date_gmt":"2024-07-11T12:16:16","guid":{"rendered":"http:\/\/klubmamgdynia.pl\/?post_type=product&#038;p=3878"},"modified":"2026-04-29T05:39:27","modified_gmt":"2026-04-29T03:39:27","slug":"mega-creative-zestaw-kuchenny-48x32x7-595d-ciastka-wb-24-zabawka","status":"publish","type":"product","link":"http:\/\/klubmamgdynia.pl\/index.php\/produkt\/mega-creative-zestaw-kuchenny-48x32x7-595d-ciastka-wb-24-zabawka\/","title":{"rendered":"Mega Creative Zestaw Kuchenny 48x32x7 595D Ciastka Wb 24 &#8211; Zabawka"},"content":{"rendered":"<p>Twoje dziecko najlepiej uczy si\u0119 poprzez zabaw\u0119. Zach\u0119caj\u0105c je do niej, przyczyniasz si\u0119 do rozwoju jego kreatywno\u015bci, zmys\u0142\u00f3w i zdolno\u015bci poznawczych. Zestaw s\u0142odko\u015bci MEGA CREATIVE b\u0119dzie doskona\u0142ym uzupe\u0142nieniem ka\u017cdej dzieci\u0119cej kuchni czy sklepu! W zestawie znajduj\u0105 si\u0119 r\u00f3\u017cne rodzaje lod\u00f3w, ciasteczek i donut\u00f3w oraz patera, sztu\u0107ce i akcesoria kuchenne. Ca\u0142o\u015b\u0107 wykonana z plastiku.Produkt przeznaczony dla dzieci w wieku: 3+.Wymiary opakowania(d\u0142. x wys. x g\u0142.) [cm]: 48x32x7.<\/p>\n<h2>Mega Creative Zestaw Kuchenny 48x32x7 595D Ciastka Wb 24 &#8211; Zabawka Mega Creative<\/h2>\n<p>prezent dla 16 latki, prosta zagadka, dla nastolatk\u00f3w prezenty, konstancja imie, prezent dla 7 latki, zagadki logiczne matematyczne dla dzieci, zagadki dla 7 latka, jak narysowa\u0107 anio\u0142ka, czapka g\u00f3rnika kolorowanka, zagadki dla przedszkolak\u00f3w, pan twardowski na ksi\u0119\u017cycu wiersz, auto kolorowanka, 20 pytania do lektury ma\u0142y ksi\u0105\u017c\u0119<\/p>\n<p>yyyyy<\/p>\n<p>&nbsp;<\/p>\n","protected":false},"excerpt":{"rendered":"<p>Twoje dziecko najlepiej uczy si\u0119 poprzez zabaw\u0119. Zach\u0119caj\u0105c je do niej, przyczyniasz si\u0119 do rozwoju jego kreatywno\u015bci, zmys\u0142\u00f3w i zdolno\u015bci poznawczych. Zestaw s\u0142odko\u015bci MEGA CREATIVE b\u0119dzie doskona\u0142ym uzupe\u0142nieniem ka\u017cdej dzieci\u0119cej kuchni czy sklepu! W zestawie znajduj\u0105 si\u0119 r\u00f3\u017cne rodzaje lod\u00f3w, ciasteczek i donut\u00f3w oraz patera, sztu\u0107ce i akcesoria kuchenne. Ca\u0142o\u015b\u0107 wykonana z plastiku.Produkt przeznaczony dla [&hellip;]<\/p>\n","protected":false},"featured_media":3879,"comment_status":"closed","ping_status":"open","template":"","meta":[],"product_cat":[53,64],"product_tag":[863,801,580,786,799],"class_list":["post-3878","product","type-product","status-publish","has-post-thumbnail","hentry","product_cat-kaciki-zabaw","product_cat-mega-creative","product_tag-bajki-dla-dziewczynek","product_tag-bajki-terapeutyczne-o-emocjach","product_tag-janusz","product_tag-prezent-na-1-urodziny","product_tag-zagadka-logiczna"],"_links":{"self":[{"href":"http:\/\/klubmamgdynia.pl\/index.php\/wp-json\/wp\/v2\/product\/3878","targetHints":{"allow":["GET"]}}],"collection":[{"href":"http:\/\/klubmamgdynia.pl\/index.php\/wp-json\/wp\/v2\/product"}],"about":[{"href":"http:\/\/klubmamgdynia.pl\/index.php\/wp-json\/wp\/v2\/types\/product"}],"replies":[{"embeddable":true,"href":"http:\/\/klubmamgdynia.pl\/index.php\/wp-json\/wp\/v2\/comments?post=3878"}],"wp:featuredmedia":[{"embeddable":true,"href":"http:\/\/klubmamgdynia.pl\/index.php\/wp-json\/wp\/v2\/media\/3879"}],"wp:attachment":[{"href":"http:\/\/klubmamgdynia.pl\/index.php\/wp-json\/wp\/v2\/media?parent=3878"}],"wp:term":[{"taxonomy":"product_cat","embeddable":true,"href":"http:\/\/klubmamgdynia.pl\/index.php\/wp-json\/wp\/v2\/product_cat?post=3878"},{"taxonomy":"product_tag","embeddable":true,"href":"http:\/\/klubmamgdynia.pl\/index.php\/wp-json\/wp\/v2\/product_tag?post=3878"}],"curies":[{"name":"wp","href":"https:\/\/api.w.org\/{rel}","templated":true}]}}