{"id":3880,"date":"2012-02-23T12:37:25","date_gmt":"2012-02-23T11:37:25","guid":{"rendered":"http:\/\/klubmamgdynia.pl\/index.php\/produkt\/koma-pielucha-tetrowa-dekorowana-niebieskie-slonie\/"},"modified":"2026-04-29T17:57:47","modified_gmt":"2026-04-29T15:57:47","slug":"koma-pielucha-tetrowa-dekorowana-niebieskie-slonie","status":"publish","type":"product","link":"http:\/\/klubmamgdynia.pl\/index.php\/produkt\/koma-pielucha-tetrowa-dekorowana-niebieskie-slonie\/","title":{"rendered":"Koma Pielucha Tetrowa Dekorowana Niebieskie S\u0142onie"},"content":{"rendered":"<p>Domy\u015blny opis kr\u00f3tki<\/p>\n<h2>Koma Pielucha Tetrowa Dekorowana Niebieskie S\u0142onie KOMA<\/h2>\n<p>kolorowanki patriotyczne symbole narodowe kolorowanka, czapka g\u00f3rnika kolorowanka, zagadki dla nastolatk\u00f3w, najrzadsze imiona w polsce, co na roczek, znaczenie imienia milan, bajki do czytania dla dzieci, leonardo imie<\/p>\n<p>yyyyy<\/p>\n<p>&nbsp;<\/p>\n","protected":false},"excerpt":{"rendered":"<p>Domy\u015blny opis kr\u00f3tki Koma Pielucha Tetrowa Dekorowana Niebieskie S\u0142onie KOMA kolorowanki patriotyczne symbole narodowe kolorowanka, czapka g\u00f3rnika kolorowanka, zagadki dla nastolatk\u00f3w, najrzadsze imiona w polsce, co na roczek, znaczenie imienia milan, bajki do czytania dla dzieci, leonardo imie yyyyy &nbsp;<\/p>\n","protected":false},"featured_media":3881,"comment_status":"closed","ping_status":"open","template":"","meta":[],"product_cat":[1128,17],"product_tag":[716,775,688,822],"class_list":["post-3880","product","type-product","status-publish","has-post-thumbnail","hentry","product_cat-koma","product_cat-pieluchy","product_tag-filmy-animowane-o-swietach","product_tag-kolorowanki-do-druku-pokemon","product_tag-kolysanki-tekst","product_tag-wierszyki-o-wakacjach-krotkie"],"_links":{"self":[{"href":"http:\/\/klubmamgdynia.pl\/index.php\/wp-json\/wp\/v2\/product\/3880","targetHints":{"allow":["GET"]}}],"collection":[{"href":"http:\/\/klubmamgdynia.pl\/index.php\/wp-json\/wp\/v2\/product"}],"about":[{"href":"http:\/\/klubmamgdynia.pl\/index.php\/wp-json\/wp\/v2\/types\/product"}],"replies":[{"embeddable":true,"href":"http:\/\/klubmamgdynia.pl\/index.php\/wp-json\/wp\/v2\/comments?post=3880"}],"wp:featuredmedia":[{"embeddable":true,"href":"http:\/\/klubmamgdynia.pl\/index.php\/wp-json\/wp\/v2\/media\/3881"}],"wp:attachment":[{"href":"http:\/\/klubmamgdynia.pl\/index.php\/wp-json\/wp\/v2\/media?parent=3880"}],"wp:term":[{"taxonomy":"product_cat","embeddable":true,"href":"http:\/\/klubmamgdynia.pl\/index.php\/wp-json\/wp\/v2\/product_cat?post=3880"},{"taxonomy":"product_tag","embeddable":true,"href":"http:\/\/klubmamgdynia.pl\/index.php\/wp-json\/wp\/v2\/product_tag?post=3880"}],"curies":[{"name":"wp","href":"https:\/\/api.w.org\/{rel}","templated":true}]}}