{"id":3882,"date":"2015-01-12T06:02:18","date_gmt":"2015-01-12T05:02:18","guid":{"rendered":"http:\/\/klubmamgdynia.pl\/index.php\/produkt\/60-strzalek-do-nerf-n-strike-mega-naboje-amunicja-ab0604\/"},"modified":"2026-04-29T17:40:20","modified_gmt":"2026-04-29T15:40:20","slug":"60-strzalek-do-nerf-n-strike-mega-naboje-amunicja-ab0604","status":"publish","type":"product","link":"http:\/\/klubmamgdynia.pl\/index.php\/produkt\/60-strzalek-do-nerf-n-strike-mega-naboje-amunicja-ab0604\/","title":{"rendered":"60 Strza\u0142ek Do Nerf N-Strike Mega Naboje Amunicja Ab0604"},"content":{"rendered":"<p>60 strza\u0142ek do wyrzutni Nerf N-Strike MEGA<br \/>\nStrza\u0142ki Mega to nowa linia strza\u0142ek zapewniaj\u0105ca niesamowicie daleki zasi\u0119g wyrzutni\u0105 z serii Mega. Strza\u0142ki wykonane s\u0105 z lekkiej pianki z gumowymi czo\u0142em z dwoma otworami, dzi\u0119ki kt\u00f3rym \u015bwiszcz\u0105 w locie.<br \/>\nDoskona\u0142a zabawa dla ka\u017cdego ch\u0142opca<br \/>\nBezpieczne strza\u0142kiDla dzieci od 8 roku \u017cycia<br \/>\nWymiary strza\u0142ki: \u015brednica 2 cm, d\u0142ugo\u015b\u0107 9,5 cmKolor: czerwony<br \/>\nNIE POZW\u00d3L SI\u0118 Z\u0141APA\u0106 Z PUST\u0104 WYRZUTNI\u0104!<br \/>\nTo nie zabawa kiedy strza\u0142ki ko\u0144cz\u0105 si\u0119 w trakcie wa\u017cnego starcia. Nie daj si\u0119 z\u0142apa\u0107 z pust\u0105 wyrzutni\u0105! Kup charakterystyczne czerwone strza\u0142ki, za\u0142aduj swoj\u0105 wyrzutni\u0119 dodatkowymi strza\u0142kami i wracaj na pole bitwy.<br \/>\n\u00a0Zabawa ko\u0144czy si\u0119 wraz z amunicj\u0105, zadbaj by Twoje dziecko zawsze mia\u0142o jej pod dostatkiem.<\/p>\n<h2>60 Strza\u0142ek Do Nerf N-Strike Mega Naboje Amunicja Ab0604 <\/h2>\n<p>kolorowanka spongebob, \u0142atwe zagadki, kolorowanka spiderman, atrakcje dla dzieci trojmiasto, atrakcje dla dzieci warszawa, akademia pana kleksa test do druku, najrzadsze imiona w polsce, opisy rodzina<\/p>\n<p>yyyyy<\/p>\n<p>&nbsp;<\/p>\n","protected":false},"excerpt":{"rendered":"<p>60 strza\u0142ek do wyrzutni Nerf N-Strike MEGA Strza\u0142ki Mega to nowa linia strza\u0142ek zapewniaj\u0105ca niesamowicie daleki zasi\u0119g wyrzutni\u0105 z serii Mega. Strza\u0142ki wykonane s\u0105 z lekkiej pianki z gumowymi czo\u0142em z dwoma otworami, dzi\u0119ki kt\u00f3rym \u015bwiszcz\u0105 w locie. Doskona\u0142a zabawa dla ka\u017cdego ch\u0142opca Bezpieczne strza\u0142kiDla dzieci od 8 roku \u017cycia Wymiary strza\u0142ki: \u015brednica 2 cm, [&hellip;]<\/p>\n","protected":false},"featured_media":3883,"comment_status":"closed","ping_status":"open","template":"","meta":[],"product_cat":[40],"product_tag":[728,802,813,846,710],"class_list":["post-3882","product","type-product","status-publish","has-post-thumbnail","hentry","product_cat-zabawki-militarne","product_tag-bezwarunkowa-milosc-do-dziecka-cytaty","product_tag-co-kupic-dziewczynce-na-roczek","product_tag-krotkie-zagadki-matematyczne-z-odpowiedziami","product_tag-rysowanki","product_tag-zagadki-dla-dzieci-10-12-lat"],"_links":{"self":[{"href":"http:\/\/klubmamgdynia.pl\/index.php\/wp-json\/wp\/v2\/product\/3882","targetHints":{"allow":["GET"]}}],"collection":[{"href":"http:\/\/klubmamgdynia.pl\/index.php\/wp-json\/wp\/v2\/product"}],"about":[{"href":"http:\/\/klubmamgdynia.pl\/index.php\/wp-json\/wp\/v2\/types\/product"}],"replies":[{"embeddable":true,"href":"http:\/\/klubmamgdynia.pl\/index.php\/wp-json\/wp\/v2\/comments?post=3882"}],"wp:featuredmedia":[{"embeddable":true,"href":"http:\/\/klubmamgdynia.pl\/index.php\/wp-json\/wp\/v2\/media\/3883"}],"wp:attachment":[{"href":"http:\/\/klubmamgdynia.pl\/index.php\/wp-json\/wp\/v2\/media?parent=3882"}],"wp:term":[{"taxonomy":"product_cat","embeddable":true,"href":"http:\/\/klubmamgdynia.pl\/index.php\/wp-json\/wp\/v2\/product_cat?post=3882"},{"taxonomy":"product_tag","embeddable":true,"href":"http:\/\/klubmamgdynia.pl\/index.php\/wp-json\/wp\/v2\/product_tag?post=3882"}],"curies":[{"name":"wp","href":"https:\/\/api.w.org\/{rel}","templated":true}]}}