{"id":3884,"date":"2017-04-07T20:16:22","date_gmt":"2017-04-07T18:16:22","guid":{"rendered":"http:\/\/klubmamgdynia.pl\/index.php\/produkt\/berjuan-buty-80014-19-rozowy\/"},"modified":"2026-04-04T06:39:30","modified_gmt":"2026-04-04T04:39:30","slug":"berjuan-buty-80014-19-rozowy","status":"publish","type":"product","link":"http:\/\/klubmamgdynia.pl\/index.php\/produkt\/berjuan-buty-80014-19-rozowy\/","title":{"rendered":"Berjuan Buty 80014-19 R\u00f3\u017cowy"},"content":{"rendered":"<p>Dzieci zas\u0142uguj\u0105 na to co najlepsze, dlatego przedstawiamy Ci Buty Berjuan 80014-19 R\u00f3\u017cowy, idealny dla tych, kt\u00f3rzy szukaj\u0105 produkt\u00f3w wysokiej jako\u015bci dla dzieci! Zdob\u0105d\u017a Berjuan w najlepszych cenach!Zalecany Wiek: + 3 latZasilana bateriami: NieWymagany monta\u017c: NieRodzaj: LalkiKolor: R\u00f3\u017cowyWielokolorowy<\/p>\n<h2>Berjuan Buty 80014-19 R\u00f3\u017cowy Berjuan<\/h2>\n<p>filmy rodzinne na halloween, kajko i kokosz szko\u0142a latania test z odpowiedziami, imiona dla dzieci 2019, quizy dla dzieci 10 lat, quizy flagi, prezent na roczek dla dziewczynki, prezent dla m\u0142odzie\u017cy, roczek dziewczynki, zagadki co to jest<\/p>\n<p>yyyyy<\/p>\n<p>&nbsp;<\/p>\n","protected":false},"excerpt":{"rendered":"<p>Dzieci zas\u0142uguj\u0105 na to co najlepsze, dlatego przedstawiamy Ci Buty Berjuan 80014-19 R\u00f3\u017cowy, idealny dla tych, kt\u00f3rzy szukaj\u0105 produkt\u00f3w wysokiej jako\u015bci dla dzieci! Zdob\u0105d\u017a Berjuan w najlepszych cenach!Zalecany Wiek: + 3 latZasilana bateriami: NieWymagany monta\u017c: NieRodzaj: LalkiKolor: R\u00f3\u017cowyWielokolorowy Berjuan Buty 80014-19 R\u00f3\u017cowy Berjuan filmy rodzinne na halloween, kajko i kokosz szko\u0142a latania test z odpowiedziami, [&hellip;]<\/p>\n","protected":false},"featured_media":3885,"comment_status":"closed","ping_status":"open","template":"","meta":[],"product_cat":[943,50],"product_tag":[702,688,729,643],"class_list":["post-3884","product","type-product","status-publish","has-post-thumbnail","hentry","product_cat-berjuan","product_cat-ubranka-i-buty-dla-lalek","product_tag-co-kupic-na-roczek-dla-dziewczynki","product_tag-kolysanki-tekst","product_tag-madre-bajki-dla-dzieci-do-czytania","product_tag-prezent-dla-17-latki"],"_links":{"self":[{"href":"http:\/\/klubmamgdynia.pl\/index.php\/wp-json\/wp\/v2\/product\/3884","targetHints":{"allow":["GET"]}}],"collection":[{"href":"http:\/\/klubmamgdynia.pl\/index.php\/wp-json\/wp\/v2\/product"}],"about":[{"href":"http:\/\/klubmamgdynia.pl\/index.php\/wp-json\/wp\/v2\/types\/product"}],"replies":[{"embeddable":true,"href":"http:\/\/klubmamgdynia.pl\/index.php\/wp-json\/wp\/v2\/comments?post=3884"}],"wp:featuredmedia":[{"embeddable":true,"href":"http:\/\/klubmamgdynia.pl\/index.php\/wp-json\/wp\/v2\/media\/3885"}],"wp:attachment":[{"href":"http:\/\/klubmamgdynia.pl\/index.php\/wp-json\/wp\/v2\/media?parent=3884"}],"wp:term":[{"taxonomy":"product_cat","embeddable":true,"href":"http:\/\/klubmamgdynia.pl\/index.php\/wp-json\/wp\/v2\/product_cat?post=3884"},{"taxonomy":"product_tag","embeddable":true,"href":"http:\/\/klubmamgdynia.pl\/index.php\/wp-json\/wp\/v2\/product_tag?post=3884"}],"curies":[{"name":"wp","href":"https:\/\/api.w.org\/{rel}","templated":true}]}}